{"id":25432,"date":"2026-03-27T09:27:13","date_gmt":"2026-03-27T07:27:13","guid":{"rendered":"https:\/\/colligatum.com\/?post_type=product&#038;p=25432"},"modified":"2026-03-31T09:34:17","modified_gmt":"2026-03-31T07:34:17","slug":"corner-silver","status":"publish","type":"product","link":"https:\/\/colligatum.com\/en\/product\/corner-silver\/","title":{"rendered":"CORNER &quot;Silver&quot;\u201e"},"content":{"rendered":"<p data-start=\"165\" data-end=\"764\">Apra\u0161ymas: \u0160is CORNER \u201eSilver\u201c cigare\u010di\u0173 pakelis pasi\u017eymi \u0161viesiu, sidabrin\u0117s spalvos dizainu su subtilia m\u0117lyna juosta per vidurin\u0119 dal\u012f ir minimalistiniu i\u0161d\u0117stymu. Priekin\u0117je dalyje i\u0161ry\u0161kintas \u201eCORNER\u201c logotipas bei u\u017era\u0161as \u201eInternational Filter Cigarettes\u201c. Sidabrin\u0117 spalva paprastai siejama su lengvesnio skonio (\u201elight\u201c) segmentu. Pakelis skirtas Latvijos rinkai, k\u0105 patvirtina latvi\u0161ki sveikatos \u012fsp\u0117jimai ir akcizo banderol\u0117. Dizainas b\u016bdingas ekonomin\u0117s klas\u0117s produktams, orientuotiems \u012f paprastum\u0105 ir funkcionalum\u0105. Pakelis i\u0161laik\u0119s tvarking\u0105 form\u0105, spalvos ry\u0161kios, pl\u0117vel\u0117 nepa\u017eeista.<\/p>\n<p data-start=\"768\" data-end=\"787\">Value assessment:<\/p>\n<p data-start=\"791\" data-end=\"933\">Kolekcin\u0117 vert\u0117: Vidutin\u0117\u2013\u017eemesn\u0117, ta\u010diau \u0161iek tiek \u012fdomesn\u0117 kolekcionieriams d\u0117l spalvinio varianto (\u201eSilver\u201c) ir Latvijos rinkos specifikos.<\/p>\n<p data-start=\"935\" data-end=\"1032\">B\u016bkl\u0117s vertinimas: Neatidarytas, labai gera b\u016bkl\u0117, su originalia pl\u0117vele ir nepa\u017eeista banderole.<\/p>\n<p data-start=\"1034\" data-end=\"1278\">Istoriniai duomenys: ir populiarumas: CORNER buvo pla\u010diai paplit\u0119s ekonomin\u0117s klas\u0117s prek\u0117s \u017eenklas Baltijos \u0161alyse. \u201eSilver\u201c variantas papildo serijos \u012fvairov\u0119 ir da\u017eniausiai renkamas kartu su kitais spalviniais variantais (Red, Blue ir pan.).<\/p>","protected":false},"excerpt":{"rendered":"<p data-start=\"0\" data-end=\"46\">Prek\u0117s \u017eenklas ir pavadinimas: CORNER &#8222;Silver&#8221;<\/p>\n<p data-start=\"48\" data-end=\"67\">Size: 20 cigarettes<\/p>\n<p data-start=\"69\" data-end=\"90\">Country of manufacture: Estonia<\/p>\n<p data-start=\"92\" data-end=\"130\">Gamybos laikotarpis: apie 2000\u20132010 m.<\/p>\n<p data-start=\"132\" data-end=\"161\">Package type: Hard package<\/p>","protected":false},"featured_media":25378,"template":"","meta":{"_surecart_dashboard_logo_width":"180px","_surecart_dashboard_show_logo":true,"_surecart_dashboard_navigation_orders":true,"_surecart_dashboard_navigation_invoices":true,"_surecart_dashboard_navigation_subscriptions":true,"_surecart_dashboard_navigation_downloads":true,"_surecart_dashboard_navigation_billing":true,"_surecart_dashboard_navigation_account":true,"site-sidebar-layout":"default","site-content-layout":"","ast-site-content-layout":"default","site-content-style":"default","site-sidebar-style":"default","ast-global-header-display":"","ast-banner-title-visibility":"","ast-main-header-display":"","ast-hfb-above-header-display":"","ast-hfb-below-header-display":"","ast-hfb-mobile-header-display":"","site-post-title":"","ast-breadcrumbs-content":"","ast-featured-img":"","footer-sml-layout":"","theme-transparent-header-meta":"default","adv-header-id-meta":"","stick-header-meta":"","header-above-stick-meta":"","header-main-stick-meta":"","header-below-stick-meta":"","astra-migrate-meta-layouts":"set","ast-page-background-enabled":"default","ast-page-background-meta":{"desktop":{"background-color":"","background-image":"","background-repeat":"repeat","background-position":"center center","background-size":"auto","background-attachment":"scroll","background-type":"","background-media":"","overlay-type":"","overlay-color":"","overlay-opacity":"","overlay-gradient":""},"tablet":{"background-color":"","background-image":"","background-repeat":"repeat","background-position":"center center","background-size":"auto","background-attachment":"scroll","background-type":"","background-media":"","overlay-type":"","overlay-color":"","overlay-opacity":"","overlay-gradient":""},"mobile":{"background-color":"","background-image":"","background-repeat":"repeat","background-position":"center center","background-size":"auto","background-attachment":"scroll","background-type":"","background-media":"","overlay-type":"","overlay-color":"","overlay-opacity":"","overlay-gradient":""}},"ast-content-background-meta":{"desktop":{"background-color":"var(--ast-global-color-5)","background-image":"","background-repeat":"repeat","background-position":"center center","background-size":"auto","background-attachment":"scroll","background-type":"","background-media":"","overlay-type":"","overlay-color":"","overlay-opacity":"","overlay-gradient":""},"tablet":{"background-color":"var(--ast-global-color-5)","background-image":"","background-repeat":"repeat","background-position":"center center","background-size":"auto","background-attachment":"scroll","background-type":"","background-media":"","overlay-type":"","overlay-color":"","overlay-opacity":"","overlay-gradient":""},"mobile":{"background-color":"var(--ast-global-color-5)","background-image":"","background-repeat":"repeat","background-position":"center center","background-size":"auto","background-attachment":"scroll","background-type":"","background-media":"","overlay-type":"","overlay-color":"","overlay-opacity":"","overlay-gradient":""}}},"product_brand":[],"product_cat":[146],"product_tag":[],"class_list":{"0":"post-25432","1":"product","2":"type-product","3":"status-publish","4":"has-post-thumbnail","6":"product_cat-estonia","7":"desktop-align-left","8":"tablet-align-left","9":"mobile-align-left","11":"first","12":"outofstock","13":"sale","14":"shipping-taxable","15":"purchasable","16":"product-type-simple","17":"add-to-wishlist-before_image"},"_links":{"self":[{"href":"https:\/\/colligatum.com\/en\/wp-json\/wp\/v2\/product\/25432","targetHints":{"allow":["GET"]}}],"collection":[{"href":"https:\/\/colligatum.com\/en\/wp-json\/wp\/v2\/product"}],"about":[{"href":"https:\/\/colligatum.com\/en\/wp-json\/wp\/v2\/types\/product"}],"version-history":[{"count":1,"href":"https:\/\/colligatum.com\/en\/wp-json\/wp\/v2\/product\/25432\/revisions"}],"predecessor-version":[{"id":25433,"href":"https:\/\/colligatum.com\/en\/wp-json\/wp\/v2\/product\/25432\/revisions\/25433"}],"wp:featuredmedia":[{"embeddable":true,"href":"https:\/\/colligatum.com\/en\/wp-json\/wp\/v2\/media\/25378"}],"wp:attachment":[{"href":"https:\/\/colligatum.com\/en\/wp-json\/wp\/v2\/media?parent=25432"}],"wp:term":[{"taxonomy":"product_brand","embeddable":true,"href":"https:\/\/colligatum.com\/en\/wp-json\/wp\/v2\/product_brand?post=25432"},{"taxonomy":"product_cat","embeddable":true,"href":"https:\/\/colligatum.com\/en\/wp-json\/wp\/v2\/product_cat?post=25432"},{"taxonomy":"product_tag","embeddable":true,"href":"https:\/\/colligatum.com\/en\/wp-json\/wp\/v2\/product_tag?post=25432"}],"curies":[{"name":"wp","href":"https:\/\/api.w.org\/{rel}","templated":true}]}}