{"id":25535,"date":"2026-03-28T07:41:09","date_gmt":"2026-03-28T05:41:09","guid":{"rendered":"https:\/\/colligatum.com\/?post_type=product&#038;p=25535"},"modified":"2026-03-28T07:43:21","modified_gmt":"2026-03-28T05:43:21","slug":"mistral","status":"publish","type":"product","link":"https:\/\/colligatum.com\/en\/product\/mistral\/","title":{"rendered":"Mistral"},"content":{"rendered":"<p data-start=\"177\" data-end=\"721\"><strong data-start=\"177\" data-end=\"191\">Description:<\/strong><br data-start=\"191\" data-end=\"194\" \/>\u0160is \u201eMistral\u201c cigare\u010di\u0173 pakelis pasi\u017eymi labai \u0161variu ir minimalistiniu dizainu, kuriame dominuoja balta spalva bei plona, stilizuota raudona linija, imituojanti d\u016bm\u0173 form\u0105. Pavadinimas \u201eMistral\u201c pateiktas eleganti\u0161ku serifiniu \u0161riftu, kuris suteikia pakeliui subtilios klasikos poj\u016bt\u012f. Dizainas ai\u0161kiai atspindi pereinam\u0105j\u012f laikotarp\u012f tarp senesni\u0173 ir modernesni\u0173 pakeli\u0173, kai dar nebuvo dominuojan\u010di\u0173 dideli\u0173 grafini\u0173 \u012fsp\u0117jim\u0173. Lietuvi\u0161ki \u012fsp\u0117jimai ir senesnio tipo akcizo \u017eenklas rodo vietin\u0119 rink\u0105 bei ankstesn\u012f laikotarp\u012f.<\/p>\n<hr data-start=\"723\" data-end=\"726\" \/>\n<p data-start=\"728\" data-end=\"751\"><strong data-start=\"728\" data-end=\"751\">Value assessment:<\/strong><\/p>\n<p data-start=\"753\" data-end=\"914\"><strong data-start=\"753\" data-end=\"773\">Collectible value:<\/strong> Vidutin\u0117\u2013auk\u0161tesn\u0117, nes tai senesnio laikotarpio pakelis su minimalistiniu dizainu, kuris \u0161iandien sutinkamas re\u010diau nei modern\u016bs variantai.<\/p>\n<p data-start=\"916\" data-end=\"1023\"><strong data-start=\"916\" data-end=\"938\">Condition assessment:<\/strong> Neatidarytas, gera b\u016bkl\u0117 (matomi laikymo ir am\u017eiaus p\u0117dsakai, lengvi susiglam\u017eymai).<\/p>\n<p data-start=\"1025\" data-end=\"1272\"><strong data-start=\"1025\" data-end=\"1065\">Historical data and popularity:<\/strong> \u201eMistral\u201c n\u0117ra pla\u010diai \u017einomas tarptautinis prek\u0117s \u017eenklas, ta\u010diau senesni minimalistinio dizaino pakeliai i\u0161 Lietuvos rinkos tampa vis \u012fdomesni kolekcionieriams, ypa\u010d d\u0117l laikotarpio ir dizaino paprastumo.<\/p>","protected":false},"excerpt":{"rendered":"<p data-start=\"0\" data-end=\"42\"><strong data-start=\"0\" data-end=\"34\">Brand and name:<\/strong> Mistral<\/p>\n<p data-start=\"44\" data-end=\"67\"><strong data-start=\"44\" data-end=\"54\">Size:<\/strong> 20 cigarettes<\/p>\n<p data-start=\"69\" data-end=\"95\"><strong data-start=\"69\" data-end=\"87\">Country of manufacture:<\/strong> Lithuania<\/p>\n<p data-start=\"97\" data-end=\"135\"><strong data-start=\"97\" data-end=\"121\">Production period:<\/strong> ~1995\u20132005.<\/p>\n<p data-start=\"137\" data-end=\"170\"><strong data-start=\"137\" data-end=\"155\">Package type:<\/strong> Hard pack<\/p>","protected":false},"featured_media":25479,"template":"","meta":{"_surecart_dashboard_logo_width":"180px","_surecart_dashboard_show_logo":true,"_surecart_dashboard_navigation_orders":true,"_surecart_dashboard_navigation_invoices":true,"_surecart_dashboard_navigation_subscriptions":true,"_surecart_dashboard_navigation_downloads":true,"_surecart_dashboard_navigation_billing":true,"_surecart_dashboard_navigation_account":true,"site-sidebar-layout":"default","site-content-layout":"","ast-site-content-layout":"default","site-content-style":"default","site-sidebar-style":"default","ast-global-header-display":"","ast-banner-title-visibility":"","ast-main-header-display":"","ast-hfb-above-header-display":"","ast-hfb-below-header-display":"","ast-hfb-mobile-header-display":"","site-post-title":"","ast-breadcrumbs-content":"","ast-featured-img":"","footer-sml-layout":"","theme-transparent-header-meta":"default","adv-header-id-meta":"","stick-header-meta":"","header-above-stick-meta":"","header-main-stick-meta":"","header-below-stick-meta":"","astra-migrate-meta-layouts":"set","ast-page-background-enabled":"default","ast-page-background-meta":{"desktop":{"background-color":"","background-image":"","background-repeat":"repeat","background-position":"center center","background-size":"auto","background-attachment":"scroll","background-type":"","background-media":"","overlay-type":"","overlay-color":"","overlay-opacity":"","overlay-gradient":""},"tablet":{"background-color":"","background-image":"","background-repeat":"repeat","background-position":"center center","background-size":"auto","background-attachment":"scroll","background-type":"","background-media":"","overlay-type":"","overlay-color":"","overlay-opacity":"","overlay-gradient":""},"mobile":{"background-color":"","background-image":"","background-repeat":"repeat","background-position":"center center","background-size":"auto","background-attachment":"scroll","background-type":"","background-media":"","overlay-type":"","overlay-color":"","overlay-opacity":"","overlay-gradient":""}},"ast-content-background-meta":{"desktop":{"background-color":"var(--ast-global-color-5)","background-image":"","background-repeat":"repeat","background-position":"center center","background-size":"auto","background-attachment":"scroll","background-type":"","background-media":"","overlay-type":"","overlay-color":"","overlay-opacity":"","overlay-gradient":""},"tablet":{"background-color":"var(--ast-global-color-5)","background-image":"","background-repeat":"repeat","background-position":"center center","background-size":"auto","background-attachment":"scroll","background-type":"","background-media":"","overlay-type":"","overlay-color":"","overlay-opacity":"","overlay-gradient":""},"mobile":{"background-color":"var(--ast-global-color-5)","background-image":"","background-repeat":"repeat","background-position":"center center","background-size":"auto","background-attachment":"scroll","background-type":"","background-media":"","overlay-type":"","overlay-color":"","overlay-opacity":"","overlay-gradient":""}}},"product_brand":[],"product_cat":[85],"product_tag":[],"class_list":{"0":"post-25535","1":"product","2":"type-product","3":"status-publish","4":"has-post-thumbnail","6":"product_cat-lithuania","7":"desktop-align-left","8":"tablet-align-left","9":"mobile-align-left","11":"first","12":"instock","13":"sale","14":"shipping-taxable","15":"purchasable","16":"product-type-simple","17":"add-to-wishlist-before_image"},"_links":{"self":[{"href":"https:\/\/colligatum.com\/en\/wp-json\/wp\/v2\/product\/25535","targetHints":{"allow":["GET"]}}],"collection":[{"href":"https:\/\/colligatum.com\/en\/wp-json\/wp\/v2\/product"}],"about":[{"href":"https:\/\/colligatum.com\/en\/wp-json\/wp\/v2\/types\/product"}],"version-history":[{"count":1,"href":"https:\/\/colligatum.com\/en\/wp-json\/wp\/v2\/product\/25535\/revisions"}],"predecessor-version":[{"id":25536,"href":"https:\/\/colligatum.com\/en\/wp-json\/wp\/v2\/product\/25535\/revisions\/25536"}],"wp:featuredmedia":[{"embeddable":true,"href":"https:\/\/colligatum.com\/en\/wp-json\/wp\/v2\/media\/25479"}],"wp:attachment":[{"href":"https:\/\/colligatum.com\/en\/wp-json\/wp\/v2\/media?parent=25535"}],"wp:term":[{"taxonomy":"product_brand","embeddable":true,"href":"https:\/\/colligatum.com\/en\/wp-json\/wp\/v2\/product_brand?post=25535"},{"taxonomy":"product_cat","embeddable":true,"href":"https:\/\/colligatum.com\/en\/wp-json\/wp\/v2\/product_cat?post=25535"},{"taxonomy":"product_tag","embeddable":true,"href":"https:\/\/colligatum.com\/en\/wp-json\/wp\/v2\/product_tag?post=25535"}],"curies":[{"name":"wp","href":"https:\/\/api.w.org\/{rel}","templated":true}]}}