{"id":25595,"date":"2026-03-28T08:19:28","date_gmt":"2026-03-28T06:19:28","guid":{"rendered":"https:\/\/colligatum.com\/?post_type=product&#038;p=25595"},"modified":"2026-04-11T10:30:57","modified_gmt":"2026-04-11T08:30:57","slug":"wall-street-sky","status":"publish","type":"product","link":"https:\/\/colligatum.com\/en\/product\/wall-street-sky\/","title":{"rendered":"Wall Street Sky"},"content":{"rendered":"<p data-start=\"187\" data-end=\"697\"><strong data-start=\"187\" data-end=\"201\">Description:<\/strong><br data-start=\"201\" data-end=\"204\" \/>\u0160is \u201eWall Street Sky\u201c cigare\u010di\u0173 pakelis pasi\u017eymi \u0161viesiu ir gaiviu dizainu, kuriame dominuoja balta spalva su \u0161velniu m\u0117lynu gradientu. Priekin\u0117je dalyje i\u0161laikytas b\u016bdingas \u201eV\u201c formos grafinis elementas bei herbas, suteikiantis pakeliui ai\u0161k\u0173 identitet\u0105. \u201eSky\u201c variantas vizualiai perteikia lengvumo ir \u0161velnumo \u012fsp\u016bd\u012f, b\u016bding\u0105 lengvesni\u0173 cigare\u010di\u0173 segmentui. Dizainas minimalistinis, ta\u010diau esteti\u0161kai subalansuotas. Lietuvi\u0161ki sveikatos \u012fsp\u0117jimai ir akcizo \u017eenklas patvirtina vietin\u0119 rink\u0105.<\/p>\n<hr data-start=\"699\" data-end=\"702\" \/>\n<p data-start=\"704\" data-end=\"727\"><strong data-start=\"704\" data-end=\"727\">Value assessment:<\/strong><\/p>\n<p data-start=\"729\" data-end=\"903\"><strong data-start=\"729\" data-end=\"749\">Collectible value:<\/strong> Vidutin\u0117, nes tai vienas i\u0161 pagrindini\u0173 serijos variant\u0173, ta\u010diau skirtingos \u012fsp\u0117jim\u0173 versijos ir akcizo tipai gali tur\u0117ti papildomos kolekcin\u0117s reik\u0161m\u0117s.<\/p>\n<p data-start=\"905\" data-end=\"981\"><strong data-start=\"905\" data-end=\"927\">Condition assessment:<\/strong> Neatidarytas, gera b\u016bkl\u0117 (nedideli laikymo p\u0117dsakai).<\/p>\n<p data-start=\"983\" data-end=\"1223\"><strong data-start=\"983\" data-end=\"1023\">Historical data and popularity:<\/strong> \u201eWall Street\u201c pakeliai n\u0117ra itin pla\u010diai kolekcionuojami, ta\u010diau skirtingi dizaino ir rinkos variantai yra aktual\u016bs renkant piln\u0105 serij\u0105. \u201eSky\u201c yra vienas i\u0161 labiau atpa\u017e\u012fstam\u0173 \u0161ios linijos variant\u0173.<\/p>","protected":false},"excerpt":{"rendered":"<p data-start=\"0\" data-end=\"52\"><strong data-start=\"0\" data-end=\"34\">Brand and name:<\/strong> Wall Street &#8222;Sky&#8221;<\/p>\n<p data-start=\"54\" data-end=\"77\"><strong data-start=\"54\" data-end=\"64\">Size:<\/strong> 20 cigarettes<\/p>\n<p data-start=\"79\" data-end=\"105\"><strong data-start=\"79\" data-end=\"97\">Country of manufacture:<\/strong> Lithuania<\/p>\n<p data-start=\"107\" data-end=\"145\"><strong data-start=\"107\" data-end=\"131\">Production period:<\/strong> ~2005\u20132015.<\/p>\n<p data-start=\"147\" data-end=\"180\"><strong data-start=\"147\" data-end=\"165\">Package type:<\/strong> Hard pack<\/p>","protected":false},"featured_media":26576,"template":"","meta":{"_surecart_dashboard_logo_width":"180px","_surecart_dashboard_show_logo":true,"_surecart_dashboard_navigation_orders":true,"_surecart_dashboard_navigation_invoices":true,"_surecart_dashboard_navigation_subscriptions":true,"_surecart_dashboard_navigation_downloads":true,"_surecart_dashboard_navigation_billing":true,"_surecart_dashboard_navigation_account":true,"site-sidebar-layout":"default","site-content-layout":"","ast-site-content-layout":"default","site-content-style":"default","site-sidebar-style":"default","ast-global-header-display":"","ast-banner-title-visibility":"","ast-main-header-display":"","ast-hfb-above-header-display":"","ast-hfb-below-header-display":"","ast-hfb-mobile-header-display":"","site-post-title":"","ast-breadcrumbs-content":"","ast-featured-img":"","footer-sml-layout":"","theme-transparent-header-meta":"default","adv-header-id-meta":"","stick-header-meta":"","header-above-stick-meta":"","header-main-stick-meta":"","header-below-stick-meta":"","astra-migrate-meta-layouts":"set","ast-page-background-enabled":"default","ast-page-background-meta":{"desktop":{"background-color":"","background-image":"","background-repeat":"repeat","background-position":"center center","background-size":"auto","background-attachment":"scroll","background-type":"","background-media":"","overlay-type":"","overlay-color":"","overlay-opacity":"","overlay-gradient":""},"tablet":{"background-color":"","background-image":"","background-repeat":"repeat","background-position":"center center","background-size":"auto","background-attachment":"scroll","background-type":"","background-media":"","overlay-type":"","overlay-color":"","overlay-opacity":"","overlay-gradient":""},"mobile":{"background-color":"","background-image":"","background-repeat":"repeat","background-position":"center center","background-size":"auto","background-attachment":"scroll","background-type":"","background-media":"","overlay-type":"","overlay-color":"","overlay-opacity":"","overlay-gradient":""}},"ast-content-background-meta":{"desktop":{"background-color":"var(--ast-global-color-5)","background-image":"","background-repeat":"repeat","background-position":"center center","background-size":"auto","background-attachment":"scroll","background-type":"","background-media":"","overlay-type":"","overlay-color":"","overlay-opacity":"","overlay-gradient":""},"tablet":{"background-color":"var(--ast-global-color-5)","background-image":"","background-repeat":"repeat","background-position":"center center","background-size":"auto","background-attachment":"scroll","background-type":"","background-media":"","overlay-type":"","overlay-color":"","overlay-opacity":"","overlay-gradient":""},"mobile":{"background-color":"var(--ast-global-color-5)","background-image":"","background-repeat":"repeat","background-position":"center center","background-size":"auto","background-attachment":"scroll","background-type":"","background-media":"","overlay-type":"","overlay-color":"","overlay-opacity":"","overlay-gradient":""}}},"product_brand":[],"product_cat":[85],"product_tag":[],"class_list":{"0":"post-25595","1":"product","2":"type-product","3":"status-publish","4":"has-post-thumbnail","6":"product_cat-lithuania","7":"desktop-align-left","8":"tablet-align-left","9":"mobile-align-left","11":"first","12":"instock","13":"sale","14":"shipping-taxable","15":"purchasable","16":"product-type-simple","17":"add-to-wishlist-before_image"},"_links":{"self":[{"href":"https:\/\/colligatum.com\/en\/wp-json\/wp\/v2\/product\/25595","targetHints":{"allow":["GET"]}}],"collection":[{"href":"https:\/\/colligatum.com\/en\/wp-json\/wp\/v2\/product"}],"about":[{"href":"https:\/\/colligatum.com\/en\/wp-json\/wp\/v2\/types\/product"}],"version-history":[{"count":2,"href":"https:\/\/colligatum.com\/en\/wp-json\/wp\/v2\/product\/25595\/revisions"}],"predecessor-version":[{"id":26583,"href":"https:\/\/colligatum.com\/en\/wp-json\/wp\/v2\/product\/25595\/revisions\/26583"}],"wp:featuredmedia":[{"embeddable":true,"href":"https:\/\/colligatum.com\/en\/wp-json\/wp\/v2\/media\/26576"}],"wp:attachment":[{"href":"https:\/\/colligatum.com\/en\/wp-json\/wp\/v2\/media?parent=25595"}],"wp:term":[{"taxonomy":"product_brand","embeddable":true,"href":"https:\/\/colligatum.com\/en\/wp-json\/wp\/v2\/product_brand?post=25595"},{"taxonomy":"product_cat","embeddable":true,"href":"https:\/\/colligatum.com\/en\/wp-json\/wp\/v2\/product_cat?post=25595"},{"taxonomy":"product_tag","embeddable":true,"href":"https:\/\/colligatum.com\/en\/wp-json\/wp\/v2\/product_tag?post=25595"}],"curies":[{"name":"wp","href":"https:\/\/api.w.org\/{rel}","templated":true}]}}