{"id":25612,"date":"2026-03-28T08:31:15","date_gmt":"2026-03-28T06:31:15","guid":{"rendered":"https:\/\/colligatum.com\/?post_type=product&#038;p=25612"},"modified":"2026-04-11T10:29:00","modified_gmt":"2026-04-11T08:29:00","slug":"wall-street-silver-2","status":"publish","type":"product","link":"https:\/\/colligatum.com\/en\/product\/wall-street-silver-2\/","title":{"rendered":"Wall Street Silver"},"content":{"rendered":"<p data-start=\"190\" data-end=\"672\"><strong data-start=\"190\" data-end=\"204\">Description:<\/strong><br data-start=\"204\" data-end=\"207\" \/>\u0160is \u201eWall Street Silver\u201c cigare\u010di\u0173 pakelis pasi\u017eymi \u0161variu ir minimalistiniu dizainu, kuriame dominuoja \u0161vies\u016bs sidabriniai ir balti tonai su subtiliu pilk\u0161vai melsvu \u201eV\u201c formos elementu. \u201eSilver\u201c \u017eym\u0117jimas nurodo lengvesnio stiprumo segment\u0105. Dizainas i\u0161laiko visus b\u016bdingus \u201eWall Street\u201c serijos bruo\u017eus \u2013 ai\u0161k\u0173 logotip\u0105, centrin\u012f herb\u0105 ir subalansuot\u0105 kompozicij\u0105. Lietuvi\u0161ki sveikatos \u012fsp\u0117jimai ir akcizo \u017eenklas patvirtina, kad pakelis skirtas Lietuvos rinkai.<\/p>\n<hr data-start=\"674\" data-end=\"677\" \/>\n<p data-start=\"679\" data-end=\"702\"><strong data-start=\"679\" data-end=\"702\">Value assessment:<\/strong><\/p>\n<p data-start=\"704\" data-end=\"857\"><strong data-start=\"704\" data-end=\"724\">Collectible value:<\/strong> Vidutin\u0117, ta\u010diau \u0161iek tiek \u012fdomesn\u0117 d\u0117l retesnio \u012fsp\u0117jimo teksto (\u201eNor\u0117dami mesti r\u016bkyti\u2026\u201c), kuris ne visuose pakeliuose sutinkamas.<\/p>\n<p data-start=\"859\" data-end=\"942\"><strong data-start=\"859\" data-end=\"881\">Condition assessment:<\/strong> Neatidarytas, gera b\u016bkl\u0117 (matomi nedideli laikymo p\u0117dsakai).<\/p>\n<p data-start=\"944\" data-end=\"1177\"><strong data-start=\"944\" data-end=\"984\">Historical data and popularity:<\/strong> \u201eWall Street Silver\u201c yra vienas i\u0161 lengvesni\u0173 \u0161ios serijos variant\u0173, svarbus kolekcionuojant piln\u0105 linij\u0105. Skirtingi \u012fsp\u0117jim\u0173 tekstai ir akcizo variantai suteikia papildomo kolekcinio \u012fdomumo.<\/p>","protected":false},"excerpt":{"rendered":"<p data-start=\"0\" data-end=\"55\"><strong data-start=\"0\" data-end=\"34\">Brand and name:<\/strong> Wall Street &#8222;Silver&#8221;<\/p>\n<p data-start=\"57\" data-end=\"80\"><strong data-start=\"57\" data-end=\"67\">Size:<\/strong> 20 cigarettes<\/p>\n<p data-start=\"82\" data-end=\"108\"><strong data-start=\"82\" data-end=\"100\">Country of manufacture:<\/strong> Lithuania<\/p>\n<p data-start=\"110\" data-end=\"148\"><strong data-start=\"110\" data-end=\"134\">Production period:<\/strong> ~2005\u20132015.<\/p>\n<p data-start=\"150\" data-end=\"183\"><strong data-start=\"150\" data-end=\"168\">Package type:<\/strong> Hard pack<\/p>","protected":false},"featured_media":26580,"template":"","meta":{"_surecart_dashboard_logo_width":"180px","_surecart_dashboard_show_logo":true,"_surecart_dashboard_navigation_orders":true,"_surecart_dashboard_navigation_invoices":true,"_surecart_dashboard_navigation_subscriptions":true,"_surecart_dashboard_navigation_downloads":true,"_surecart_dashboard_navigation_billing":true,"_surecart_dashboard_navigation_account":true,"site-sidebar-layout":"default","site-content-layout":"","ast-site-content-layout":"default","site-content-style":"default","site-sidebar-style":"default","ast-global-header-display":"","ast-banner-title-visibility":"","ast-main-header-display":"","ast-hfb-above-header-display":"","ast-hfb-below-header-display":"","ast-hfb-mobile-header-display":"","site-post-title":"","ast-breadcrumbs-content":"","ast-featured-img":"","footer-sml-layout":"","theme-transparent-header-meta":"default","adv-header-id-meta":"","stick-header-meta":"","header-above-stick-meta":"","header-main-stick-meta":"","header-below-stick-meta":"","astra-migrate-meta-layouts":"set","ast-page-background-enabled":"default","ast-page-background-meta":{"desktop":{"background-color":"","background-image":"","background-repeat":"repeat","background-position":"center center","background-size":"auto","background-attachment":"scroll","background-type":"","background-media":"","overlay-type":"","overlay-color":"","overlay-opacity":"","overlay-gradient":""},"tablet":{"background-color":"","background-image":"","background-repeat":"repeat","background-position":"center center","background-size":"auto","background-attachment":"scroll","background-type":"","background-media":"","overlay-type":"","overlay-color":"","overlay-opacity":"","overlay-gradient":""},"mobile":{"background-color":"","background-image":"","background-repeat":"repeat","background-position":"center center","background-size":"auto","background-attachment":"scroll","background-type":"","background-media":"","overlay-type":"","overlay-color":"","overlay-opacity":"","overlay-gradient":""}},"ast-content-background-meta":{"desktop":{"background-color":"var(--ast-global-color-5)","background-image":"","background-repeat":"repeat","background-position":"center center","background-size":"auto","background-attachment":"scroll","background-type":"","background-media":"","overlay-type":"","overlay-color":"","overlay-opacity":"","overlay-gradient":""},"tablet":{"background-color":"var(--ast-global-color-5)","background-image":"","background-repeat":"repeat","background-position":"center center","background-size":"auto","background-attachment":"scroll","background-type":"","background-media":"","overlay-type":"","overlay-color":"","overlay-opacity":"","overlay-gradient":""},"mobile":{"background-color":"var(--ast-global-color-5)","background-image":"","background-repeat":"repeat","background-position":"center center","background-size":"auto","background-attachment":"scroll","background-type":"","background-media":"","overlay-type":"","overlay-color":"","overlay-opacity":"","overlay-gradient":""}}},"product_brand":[],"product_cat":[85],"product_tag":[],"class_list":{"0":"post-25612","1":"product","2":"type-product","3":"status-publish","4":"has-post-thumbnail","6":"product_cat-lithuania","7":"desktop-align-left","8":"tablet-align-left","9":"mobile-align-left","11":"first","12":"instock","13":"sale","14":"shipping-taxable","15":"purchasable","16":"product-type-simple","17":"add-to-wishlist-before_image"},"_links":{"self":[{"href":"https:\/\/colligatum.com\/en\/wp-json\/wp\/v2\/product\/25612","targetHints":{"allow":["GET"]}}],"collection":[{"href":"https:\/\/colligatum.com\/en\/wp-json\/wp\/v2\/product"}],"about":[{"href":"https:\/\/colligatum.com\/en\/wp-json\/wp\/v2\/types\/product"}],"version-history":[{"count":2,"href":"https:\/\/colligatum.com\/en\/wp-json\/wp\/v2\/product\/25612\/revisions"}],"predecessor-version":[{"id":26581,"href":"https:\/\/colligatum.com\/en\/wp-json\/wp\/v2\/product\/25612\/revisions\/26581"}],"wp:featuredmedia":[{"embeddable":true,"href":"https:\/\/colligatum.com\/en\/wp-json\/wp\/v2\/media\/26580"}],"wp:attachment":[{"href":"https:\/\/colligatum.com\/en\/wp-json\/wp\/v2\/media?parent=25612"}],"wp:term":[{"taxonomy":"product_brand","embeddable":true,"href":"https:\/\/colligatum.com\/en\/wp-json\/wp\/v2\/product_brand?post=25612"},{"taxonomy":"product_cat","embeddable":true,"href":"https:\/\/colligatum.com\/en\/wp-json\/wp\/v2\/product_cat?post=25612"},{"taxonomy":"product_tag","embeddable":true,"href":"https:\/\/colligatum.com\/en\/wp-json\/wp\/v2\/product_tag?post=25612"}],"curies":[{"name":"wp","href":"https:\/\/api.w.org\/{rel}","templated":true}]}}