{"id":25624,"date":"2026-03-28T09:13:43","date_gmt":"2026-03-28T07:13:43","guid":{"rendered":"https:\/\/colligatum.com\/?post_type=product&#038;p=25624"},"modified":"2026-03-31T17:34:44","modified_gmt":"2026-03-31T15:34:44","slug":"caines-lights-2","status":"publish","type":"product","link":"https:\/\/colligatum.com\/en\/product\/caines-lights-2\/","title":{"rendered":"CAINES Lights"},"content":{"rendered":"<p data-start=\"193\" data-end=\"518\"><strong data-start=\"193\" data-end=\"207\">Description:<\/strong><br data-start=\"207\" data-end=\"210\" \/>\u201eCAINES Lights\u201c pakelis i\u0161siskiria tuo, kad vietoje \u012fprasto minimalistinio ar abstraktaus dizaino naudojama reali fotografija \u2013 vaizduojama \u017emoni\u0173 kompanija prie stalo (socialin\u0117 scena). Tai gana b\u016bdinga pereinamajam laikotarpiui, kai cigare\u010di\u0173 pakuot\u0117se dar buvo leid\u017eiama naudoti \u201egyvenimo b\u016bdo\u201c vizualik\u0105.<\/p>\n<p data-start=\"520\" data-end=\"784\">Vir\u0161utin\u0117je dalyje \u2013 klasikinis prek\u0117s \u017eenklo u\u017era\u0161as \u201eCAINES Lights\u201c, o apa\u010dioje \u2013 lietuvi\u0161ki sveikatos \u012fsp\u0117jimai (\u201eTabakas labai kenkia sveikatai\u201c, \u201eR\u016bkymas kenkia aplinkini\u0173 sveikatai\u201c). Matomas lietuvi\u0161kas akcizo \u017eenklas, tod\u0117l pakelis skirtas Lietuvos rinkai.<\/p>\n<p data-start=\"786\" data-end=\"937\">Toks dizainas \u0161iandien laikomas \u012fdomesniu, nes v\u0117liau ES buvo u\u017edrausta naudoti patrauklius, su gyvenimo b\u016bdu susijusius vaizdus ant cigare\u010di\u0173 pakeli\u0173.<\/p>\n<hr data-start=\"939\" data-end=\"942\" \/>\n<p data-start=\"944\" data-end=\"967\"><strong data-start=\"944\" data-end=\"967\">Value assessment:<\/strong><\/p>\n<p data-start=\"969\" data-end=\"1054\"><strong data-start=\"969\" data-end=\"989\">Collectible value:<\/strong> Vidutin\u0117\u2013auk\u0161tesn\u0117 (d\u0117l nestandartinio dizaino su fotografija)<\/p>\n<p data-start=\"1056\" data-end=\"1180\"><strong data-start=\"1056\" data-end=\"1078\">Condition assessment:<\/strong> Pilnas, neatidarytas; celofanas su ry\u0161kesniais susirauk\u0161l\u0117jimais, bet pakelis i\u0161 esm\u0117s geros b\u016bkl\u0117s<\/p>\n<p data-start=\"1182\" data-end=\"1414\"><strong data-start=\"1182\" data-end=\"1222\">Historical data and popularity:<\/strong><br data-start=\"1222\" data-end=\"1225\" \/>\u201eCAINES\u201c buvo ma\u017eiau \u017einomas prek\u0117s \u017eenklas, ta\u010diau tokie \u201elifestyle\u201c tipo pakeliai \u0161iandien yra \u012fdomesni kolekcininkams d\u0117l savo i\u0161skirtinumo ir to, kad tokio tipo dizainai buvo u\u017edrausti.<\/p>","protected":false},"excerpt":{"rendered":"<p data-start=\"0\" data-end=\"50\"><strong data-start=\"0\" data-end=\"34\">Brand and name:<\/strong> CAINES Lights<\/p>\n<p data-start=\"52\" data-end=\"77\"><strong data-start=\"52\" data-end=\"62\">Size:<\/strong> 20 cigarettes<\/p>\n<p data-start=\"79\" data-end=\"107\"><strong data-start=\"79\" data-end=\"97\">Country of manufacture:<\/strong> Lithuania<\/p>\n<p data-start=\"109\" data-end=\"149\"><strong data-start=\"109\" data-end=\"133\">Production period:<\/strong> ~2000\u20132006 m.<\/p>\n<p data-start=\"151\" data-end=\"186\"><strong data-start=\"151\" data-end=\"169\">Package type:<\/strong> Hard pack<\/p>","protected":false},"featured_media":25581,"template":"","meta":{"_surecart_dashboard_logo_width":"180px","_surecart_dashboard_show_logo":true,"_surecart_dashboard_navigation_orders":true,"_surecart_dashboard_navigation_invoices":true,"_surecart_dashboard_navigation_subscriptions":true,"_surecart_dashboard_navigation_downloads":true,"_surecart_dashboard_navigation_billing":true,"_surecart_dashboard_navigation_account":true,"site-sidebar-layout":"default","site-content-layout":"","ast-site-content-layout":"default","site-content-style":"default","site-sidebar-style":"default","ast-global-header-display":"","ast-banner-title-visibility":"","ast-main-header-display":"","ast-hfb-above-header-display":"","ast-hfb-below-header-display":"","ast-hfb-mobile-header-display":"","site-post-title":"","ast-breadcrumbs-content":"","ast-featured-img":"","footer-sml-layout":"","theme-transparent-header-meta":"default","adv-header-id-meta":"","stick-header-meta":"","header-above-stick-meta":"","header-main-stick-meta":"","header-below-stick-meta":"","astra-migrate-meta-layouts":"set","ast-page-background-enabled":"default","ast-page-background-meta":{"desktop":{"background-color":"","background-image":"","background-repeat":"repeat","background-position":"center center","background-size":"auto","background-attachment":"scroll","background-type":"","background-media":"","overlay-type":"","overlay-color":"","overlay-opacity":"","overlay-gradient":""},"tablet":{"background-color":"","background-image":"","background-repeat":"repeat","background-position":"center center","background-size":"auto","background-attachment":"scroll","background-type":"","background-media":"","overlay-type":"","overlay-color":"","overlay-opacity":"","overlay-gradient":""},"mobile":{"background-color":"","background-image":"","background-repeat":"repeat","background-position":"center center","background-size":"auto","background-attachment":"scroll","background-type":"","background-media":"","overlay-type":"","overlay-color":"","overlay-opacity":"","overlay-gradient":""}},"ast-content-background-meta":{"desktop":{"background-color":"var(--ast-global-color-5)","background-image":"","background-repeat":"repeat","background-position":"center center","background-size":"auto","background-attachment":"scroll","background-type":"","background-media":"","overlay-type":"","overlay-color":"","overlay-opacity":"","overlay-gradient":""},"tablet":{"background-color":"var(--ast-global-color-5)","background-image":"","background-repeat":"repeat","background-position":"center center","background-size":"auto","background-attachment":"scroll","background-type":"","background-media":"","overlay-type":"","overlay-color":"","overlay-opacity":"","overlay-gradient":""},"mobile":{"background-color":"var(--ast-global-color-5)","background-image":"","background-repeat":"repeat","background-position":"center center","background-size":"auto","background-attachment":"scroll","background-type":"","background-media":"","overlay-type":"","overlay-color":"","overlay-opacity":"","overlay-gradient":""}}},"product_brand":[],"product_cat":[85],"product_tag":[],"class_list":{"0":"post-25624","1":"product","2":"type-product","3":"status-publish","4":"has-post-thumbnail","6":"product_cat-lithuania","7":"desktop-align-left","8":"tablet-align-left","9":"mobile-align-left","11":"first","12":"outofstock","13":"sale","14":"shipping-taxable","15":"purchasable","16":"product-type-simple","17":"add-to-wishlist-before_image"},"_links":{"self":[{"href":"https:\/\/colligatum.com\/en\/wp-json\/wp\/v2\/product\/25624","targetHints":{"allow":["GET"]}}],"collection":[{"href":"https:\/\/colligatum.com\/en\/wp-json\/wp\/v2\/product"}],"about":[{"href":"https:\/\/colligatum.com\/en\/wp-json\/wp\/v2\/types\/product"}],"version-history":[{"count":1,"href":"https:\/\/colligatum.com\/en\/wp-json\/wp\/v2\/product\/25624\/revisions"}],"predecessor-version":[{"id":25625,"href":"https:\/\/colligatum.com\/en\/wp-json\/wp\/v2\/product\/25624\/revisions\/25625"}],"wp:featuredmedia":[{"embeddable":true,"href":"https:\/\/colligatum.com\/en\/wp-json\/wp\/v2\/media\/25581"}],"wp:attachment":[{"href":"https:\/\/colligatum.com\/en\/wp-json\/wp\/v2\/media?parent=25624"}],"wp:term":[{"taxonomy":"product_brand","embeddable":true,"href":"https:\/\/colligatum.com\/en\/wp-json\/wp\/v2\/product_brand?post=25624"},{"taxonomy":"product_cat","embeddable":true,"href":"https:\/\/colligatum.com\/en\/wp-json\/wp\/v2\/product_cat?post=25624"},{"taxonomy":"product_tag","embeddable":true,"href":"https:\/\/colligatum.com\/en\/wp-json\/wp\/v2\/product_tag?post=25624"}],"curies":[{"name":"wp","href":"https:\/\/api.w.org\/{rel}","templated":true}]}}