{"id":25626,"date":"2026-03-28T09:16:13","date_gmt":"2026-03-28T07:16:13","guid":{"rendered":"https:\/\/colligatum.com\/?post_type=product&#038;p=25626"},"modified":"2026-04-16T11:51:34","modified_gmt":"2026-04-16T09:51:34","slug":"caines-lights-international","status":"publish","type":"product","link":"https:\/\/colligatum.com\/en\/product\/caines-lights-international\/","title":{"rendered":"CAINES Lights (International)"},"content":{"rendered":"<p data-start=\"209\" data-end=\"540\"><strong data-start=\"209\" data-end=\"223\">Description:<\/strong><br data-start=\"223\" data-end=\"226\" \/>\u0160is \u201eCAINES Lights\u201c pakelis pasi\u017eymi \u0161varesniu ir labiau klasikiniu dizainu nei ankstesnis su fotografija. Dominuoja \u0161viesus (kreminis) fonas su \u017ealsvai pilka vir\u0161utine dalimi ir minimalistiniu \u201eC\u201c logotipu centre. U\u017era\u0161as \u201eInternational\u201c pabr\u0117\u017eia bandym\u0105 pozicionuoti produkt\u0105 kaip universalesn\u012f ar \u201etarptautin\u012f\u201c.<\/p>\n<p data-start=\"542\" data-end=\"738\">Ant pakelio matomi lietuvi\u0161ki sveikatos \u012fsp\u0117jimai (\u201eR\u016bkymas sukelia v\u0117\u017e\u012f\u201c, \u201eTabakas labai kenkia sveikatai\u201c) bei lietuvi\u0161kas akcizo \u017eenklas \u2013 tai ai\u0161kiai rodo, kad pakelis skirtas Lietuvos rinkai.<\/p>\n<p data-start=\"740\" data-end=\"864\">Lyginant su \u201elifestyle\u201c versija, \u0161is dizainas yra labiau standartinis ir artimesnis klasikinei cigare\u010di\u0173 pakuo\u010di\u0173 estetikai.<\/p>\n<hr data-start=\"866\" data-end=\"869\" \/>\n<p data-start=\"871\" data-end=\"894\"><strong data-start=\"871\" data-end=\"894\">Value assessment:<\/strong><\/p>\n<p data-start=\"896\" data-end=\"927\"><strong data-start=\"896\" data-end=\"916\">Collectible value:<\/strong> Medium<\/p>\n<p data-start=\"929\" data-end=\"1037\"><strong data-start=\"929\" data-end=\"951\">Condition assessment:<\/strong> Pilnas, neatidarytas; celofanas \u0161iek tiek susirauk\u0161l\u0117j\u0119s, ta\u010diau pakelis tvarkingas<\/p>\n<p data-start=\"1039\" data-end=\"1316\"><strong data-start=\"1039\" data-end=\"1079\">Historical data and popularity:<\/strong><br data-start=\"1079\" data-end=\"1082\" \/>\u201eCAINES\u201c nebuvo stipriai dominuojantis prek\u0117s \u017eenklas, ta\u010diau d\u0117l ma\u017eesnio paplitimo pilni pakeliai \u0161iandien n\u0117ra labai da\u017eni. Visgi \u0161is konkretus dizainas yra gana standartinis, tod\u0117l kolekcin\u0117 vert\u0117 ma\u017eesn\u0117 nei i\u0161skirtini\u0173 variant\u0173.<\/p>","protected":false},"excerpt":{"rendered":"<p data-start=\"0\" data-end=\"66\"><strong data-start=\"0\" data-end=\"34\">Brand and name:<\/strong> CAINES Lights (International)<\/p>\n<p data-start=\"68\" data-end=\"93\"><strong data-start=\"68\" data-end=\"78\">Size:<\/strong> 20 cigarettes<\/p>\n<p data-start=\"95\" data-end=\"123\"><strong data-start=\"95\" data-end=\"113\">Country of manufacture:<\/strong> Lithuania<\/p>\n<p data-start=\"125\" data-end=\"165\"><strong data-start=\"125\" data-end=\"149\">Production period:<\/strong> ~2000\u20132007 m.<\/p>\n<p data-start=\"167\" data-end=\"202\"><strong data-start=\"167\" data-end=\"185\">Package type:<\/strong> Hard pack<\/p>","protected":false},"featured_media":25583,"template":"","meta":{"_surecart_dashboard_logo_width":"180px","_surecart_dashboard_show_logo":true,"_surecart_dashboard_navigation_orders":true,"_surecart_dashboard_navigation_invoices":true,"_surecart_dashboard_navigation_subscriptions":true,"_surecart_dashboard_navigation_downloads":true,"_surecart_dashboard_navigation_billing":true,"_surecart_dashboard_navigation_account":true,"site-sidebar-layout":"default","site-content-layout":"","ast-site-content-layout":"default","site-content-style":"default","site-sidebar-style":"default","ast-global-header-display":"","ast-banner-title-visibility":"","ast-main-header-display":"","ast-hfb-above-header-display":"","ast-hfb-below-header-display":"","ast-hfb-mobile-header-display":"","site-post-title":"","ast-breadcrumbs-content":"","ast-featured-img":"","footer-sml-layout":"","theme-transparent-header-meta":"default","adv-header-id-meta":"","stick-header-meta":"","header-above-stick-meta":"","header-main-stick-meta":"","header-below-stick-meta":"","astra-migrate-meta-layouts":"set","ast-page-background-enabled":"default","ast-page-background-meta":{"desktop":{"background-color":"","background-image":"","background-repeat":"repeat","background-position":"center center","background-size":"auto","background-attachment":"scroll","background-type":"","background-media":"","overlay-type":"","overlay-color":"","overlay-opacity":"","overlay-gradient":""},"tablet":{"background-color":"","background-image":"","background-repeat":"repeat","background-position":"center center","background-size":"auto","background-attachment":"scroll","background-type":"","background-media":"","overlay-type":"","overlay-color":"","overlay-opacity":"","overlay-gradient":""},"mobile":{"background-color":"","background-image":"","background-repeat":"repeat","background-position":"center center","background-size":"auto","background-attachment":"scroll","background-type":"","background-media":"","overlay-type":"","overlay-color":"","overlay-opacity":"","overlay-gradient":""}},"ast-content-background-meta":{"desktop":{"background-color":"var(--ast-global-color-5)","background-image":"","background-repeat":"repeat","background-position":"center center","background-size":"auto","background-attachment":"scroll","background-type":"","background-media":"","overlay-type":"","overlay-color":"","overlay-opacity":"","overlay-gradient":""},"tablet":{"background-color":"var(--ast-global-color-5)","background-image":"","background-repeat":"repeat","background-position":"center center","background-size":"auto","background-attachment":"scroll","background-type":"","background-media":"","overlay-type":"","overlay-color":"","overlay-opacity":"","overlay-gradient":""},"mobile":{"background-color":"var(--ast-global-color-5)","background-image":"","background-repeat":"repeat","background-position":"center center","background-size":"auto","background-attachment":"scroll","background-type":"","background-media":"","overlay-type":"","overlay-color":"","overlay-opacity":"","overlay-gradient":""}}},"product_brand":[],"product_cat":[85],"product_tag":[],"class_list":{"0":"post-25626","1":"product","2":"type-product","3":"status-publish","4":"has-post-thumbnail","6":"product_cat-lithuania","7":"desktop-align-left","8":"tablet-align-left","9":"mobile-align-left","11":"first","12":"outofstock","13":"sale","14":"shipping-taxable","15":"purchasable","16":"product-type-simple","17":"add-to-wishlist-before_image"},"_links":{"self":[{"href":"https:\/\/colligatum.com\/en\/wp-json\/wp\/v2\/product\/25626","targetHints":{"allow":["GET"]}}],"collection":[{"href":"https:\/\/colligatum.com\/en\/wp-json\/wp\/v2\/product"}],"about":[{"href":"https:\/\/colligatum.com\/en\/wp-json\/wp\/v2\/types\/product"}],"version-history":[{"count":1,"href":"https:\/\/colligatum.com\/en\/wp-json\/wp\/v2\/product\/25626\/revisions"}],"predecessor-version":[{"id":25627,"href":"https:\/\/colligatum.com\/en\/wp-json\/wp\/v2\/product\/25626\/revisions\/25627"}],"wp:featuredmedia":[{"embeddable":true,"href":"https:\/\/colligatum.com\/en\/wp-json\/wp\/v2\/media\/25583"}],"wp:attachment":[{"href":"https:\/\/colligatum.com\/en\/wp-json\/wp\/v2\/media?parent=25626"}],"wp:term":[{"taxonomy":"product_brand","embeddable":true,"href":"https:\/\/colligatum.com\/en\/wp-json\/wp\/v2\/product_brand?post=25626"},{"taxonomy":"product_cat","embeddable":true,"href":"https:\/\/colligatum.com\/en\/wp-json\/wp\/v2\/product_cat?post=25626"},{"taxonomy":"product_tag","embeddable":true,"href":"https:\/\/colligatum.com\/en\/wp-json\/wp\/v2\/product_tag?post=25626"}],"curies":[{"name":"wp","href":"https:\/\/api.w.org\/{rel}","templated":true}]}}