{"id":25736,"date":"2026-03-29T05:45:30","date_gmt":"2026-03-29T03:45:30","guid":{"rendered":"https:\/\/colligatum.com\/?post_type=product&#038;p=25736"},"modified":"2026-03-29T05:45:31","modified_gmt":"2026-03-29T03:45:31","slug":"zoryani","status":"publish","type":"product","link":"https:\/\/colligatum.com\/en\/product\/zoryani\/","title":{"rendered":"Zoryani"},"content":{"rendered":"<p data-start=\"177\" data-end=\"742\">Apra\u0161ymas: \u201e\u0417\u043e\u0440\u044f\u043d\u0456\u201c cigare\u010di\u0173 pakelis i\u0161siskiria i\u0161 kit\u0173 sovietini\u0173 pakeli\u0173 savo i\u0161rai\u0161kingu, kosmine tematika paremtu dizainu. Tamsiai m\u0117lynas fonas su ry\u0161kia \u017evaig\u017ed\u0117s iliustracija centre sukuria asociacij\u0105 su kosmosu ir technologiniu progresu \u2013 tai buvo da\u017ena tematika SSRS vizualin\u0117je kult\u016broje. \u012estri\u017eai pateiktas pavadinimas \u201e\u0417\u043e\u0440\u044f\u043d\u0456\u201c suteikia pakeliui dinami\u0161kumo ir modernumo poj\u016bt\u012f. Apatin\u0117je dalyje esanti \u017ealsva juosta dar labiau sustiprina kontrast\u0105. \u0160is dizainas i\u0161siskiria i\u0161 tipini\u0173 utilitari\u0173 sovietini\u0173 pakeli\u0173 ir turi stipresn\u012f estetin\u012f identitet\u0105.<\/p>\n<p data-start=\"746\" data-end=\"765\">Value assessment:<\/p>\n<p data-start=\"769\" data-end=\"909\">Kolekcin\u0117 vert\u0117: Auk\u0161tesn\u0117, d\u0117l i\u0161skirtinio dizaino ir kosmin\u0117s tematikos, kuri yra itin vertinama tarp sovietin\u0117s atributikos kolekcinink\u0173.<\/p>\n<p data-start=\"911\" data-end=\"1003\">B\u016bkl\u0117s vertinimas: Atidarytas, vidutin\u0117 b\u016bkl\u0117, matomi nusid\u0117v\u0117jimo po\u017eymiai ir deformacijos.<\/p>\n<p data-start=\"1005\" data-end=\"1290\">Istoriniai duomenys ir populiarumas: \u201e\u0417\u043e\u0440\u044f\u043d\u0456\u201c priklauso tai sovietini\u0173 cigare\u010di\u0173 kategorijai, kuri band\u0117 perteikti modernesn\u012f ir ideologi\u0161kai \u012fkv\u0117pt\u0105 \u012fvaizd\u012f. Kosmoso tematika buvo ypa\u010d populiari po SSRS kosmini\u0173 pasiekim\u0173, tod\u0117l tokie pakeliai \u0161iandien turi papildom\u0105 kolekcin\u0119 vert\u0119.<\/p>","protected":false},"excerpt":{"rendered":"<p data-start=\"0\" data-end=\"47\">Prek\u0117s \u017eenklas ir pavadinimas: \u0417\u043e\u0440\u044f\u043d\u0456 (Zoryani)<\/p>\n<p data-start=\"49\" data-end=\"68\">Size: 20 cigarettes<\/p>\n<p data-start=\"70\" data-end=\"104\">Gamybos \u0161alis: SSRS (Ukrainos TSR)<\/p>\n<p data-start=\"106\" data-end=\"140\">Gamybos laikotarpis: ~1975\u20131985 m.<\/p>\n<p data-start=\"142\" data-end=\"173\">Package type: Soft pack<\/p>","protected":false},"featured_media":25678,"template":"","meta":{"_surecart_dashboard_logo_width":"180px","_surecart_dashboard_show_logo":true,"_surecart_dashboard_navigation_orders":true,"_surecart_dashboard_navigation_invoices":true,"_surecart_dashboard_navigation_subscriptions":true,"_surecart_dashboard_navigation_downloads":true,"_surecart_dashboard_navigation_billing":true,"_surecart_dashboard_navigation_account":true,"site-sidebar-layout":"default","site-content-layout":"","ast-site-content-layout":"default","site-content-style":"default","site-sidebar-style":"default","ast-global-header-display":"","ast-banner-title-visibility":"","ast-main-header-display":"","ast-hfb-above-header-display":"","ast-hfb-below-header-display":"","ast-hfb-mobile-header-display":"","site-post-title":"","ast-breadcrumbs-content":"","ast-featured-img":"","footer-sml-layout":"","theme-transparent-header-meta":"default","adv-header-id-meta":"","stick-header-meta":"","header-above-stick-meta":"","header-main-stick-meta":"","header-below-stick-meta":"","astra-migrate-meta-layouts":"set","ast-page-background-enabled":"default","ast-page-background-meta":{"desktop":{"background-color":"","background-image":"","background-repeat":"repeat","background-position":"center center","background-size":"auto","background-attachment":"scroll","background-type":"","background-media":"","overlay-type":"","overlay-color":"","overlay-opacity":"","overlay-gradient":""},"tablet":{"background-color":"","background-image":"","background-repeat":"repeat","background-position":"center center","background-size":"auto","background-attachment":"scroll","background-type":"","background-media":"","overlay-type":"","overlay-color":"","overlay-opacity":"","overlay-gradient":""},"mobile":{"background-color":"","background-image":"","background-repeat":"repeat","background-position":"center center","background-size":"auto","background-attachment":"scroll","background-type":"","background-media":"","overlay-type":"","overlay-color":"","overlay-opacity":"","overlay-gradient":""}},"ast-content-background-meta":{"desktop":{"background-color":"var(--ast-global-color-5)","background-image":"","background-repeat":"repeat","background-position":"center center","background-size":"auto","background-attachment":"scroll","background-type":"","background-media":"","overlay-type":"","overlay-color":"","overlay-opacity":"","overlay-gradient":""},"tablet":{"background-color":"var(--ast-global-color-5)","background-image":"","background-repeat":"repeat","background-position":"center center","background-size":"auto","background-attachment":"scroll","background-type":"","background-media":"","overlay-type":"","overlay-color":"","overlay-opacity":"","overlay-gradient":""},"mobile":{"background-color":"var(--ast-global-color-5)","background-image":"","background-repeat":"repeat","background-position":"center center","background-size":"auto","background-attachment":"scroll","background-type":"","background-media":"","overlay-type":"","overlay-color":"","overlay-opacity":"","overlay-gradient":""}}},"product_brand":[],"product_cat":[200],"product_tag":[],"class_list":{"0":"post-25736","1":"product","2":"type-product","3":"status-publish","4":"has-post-thumbnail","6":"product_cat-ukraine","7":"desktop-align-left","8":"tablet-align-left","9":"mobile-align-left","11":"first","12":"instock","13":"sale","14":"shipping-taxable","15":"purchasable","16":"product-type-simple","17":"add-to-wishlist-before_image"},"_links":{"self":[{"href":"https:\/\/colligatum.com\/en\/wp-json\/wp\/v2\/product\/25736","targetHints":{"allow":["GET"]}}],"collection":[{"href":"https:\/\/colligatum.com\/en\/wp-json\/wp\/v2\/product"}],"about":[{"href":"https:\/\/colligatum.com\/en\/wp-json\/wp\/v2\/types\/product"}],"version-history":[{"count":1,"href":"https:\/\/colligatum.com\/en\/wp-json\/wp\/v2\/product\/25736\/revisions"}],"predecessor-version":[{"id":25737,"href":"https:\/\/colligatum.com\/en\/wp-json\/wp\/v2\/product\/25736\/revisions\/25737"}],"wp:featuredmedia":[{"embeddable":true,"href":"https:\/\/colligatum.com\/en\/wp-json\/wp\/v2\/media\/25678"}],"wp:attachment":[{"href":"https:\/\/colligatum.com\/en\/wp-json\/wp\/v2\/media?parent=25736"}],"wp:term":[{"taxonomy":"product_brand","embeddable":true,"href":"https:\/\/colligatum.com\/en\/wp-json\/wp\/v2\/product_brand?post=25736"},{"taxonomy":"product_cat","embeddable":true,"href":"https:\/\/colligatum.com\/en\/wp-json\/wp\/v2\/product_cat?post=25736"},{"taxonomy":"product_tag","embeddable":true,"href":"https:\/\/colligatum.com\/en\/wp-json\/wp\/v2\/product_tag?post=25736"}],"curies":[{"name":"wp","href":"https:\/\/api.w.org\/{rel}","templated":true}]}}