{"id":25754,"date":"2026-03-29T06:11:45","date_gmt":"2026-03-29T04:11:45","guid":{"rendered":"https:\/\/colligatum.com\/?post_type=product&#038;p=25754"},"modified":"2026-03-29T06:11:46","modified_gmt":"2026-03-29T04:11:46","slug":"prilutskie-2","status":"publish","type":"product","link":"https:\/\/colligatum.com\/en\/product\/prilutskie-2\/","title":{"rendered":"Prilutskie"},"content":{"rendered":"<p data-start=\"208\" data-end=\"707\">Apra\u0161ymas: \u0160is ankstesnio laikotarpio \u201e\u041f\u0440\u0438\u043b\u0443\u0446\u043a\u0438\u0435\u201c cigare\u010di\u0173 pakelis pasi\u017eymi ry\u0161kiu, ta\u010diau paprastu grafiniu dizainu. Dominuoja vertikalios linijos su centriniu raudonos ir m\u0117lynos spalvos elementu, kuris suteikia pakeliui i\u0161skirtin\u012f vizualin\u012f identitet\u0105. Vir\u0161uje matomas fabriko \u017eenklas, o apa\u010dioje \u2013 pavadinimas \u201e\u041f\u0440\u0438\u043b\u0443\u0446\u043a\u0438\u0435\u201c. Dizainas yra kiek ankstesnis ir labiau utilitarinis nei v\u0117lesni variantai, ta\u010diau vis tiek turi ai\u0161k\u0173 modernizavimo bandym\u0105, b\u016bding\u0105 to laikotarpio sovietinei produkcijai.<\/p>\n<p data-start=\"711\" data-end=\"730\">Value assessment:<\/p>\n<p data-start=\"734\" data-end=\"842\">Kolekcin\u0117 vert\u0117: Vidutin\u0117\u2013auk\u0161tesn\u0117, d\u0117l ankstesnio laikotarpio versijos ir ai\u0161kios fabriko identifikacijos.<\/p>\n<p data-start=\"844\" data-end=\"958\">B\u016bkl\u0117s vertinimas: Neatidarytas, prastesn\u0117 b\u016bkl\u0117, matomi stipresni deformacijos, suspaudimo ir vir\u0161aus pa\u017eeidimai.<\/p>\n<p data-start=\"960\" data-end=\"1179\">Istoriniai duomenys ir populiarumas: \u201e\u041f\u0440\u0438\u043b\u0443\u0446\u043a\u0438\u0435\u201c buvo vienas i\u0161 svarbesni\u0173 Ukrainos TSR cigare\u010di\u0173 prek\u0117s \u017eenkl\u0173. Ankstesni leidimai yra kiek retesni nei v\u0117lyvesni, ta\u010diau j\u0173 vert\u0119 ma\u017eina da\u017enai prastesn\u0117 i\u0161likimo b\u016bkl\u0117.<\/p>","protected":false},"excerpt":{"rendered":"<p data-start=\"0\" data-end=\"53\">Prek\u0117s \u017eenklas ir pavadinimas: \u041f\u0440\u0438\u043b\u0443\u0446\u043a\u0438\u0435 (Prilutskie)<\/p>\n<p data-start=\"55\" data-end=\"74\">Size: 20 cigarettes<\/p>\n<p data-start=\"76\" data-end=\"135\">Gamybos \u0161alis: SSRS (Ukrainos TSR, Priluk\u0173 tabako fabrikas)<\/p>\n<p data-start=\"137\" data-end=\"171\">Gamybos laikotarpis: ~1975\u20131985 m.<\/p>\n<p data-start=\"173\" data-end=\"204\">Package type: Soft pack<\/p>","protected":false},"featured_media":25696,"template":"","meta":{"_surecart_dashboard_logo_width":"180px","_surecart_dashboard_show_logo":true,"_surecart_dashboard_navigation_orders":true,"_surecart_dashboard_navigation_invoices":true,"_surecart_dashboard_navigation_subscriptions":true,"_surecart_dashboard_navigation_downloads":true,"_surecart_dashboard_navigation_billing":true,"_surecart_dashboard_navigation_account":true,"site-sidebar-layout":"default","site-content-layout":"","ast-site-content-layout":"default","site-content-style":"default","site-sidebar-style":"default","ast-global-header-display":"","ast-banner-title-visibility":"","ast-main-header-display":"","ast-hfb-above-header-display":"","ast-hfb-below-header-display":"","ast-hfb-mobile-header-display":"","site-post-title":"","ast-breadcrumbs-content":"","ast-featured-img":"","footer-sml-layout":"","theme-transparent-header-meta":"default","adv-header-id-meta":"","stick-header-meta":"","header-above-stick-meta":"","header-main-stick-meta":"","header-below-stick-meta":"","astra-migrate-meta-layouts":"set","ast-page-background-enabled":"default","ast-page-background-meta":{"desktop":{"background-color":"","background-image":"","background-repeat":"repeat","background-position":"center center","background-size":"auto","background-attachment":"scroll","background-type":"","background-media":"","overlay-type":"","overlay-color":"","overlay-opacity":"","overlay-gradient":""},"tablet":{"background-color":"","background-image":"","background-repeat":"repeat","background-position":"center center","background-size":"auto","background-attachment":"scroll","background-type":"","background-media":"","overlay-type":"","overlay-color":"","overlay-opacity":"","overlay-gradient":""},"mobile":{"background-color":"","background-image":"","background-repeat":"repeat","background-position":"center center","background-size":"auto","background-attachment":"scroll","background-type":"","background-media":"","overlay-type":"","overlay-color":"","overlay-opacity":"","overlay-gradient":""}},"ast-content-background-meta":{"desktop":{"background-color":"var(--ast-global-color-5)","background-image":"","background-repeat":"repeat","background-position":"center center","background-size":"auto","background-attachment":"scroll","background-type":"","background-media":"","overlay-type":"","overlay-color":"","overlay-opacity":"","overlay-gradient":""},"tablet":{"background-color":"var(--ast-global-color-5)","background-image":"","background-repeat":"repeat","background-position":"center center","background-size":"auto","background-attachment":"scroll","background-type":"","background-media":"","overlay-type":"","overlay-color":"","overlay-opacity":"","overlay-gradient":""},"mobile":{"background-color":"var(--ast-global-color-5)","background-image":"","background-repeat":"repeat","background-position":"center center","background-size":"auto","background-attachment":"scroll","background-type":"","background-media":"","overlay-type":"","overlay-color":"","overlay-opacity":"","overlay-gradient":""}}},"product_brand":[],"product_cat":[200],"product_tag":[],"class_list":{"0":"post-25754","1":"product","2":"type-product","3":"status-publish","4":"has-post-thumbnail","6":"product_cat-ukraine","7":"desktop-align-left","8":"tablet-align-left","9":"mobile-align-left","11":"first","12":"instock","13":"sale","14":"shipping-taxable","15":"purchasable","16":"product-type-simple","17":"add-to-wishlist-before_image"},"_links":{"self":[{"href":"https:\/\/colligatum.com\/en\/wp-json\/wp\/v2\/product\/25754","targetHints":{"allow":["GET"]}}],"collection":[{"href":"https:\/\/colligatum.com\/en\/wp-json\/wp\/v2\/product"}],"about":[{"href":"https:\/\/colligatum.com\/en\/wp-json\/wp\/v2\/types\/product"}],"version-history":[{"count":1,"href":"https:\/\/colligatum.com\/en\/wp-json\/wp\/v2\/product\/25754\/revisions"}],"predecessor-version":[{"id":25755,"href":"https:\/\/colligatum.com\/en\/wp-json\/wp\/v2\/product\/25754\/revisions\/25755"}],"wp:featuredmedia":[{"embeddable":true,"href":"https:\/\/colligatum.com\/en\/wp-json\/wp\/v2\/media\/25696"}],"wp:attachment":[{"href":"https:\/\/colligatum.com\/en\/wp-json\/wp\/v2\/media?parent=25754"}],"wp:term":[{"taxonomy":"product_brand","embeddable":true,"href":"https:\/\/colligatum.com\/en\/wp-json\/wp\/v2\/product_brand?post=25754"},{"taxonomy":"product_cat","embeddable":true,"href":"https:\/\/colligatum.com\/en\/wp-json\/wp\/v2\/product_cat?post=25754"},{"taxonomy":"product_tag","embeddable":true,"href":"https:\/\/colligatum.com\/en\/wp-json\/wp\/v2\/product_tag?post=25754"}],"curies":[{"name":"wp","href":"https:\/\/api.w.org\/{rel}","templated":true}]}}