{"id":25834,"date":"2026-03-29T06:39:54","date_gmt":"2026-03-29T04:39:54","guid":{"rendered":"https:\/\/colligatum.com\/?post_type=product&#038;p=25834"},"modified":"2026-04-12T20:20:47","modified_gmt":"2026-04-12T18:20:47","slug":"pryluki-osoblyvi-velvet","status":"publish","type":"product","link":"https:\/\/colligatum.com\/en\/product\/pryluki-osoblyvi-velvet\/","title":{"rendered":"Pryluki Osoblyvi Velvet"},"content":{"rendered":"<p data-start=\"205\" data-end=\"692\">Apra\u0161ymas: \u201e\u041f\u0440\u0438\u043b\u0443\u043a\u0438 \u041e\u0441\u043e\u0431\u043b\u0438\u0432\u0456 \u041e\u043a\u0441\u0430\u043c\u0438\u0442\u043e\u0432\u0456 10\u201c cigare\u010di\u0173 pakelis pasi\u017eymi modernesniu ir vizualiai i\u0161rai\u0161kingesniu dizainu nei standartin\u0117 \u0161io modelio versija. Dominuoja pereinamo tono raudonas (gradientinis) centrinis blokas, kuris suteikia pakeliui gylio ir \u201epremium\u201c \u012fvaizd\u017eio. U\u017era\u0161as \u201e\u041e\u043a\u0441\u0430\u043c\u0438\u0442\u043e\u0432\u0456\u201c (velvet) nurodo \u0161velnesn\u012f, mink\u0161tesnio skonio variant\u0105. Vir\u0161uje matomas fabriko simbolis, o bendras dizainas i\u0161laiko tvarking\u0105, vakarieti\u0161k\u0105 stilistik\u0105, b\u016bding\u0105 posovietiniam laikotarpiui.<\/p>\n<p data-start=\"696\" data-end=\"715\">Value assessment:<\/p>\n<p data-start=\"719\" data-end=\"833\">Kolekcin\u0117 vert\u0117: \u017dema\u2013vidutin\u0117, ta\u010diau \u0161iek tiek auk\u0161tesn\u0117 nei standartinio varianto d\u0117l retesnio (\u201evelvet\u201c) tipo.<\/p>\n<p data-start=\"835\" data-end=\"927\">B\u016bkl\u0117s vertinimas: Neatidarytas, gera b\u016bkl\u0117, matomi nedideli laikymo ir suspaudimo po\u017eymiai.<\/p>\n<p data-start=\"929\" data-end=\"1231\">Istoriniai duomenys ir populiarumas: \u201e\u041f\u0440\u0438\u043b\u0443\u043a\u0438\u201c yra vienas \u017einomiausi\u0173 Ukrainos cigare\u010di\u0173 prek\u0117s \u017eenkl\u0173. \u201e\u041e\u0441\u043e\u0431\u043b\u0438\u0432\u0456\u201c linija tur\u0117jo kelis variantus (light, velvet ir kt.), ta\u010diau visi jie buvo masin\u0117s gamybos produktai, orientuoti \u012f vietin\u0119 rink\u0105. Kolekcininkams \u012fdomesni tampa b\u016btent skirtingi variantai.<\/p>","protected":false},"excerpt":{"rendered":"<p data-start=\"0\" data-end=\"89\">Prek\u0117s \u017eenklas ir pavadinimas: \u041f\u0440\u0438\u043b\u0443\u043a\u0438 \u041e\u0441\u043e\u0431\u043b\u0438\u0432\u0456 &#8222;\u041e\u043a\u0441\u0430\u043c\u0438\u0442\u043e\u0432\u0456 10&#8221; (Pryluki Osoblyvi Velvet)<\/p>\n<p data-start=\"91\" data-end=\"110\">Size: 20 cigarettes<\/p>\n<p data-start=\"112\" data-end=\"134\">Gamybos \u0161alis: Ukraina<\/p>\n<p data-start=\"136\" data-end=\"170\">Gamybos laikotarpis: ~2005\u20132015 m.<\/p>\n<p data-start=\"172\" data-end=\"201\">Package type: Hard package<\/p>","protected":false},"featured_media":26785,"template":"","meta":{"_surecart_dashboard_logo_width":"180px","_surecart_dashboard_show_logo":true,"_surecart_dashboard_navigation_orders":true,"_surecart_dashboard_navigation_invoices":true,"_surecart_dashboard_navigation_subscriptions":true,"_surecart_dashboard_navigation_downloads":true,"_surecart_dashboard_navigation_billing":true,"_surecart_dashboard_navigation_account":true,"site-sidebar-layout":"default","site-content-layout":"","ast-site-content-layout":"default","site-content-style":"default","site-sidebar-style":"default","ast-global-header-display":"","ast-banner-title-visibility":"","ast-main-header-display":"","ast-hfb-above-header-display":"","ast-hfb-below-header-display":"","ast-hfb-mobile-header-display":"","site-post-title":"","ast-breadcrumbs-content":"","ast-featured-img":"","footer-sml-layout":"","theme-transparent-header-meta":"default","adv-header-id-meta":"","stick-header-meta":"","header-above-stick-meta":"","header-main-stick-meta":"","header-below-stick-meta":"","astra-migrate-meta-layouts":"set","ast-page-background-enabled":"default","ast-page-background-meta":{"desktop":{"background-color":"","background-image":"","background-repeat":"repeat","background-position":"center center","background-size":"auto","background-attachment":"scroll","background-type":"","background-media":"","overlay-type":"","overlay-color":"","overlay-opacity":"","overlay-gradient":""},"tablet":{"background-color":"","background-image":"","background-repeat":"repeat","background-position":"center center","background-size":"auto","background-attachment":"scroll","background-type":"","background-media":"","overlay-type":"","overlay-color":"","overlay-opacity":"","overlay-gradient":""},"mobile":{"background-color":"","background-image":"","background-repeat":"repeat","background-position":"center center","background-size":"auto","background-attachment":"scroll","background-type":"","background-media":"","overlay-type":"","overlay-color":"","overlay-opacity":"","overlay-gradient":""}},"ast-content-background-meta":{"desktop":{"background-color":"var(--ast-global-color-5)","background-image":"","background-repeat":"repeat","background-position":"center center","background-size":"auto","background-attachment":"scroll","background-type":"","background-media":"","overlay-type":"","overlay-color":"","overlay-opacity":"","overlay-gradient":""},"tablet":{"background-color":"var(--ast-global-color-5)","background-image":"","background-repeat":"repeat","background-position":"center center","background-size":"auto","background-attachment":"scroll","background-type":"","background-media":"","overlay-type":"","overlay-color":"","overlay-opacity":"","overlay-gradient":""},"mobile":{"background-color":"var(--ast-global-color-5)","background-image":"","background-repeat":"repeat","background-position":"center center","background-size":"auto","background-attachment":"scroll","background-type":"","background-media":"","overlay-type":"","overlay-color":"","overlay-opacity":"","overlay-gradient":""}}},"product_brand":[],"product_cat":[200],"product_tag":[],"class_list":{"0":"post-25834","1":"product","2":"type-product","3":"status-publish","4":"has-post-thumbnail","6":"product_cat-ukraine","7":"desktop-align-left","8":"tablet-align-left","9":"mobile-align-left","11":"first","12":"outofstock","13":"sale","14":"shipping-taxable","15":"purchasable","16":"product-type-simple","17":"add-to-wishlist-before_image"},"_links":{"self":[{"href":"https:\/\/colligatum.com\/en\/wp-json\/wp\/v2\/product\/25834","targetHints":{"allow":["GET"]}}],"collection":[{"href":"https:\/\/colligatum.com\/en\/wp-json\/wp\/v2\/product"}],"about":[{"href":"https:\/\/colligatum.com\/en\/wp-json\/wp\/v2\/types\/product"}],"version-history":[{"count":1,"href":"https:\/\/colligatum.com\/en\/wp-json\/wp\/v2\/product\/25834\/revisions"}],"predecessor-version":[{"id":25835,"href":"https:\/\/colligatum.com\/en\/wp-json\/wp\/v2\/product\/25834\/revisions\/25835"}],"wp:featuredmedia":[{"embeddable":true,"href":"https:\/\/colligatum.com\/en\/wp-json\/wp\/v2\/media\/26785"}],"wp:attachment":[{"href":"https:\/\/colligatum.com\/en\/wp-json\/wp\/v2\/media?parent=25834"}],"wp:term":[{"taxonomy":"product_brand","embeddable":true,"href":"https:\/\/colligatum.com\/en\/wp-json\/wp\/v2\/product_brand?post=25834"},{"taxonomy":"product_cat","embeddable":true,"href":"https:\/\/colligatum.com\/en\/wp-json\/wp\/v2\/product_cat?post=25834"},{"taxonomy":"product_tag","embeddable":true,"href":"https:\/\/colligatum.com\/en\/wp-json\/wp\/v2\/product_tag?post=25834"}],"curies":[{"name":"wp","href":"https:\/\/api.w.org\/{rel}","templated":true}]}}