{"id":25844,"date":"2026-03-29T06:49:28","date_gmt":"2026-03-29T04:49:28","guid":{"rendered":"https:\/\/colligatum.com\/?post_type=product&#038;p=25844"},"modified":"2026-04-16T11:51:33","modified_gmt":"2026-04-16T09:51:33","slug":"salyut","status":"publish","type":"product","link":"https:\/\/colligatum.com\/en\/product\/salyut\/","title":{"rendered":"Salyut"},"content":{"rendered":"<p data-start=\"161\" data-end=\"663\">Apra\u0161ymas: \u201e\u0421\u0430\u043b\u044e\u0442\u201c cigare\u010di\u0173 pakelis pasi\u017eymi dekoratyviu ir labiau \u201epremium\u201c stiliaus dizainu. Dominuoja auksiniai ir bronziniai atspalviai, kurie suteikia prabangos \u012fsp\u016bd\u012f. Centre esantis pavadinimas \u201e\u0421\u0430\u043b\u044e\u0442\u201c pateiktas stilizuotu, ornamentuotu \u0161riftu, o vir\u0161utin\u0117je dalyje matomi klasikiniai dekoratyviniai elementai su medaliono tipo simbolika. U\u017era\u0161as \u201eKing Size\u201c pabr\u0117\u017eia vakarieti\u0161k\u0105 orientacij\u0105. Bendras dizainas i\u0161siskiria i\u0161 tipini\u0173 paprast\u0173 posovietini\u0173 pakeli\u0173 ir yra vizualiai patrauklesnis.<\/p>\n<p data-start=\"667\" data-end=\"686\">Value assessment:<\/p>\n<p data-start=\"690\" data-end=\"770\">Kolekcin\u0117 vert\u0117: Vidutin\u0117, d\u0117l i\u0161skirtinio dizaino, nors tai n\u0117ra retas modelis.<\/p>\n<p data-start=\"772\" data-end=\"877\">B\u016bkl\u0117s vertinimas: Neatidarytas, gera b\u016bkl\u0117, matomi nedideli laikymo ir pavir\u0161iaus nusid\u0117v\u0117jimo po\u017eymiai.<\/p>\n<p data-start=\"879\" data-end=\"1080\">Istoriniai duomenys ir populiarumas: \u201e\u0421\u0430\u043b\u044e\u0442\u201c buvo orientuotas \u012f \u0161iek tiek auk\u0161tesn\u012f segment\u0105 nei standartiniai vietiniai brandai. Tokie pakeliai kolekcininkams \u012fdomesni d\u0117l savo dizaino nei d\u0117l retumo.<\/p>","protected":false},"excerpt":{"rendered":"<p data-start=\"0\" data-end=\"45\">Prek\u0117s \u017eenklas ir pavadinimas: \u0421\u0430\u043b\u044e\u0442 (Salyut)<\/p>\n<p data-start=\"47\" data-end=\"66\">Size: 20 cigarettes<\/p>\n<p data-start=\"68\" data-end=\"90\">Gamybos \u0161alis: Ukraina<\/p>\n<p data-start=\"92\" data-end=\"126\">Gamybos laikotarpis: ~2000\u20132010 m.<\/p>\n<p data-start=\"128\" data-end=\"157\">Package type: Hard package<\/p>","protected":false},"featured_media":25789,"template":"","meta":{"_surecart_dashboard_logo_width":"180px","_surecart_dashboard_show_logo":true,"_surecart_dashboard_navigation_orders":true,"_surecart_dashboard_navigation_invoices":true,"_surecart_dashboard_navigation_subscriptions":true,"_surecart_dashboard_navigation_downloads":true,"_surecart_dashboard_navigation_billing":true,"_surecart_dashboard_navigation_account":true,"site-sidebar-layout":"default","site-content-layout":"","ast-site-content-layout":"default","site-content-style":"default","site-sidebar-style":"default","ast-global-header-display":"","ast-banner-title-visibility":"","ast-main-header-display":"","ast-hfb-above-header-display":"","ast-hfb-below-header-display":"","ast-hfb-mobile-header-display":"","site-post-title":"","ast-breadcrumbs-content":"","ast-featured-img":"","footer-sml-layout":"","theme-transparent-header-meta":"default","adv-header-id-meta":"","stick-header-meta":"","header-above-stick-meta":"","header-main-stick-meta":"","header-below-stick-meta":"","astra-migrate-meta-layouts":"set","ast-page-background-enabled":"default","ast-page-background-meta":{"desktop":{"background-color":"","background-image":"","background-repeat":"repeat","background-position":"center center","background-size":"auto","background-attachment":"scroll","background-type":"","background-media":"","overlay-type":"","overlay-color":"","overlay-opacity":"","overlay-gradient":""},"tablet":{"background-color":"","background-image":"","background-repeat":"repeat","background-position":"center center","background-size":"auto","background-attachment":"scroll","background-type":"","background-media":"","overlay-type":"","overlay-color":"","overlay-opacity":"","overlay-gradient":""},"mobile":{"background-color":"","background-image":"","background-repeat":"repeat","background-position":"center center","background-size":"auto","background-attachment":"scroll","background-type":"","background-media":"","overlay-type":"","overlay-color":"","overlay-opacity":"","overlay-gradient":""}},"ast-content-background-meta":{"desktop":{"background-color":"var(--ast-global-color-5)","background-image":"","background-repeat":"repeat","background-position":"center center","background-size":"auto","background-attachment":"scroll","background-type":"","background-media":"","overlay-type":"","overlay-color":"","overlay-opacity":"","overlay-gradient":""},"tablet":{"background-color":"var(--ast-global-color-5)","background-image":"","background-repeat":"repeat","background-position":"center center","background-size":"auto","background-attachment":"scroll","background-type":"","background-media":"","overlay-type":"","overlay-color":"","overlay-opacity":"","overlay-gradient":""},"mobile":{"background-color":"var(--ast-global-color-5)","background-image":"","background-repeat":"repeat","background-position":"center center","background-size":"auto","background-attachment":"scroll","background-type":"","background-media":"","overlay-type":"","overlay-color":"","overlay-opacity":"","overlay-gradient":""}}},"product_brand":[],"product_cat":[200],"product_tag":[],"class_list":{"0":"post-25844","1":"product","2":"type-product","3":"status-publish","4":"has-post-thumbnail","6":"product_cat-ukraine","7":"desktop-align-left","8":"tablet-align-left","9":"mobile-align-left","11":"first","12":"outofstock","13":"sale","14":"shipping-taxable","15":"purchasable","16":"product-type-simple","17":"add-to-wishlist-before_image"},"_links":{"self":[{"href":"https:\/\/colligatum.com\/en\/wp-json\/wp\/v2\/product\/25844","targetHints":{"allow":["GET"]}}],"collection":[{"href":"https:\/\/colligatum.com\/en\/wp-json\/wp\/v2\/product"}],"about":[{"href":"https:\/\/colligatum.com\/en\/wp-json\/wp\/v2\/types\/product"}],"version-history":[{"count":1,"href":"https:\/\/colligatum.com\/en\/wp-json\/wp\/v2\/product\/25844\/revisions"}],"predecessor-version":[{"id":25845,"href":"https:\/\/colligatum.com\/en\/wp-json\/wp\/v2\/product\/25844\/revisions\/25845"}],"wp:featuredmedia":[{"embeddable":true,"href":"https:\/\/colligatum.com\/en\/wp-json\/wp\/v2\/media\/25789"}],"wp:attachment":[{"href":"https:\/\/colligatum.com\/en\/wp-json\/wp\/v2\/media?parent=25844"}],"wp:term":[{"taxonomy":"product_brand","embeddable":true,"href":"https:\/\/colligatum.com\/en\/wp-json\/wp\/v2\/product_brand?post=25844"},{"taxonomy":"product_cat","embeddable":true,"href":"https:\/\/colligatum.com\/en\/wp-json\/wp\/v2\/product_cat?post=25844"},{"taxonomy":"product_tag","embeddable":true,"href":"https:\/\/colligatum.com\/en\/wp-json\/wp\/v2\/product_tag?post=25844"}],"curies":[{"name":"wp","href":"https:\/\/api.w.org\/{rel}","templated":true}]}}