{"id":25883,"date":"2026-03-29T08:18:43","date_gmt":"2026-03-29T06:18:43","guid":{"rendered":"https:\/\/colligatum.com\/?post_type=product&#038;p=25883"},"modified":"2026-04-16T11:51:34","modified_gmt":"2026-04-16T09:51:34","slug":"luchafor","status":"publish","type":"product","link":"https:\/\/colligatum.com\/en\/product\/luchafor\/","title":{"rendered":"Luchafor"},"content":{"rendered":"<p data-start=\"172\" data-end=\"754\">Apra\u0161ymas: \u201e\u041b\u0443\u0447\u0430\u0444\u043e\u0440\u201c cigare\u010di\u0173 pakelis pasi\u017eymi i\u0161skirtiniu, dekoratyviu sovietinio laikotarpio dizainu. Tamsiame (juodai rudos spalvos) fone dominuoja stilizuota auksin\u0117 \u017evaig\u017ed\u0117 su \u0161vyt\u0117jimo efektu, aplink i\u0161d\u0117stytos ma\u017eesn\u0117s \u017evaig\u017ed\u0117s, suteikian\u010dios kosmin\u0117s ar simbolin\u0117s \u0161viesos tematik\u0105. Vir\u0161utin\u0117je dalyje \u2013 dekoratyvinis ornamentas su klasikiniais sovietiniais grafikos elementais. Spalvin\u0117 gama (auksas + tamsus fonas) suteikia pakeliui prabangos ir i\u0161skirtinumo \u012fsp\u016bd\u012f, b\u016bding\u0105 auk\u0161tesn\u0117s klas\u0117s SSRS cigaret\u0117ms. Dizainas ry\u0161kiai skiriasi nuo paprastesni\u0173 masini\u0173 pakeli\u0173.<\/p>\n<p data-start=\"758\" data-end=\"779\">Value assessment:<\/p>\n<p data-start=\"781\" data-end=\"872\">Kolekcin\u0117 vert\u0117: Vidutin\u0117\u2013auk\u0161ta, d\u0117l i\u0161skirtinio dizaino ir senesnio (SSRS) laikotarpio.<\/p>\n<p data-start=\"874\" data-end=\"1004\">B\u016bkl\u0117s vertinimas: Neatidarytas pakelis, vidutin\u0117 b\u016bkl\u0117 \u2013 matomas vir\u0161aus deformavimas, susiglam\u017e\u0119s celofanas, laikymo p\u0117dsakai.<\/p>\n<p data-start=\"1006\" data-end=\"1272\">Istoriniai duomenys ir populiarumas: Tokie dekoratyvesni sovietiniai pakeliai yra labiau vertinami kolekcinink\u0173 nei standartiniai. \u201e\u017dvaig\u017ed\u0117s\u201c ir kosmin\u0117s simbolikos motyvai buvo gana populiar\u016bs SSRS dizainuose, tod\u0117l \u0161is pakelis turi papildom\u0105 temin\u012f patrauklum\u0105.<\/p>","protected":false},"excerpt":{"rendered":"<section class=\"text-token-text-primary w-full focus:outline-none [--shadow-height:45px] has-data-writing-block:pointer-events-none has-data-writing-block:-mt-(--shadow-height) has-data-writing-block:pt-(--shadow-height) [&amp;:has([data-writing-block])&gt;*]:pointer-events-auto scroll-mt-(--header-height)\" dir=\"auto\" data-turn-id=\"baff0c84-98d2-4584-9ce9-436564f39b80\" data-testid=\"conversation-turn-95\" data-scroll-anchor=\"false\" data-turn=\"user\"><\/section>\n<section class=\"text-token-text-primary w-full focus:outline-none [--shadow-height:45px] has-data-writing-block:pointer-events-none has-data-writing-block:-mt-(--shadow-height) has-data-writing-block:pt-(--shadow-height) [&amp;:has([data-writing-block])&gt;*]:pointer-events-auto scroll-mt-[calc(var(--header-height)+min(200px,max(70px,20svh)))]\" dir=\"auto\" data-turn-id=\"request-69c89887-6e84-838b-a3a5-45b91086e455-3\" data-testid=\"conversation-turn-96\" data-scroll-anchor=\"true\" data-turn=\"assistant\">\n<div class=\"text-base my-auto mx-auto pb-10 [--thread-content-margin:var(--thread-content-margin-xs,calc(var(--spacing)*4))] @w-sm\/main:[--thread-content-margin:var(--thread-content-margin-sm,calc(var(--spacing)*6))] @w-lg\/main:[--thread-content-margin:var(--thread-content-margin-lg,calc(var(--spacing)*16))] px-(--thread-content-margin)\">\n<div class=\"[--thread-content-max-width:40rem] @w-lg\/main:[--thread-content-max-width:48rem] mx-auto max-w-(--thread-content-max-width) flex-1 group\/turn-messages focus-visible:outline-hidden relative flex w-full min-w-0 flex-col agent-turn\">\n<div class=\"flex max-w-full flex-col gap-4 grow\">\n<div class=\"min-h-8 text-message relative flex w-full flex-col items-end gap-2 text-start break-words whitespace-normal outline-none keyboard-focused:focus-ring [.text-message+&amp;]:mt-1\" dir=\"auto\" tabindex=\"0\" data-message-author-role=\"assistant\" data-message-id=\"f81b00c6-ceef-4d75-9ab3-faaf72123265\" data-message-model-slug=\"gpt-5-3\" data-turn-start-message=\"true\">\n<div class=\"flex w-full flex-col gap-1 empty:hidden\">\n<div class=\"markdown prose dark:prose-invert w-full wrap-break-word light markdown-new-styling\">\n<p data-start=\"0\" data-end=\"51\">Prek\u0117s \u017eenklas ir pavadinimas: \u041b\u0443\u0447\u0430\u0444\u043e\u0440 (Luchafor)<\/p>\n<p data-start=\"53\" data-end=\"74\">Dydis: 20 cigare\u010di\u0173<\/p>\n<p data-start=\"76\" data-end=\"97\">Gamybos \u0161alis: SSRS<\/p>\n<p data-start=\"99\" data-end=\"135\">Gamybos laikotarpis: ~1970\u20131985 m.<\/p>\n<p data-start=\"137\" data-end=\"168\">Pakeli\u0173 tipas: Kietas pakelis<\/p>\n<\/div>\n<\/div>\n<\/div>\n<\/div>\n<\/div>\n<\/div>\n<\/section>\n","protected":false},"featured_media":25806,"template":"","meta":{"_surecart_dashboard_logo_width":"180px","_surecart_dashboard_show_logo":true,"_surecart_dashboard_navigation_orders":true,"_surecart_dashboard_navigation_invoices":true,"_surecart_dashboard_navigation_subscriptions":true,"_surecart_dashboard_navigation_downloads":true,"_surecart_dashboard_navigation_billing":true,"_surecart_dashboard_navigation_account":true,"site-sidebar-layout":"default","site-content-layout":"","ast-site-content-layout":"default","site-content-style":"default","site-sidebar-style":"default","ast-global-header-display":"","ast-banner-title-visibility":"","ast-main-header-display":"","ast-hfb-above-header-display":"","ast-hfb-below-header-display":"","ast-hfb-mobile-header-display":"","site-post-title":"","ast-breadcrumbs-content":"","ast-featured-img":"","footer-sml-layout":"","theme-transparent-header-meta":"default","adv-header-id-meta":"","stick-header-meta":"","header-above-stick-meta":"","header-main-stick-meta":"","header-below-stick-meta":"","astra-migrate-meta-layouts":"set","ast-page-background-enabled":"default","ast-page-background-meta":{"desktop":{"background-color":"","background-image":"","background-repeat":"repeat","background-position":"center center","background-size":"auto","background-attachment":"scroll","background-type":"","background-media":"","overlay-type":"","overlay-color":"","overlay-opacity":"","overlay-gradient":""},"tablet":{"background-color":"","background-image":"","background-repeat":"repeat","background-position":"center center","background-size":"auto","background-attachment":"scroll","background-type":"","background-media":"","overlay-type":"","overlay-color":"","overlay-opacity":"","overlay-gradient":""},"mobile":{"background-color":"","background-image":"","background-repeat":"repeat","background-position":"center center","background-size":"auto","background-attachment":"scroll","background-type":"","background-media":"","overlay-type":"","overlay-color":"","overlay-opacity":"","overlay-gradient":""}},"ast-content-background-meta":{"desktop":{"background-color":"var(--ast-global-color-5)","background-image":"","background-repeat":"repeat","background-position":"center center","background-size":"auto","background-attachment":"scroll","background-type":"","background-media":"","overlay-type":"","overlay-color":"","overlay-opacity":"","overlay-gradient":""},"tablet":{"background-color":"var(--ast-global-color-5)","background-image":"","background-repeat":"repeat","background-position":"center center","background-size":"auto","background-attachment":"scroll","background-type":"","background-media":"","overlay-type":"","overlay-color":"","overlay-opacity":"","overlay-gradient":""},"mobile":{"background-color":"var(--ast-global-color-5)","background-image":"","background-repeat":"repeat","background-position":"center center","background-size":"auto","background-attachment":"scroll","background-type":"","background-media":"","overlay-type":"","overlay-color":"","overlay-opacity":"","overlay-gradient":""}}},"product_brand":[],"product_cat":[183],"product_tag":[],"class_list":{"0":"post-25883","1":"product","2":"type-product","3":"status-publish","4":"has-post-thumbnail","6":"product_cat-russia","7":"desktop-align-left","8":"tablet-align-left","9":"mobile-align-left","11":"first","12":"outofstock","13":"sale","14":"shipping-taxable","15":"purchasable","16":"product-type-simple","17":"add-to-wishlist-before_image"},"_links":{"self":[{"href":"https:\/\/colligatum.com\/en\/wp-json\/wp\/v2\/product\/25883","targetHints":{"allow":["GET"]}}],"collection":[{"href":"https:\/\/colligatum.com\/en\/wp-json\/wp\/v2\/product"}],"about":[{"href":"https:\/\/colligatum.com\/en\/wp-json\/wp\/v2\/types\/product"}],"version-history":[{"count":1,"href":"https:\/\/colligatum.com\/en\/wp-json\/wp\/v2\/product\/25883\/revisions"}],"predecessor-version":[{"id":25884,"href":"https:\/\/colligatum.com\/en\/wp-json\/wp\/v2\/product\/25883\/revisions\/25884"}],"wp:featuredmedia":[{"embeddable":true,"href":"https:\/\/colligatum.com\/en\/wp-json\/wp\/v2\/media\/25806"}],"wp:attachment":[{"href":"https:\/\/colligatum.com\/en\/wp-json\/wp\/v2\/media?parent=25883"}],"wp:term":[{"taxonomy":"product_brand","embeddable":true,"href":"https:\/\/colligatum.com\/en\/wp-json\/wp\/v2\/product_brand?post=25883"},{"taxonomy":"product_cat","embeddable":true,"href":"https:\/\/colligatum.com\/en\/wp-json\/wp\/v2\/product_cat?post=25883"},{"taxonomy":"product_tag","embeddable":true,"href":"https:\/\/colligatum.com\/en\/wp-json\/wp\/v2\/product_tag?post=25883"}],"curies":[{"name":"wp","href":"https:\/\/api.w.org\/{rel}","templated":true}]}}