{"id":25895,"date":"2026-03-29T08:32:10","date_gmt":"2026-03-29T06:32:10","guid":{"rendered":"https:\/\/colligatum.com\/?post_type=product&#038;p=25895"},"modified":"2026-04-04T09:26:56","modified_gmt":"2026-04-04T07:26:56","slug":"moldavskie","status":"publish","type":"product","link":"https:\/\/colligatum.com\/en\/product\/moldavskie\/","title":{"rendered":"Moldavskie"},"content":{"rendered":"<p data-start=\"184\" data-end=\"675\">Description:<br data-start=\"194\" data-end=\"197\" \/>\u0160is \u201e\u041c\u043e\u043b\u0434\u0430\u0432\u0441\u043a\u0438\u0435\u201c cigare\u010di\u0173 pakelis pasi\u017eymi \u0161viesiu, beveik baltu fonu su dekoratyvine geometrine juosta vir\u0161utin\u0117je dalyje, kuri primena Moldavijos tautinius ornamentus. Priekin\u0117je dalyje pavaizduota stilizuota \u0161ok\u0117j\u0173 fig\u016bra, perteikianti regionin\u012f folklor\u0105 ir kult\u016brin\u012f identitet\u0105. U\u017era\u0161as kirilica \u201e\u041c\u043e\u043b\u0434\u0430\u0432\u0441\u043a\u0438\u0435\u201c ai\u0161kiai identifikuoja produkt\u0105 kaip kilus\u012f i\u0161 Moldavijos TSR. Dizainas tipi\u0161kas regionin\u0117ms sovietin\u0117ms cigaret\u0117ms, kuriose buvo akcentuojamas vietinis identitetas.<\/p>\n<p data-start=\"679\" data-end=\"698\">Value assessment:<\/p>\n<p data-start=\"702\" data-end=\"809\">Kolekcin\u0117 vert\u0117: Vidutin\u0117, nes tai regioninis SSRS pakelis su etnografiniu dizainu, ta\u010diau n\u0117ra itin retas.<\/p>\n<p data-start=\"811\" data-end=\"924\">B\u016bkl\u0117s vertinimas: Neatidarytas, vidutin\u0117 b\u016bkl\u0117, matomi nusid\u0117v\u0117jimai, celofano pa\u017eeidimai ir kamp\u0173 deformacijos.<\/p>\n<p data-start=\"926\" data-end=\"1196\">Istoriniai duomenys ir populiarumas: \u201e\u041c\u043e\u043b\u0434\u0430\u0432\u0441\u043a\u0438\u0435\u201c cigaret\u0117s buvo gaminamos Moldavijos TSR ir atspind\u0117jo vietin\u0119 kult\u016br\u0105 per dizain\u0105. Tokie pakeliai da\u017enai buvo skirti vidaus rinkai, tod\u0117l \u0161iandien i\u0161lieka kolekcinink\u0173 susidom\u0117jimo objektu, ypa\u010d d\u0117l regionin\u0117s tematikos.<\/p>","protected":false},"excerpt":{"rendered":"<p data-start=\"0\" data-end=\"54\">Prek\u0117s \u017eenklas ir pavadinimas: \u041c\u043e\u043b\u0434\u0430\u0432\u0441\u043a\u0438\u0435 (Moldavskie)<\/p>\n<p data-start=\"56\" data-end=\"75\">Size: 20 cigarettes<\/p>\n<p data-start=\"77\" data-end=\"113\">Gamybos \u0161alis: SSRS (Moldavijos TSR)<\/p>\n<p data-start=\"115\" data-end=\"149\">Gamybos laikotarpis: ~1970\u20131980 m.<\/p>\n<p data-start=\"151\" data-end=\"180\">Package type: Hard package<\/p>","protected":false},"featured_media":25868,"template":"","meta":{"_surecart_dashboard_logo_width":"180px","_surecart_dashboard_show_logo":true,"_surecart_dashboard_navigation_orders":true,"_surecart_dashboard_navigation_invoices":true,"_surecart_dashboard_navigation_subscriptions":true,"_surecart_dashboard_navigation_downloads":true,"_surecart_dashboard_navigation_billing":true,"_surecart_dashboard_navigation_account":true,"site-sidebar-layout":"default","site-content-layout":"","ast-site-content-layout":"default","site-content-style":"default","site-sidebar-style":"default","ast-global-header-display":"","ast-banner-title-visibility":"","ast-main-header-display":"","ast-hfb-above-header-display":"","ast-hfb-below-header-display":"","ast-hfb-mobile-header-display":"","site-post-title":"","ast-breadcrumbs-content":"","ast-featured-img":"","footer-sml-layout":"","theme-transparent-header-meta":"default","adv-header-id-meta":"","stick-header-meta":"","header-above-stick-meta":"","header-main-stick-meta":"","header-below-stick-meta":"","astra-migrate-meta-layouts":"set","ast-page-background-enabled":"default","ast-page-background-meta":{"desktop":{"background-color":"","background-image":"","background-repeat":"repeat","background-position":"center center","background-size":"auto","background-attachment":"scroll","background-type":"","background-media":"","overlay-type":"","overlay-color":"","overlay-opacity":"","overlay-gradient":""},"tablet":{"background-color":"","background-image":"","background-repeat":"repeat","background-position":"center center","background-size":"auto","background-attachment":"scroll","background-type":"","background-media":"","overlay-type":"","overlay-color":"","overlay-opacity":"","overlay-gradient":""},"mobile":{"background-color":"","background-image":"","background-repeat":"repeat","background-position":"center center","background-size":"auto","background-attachment":"scroll","background-type":"","background-media":"","overlay-type":"","overlay-color":"","overlay-opacity":"","overlay-gradient":""}},"ast-content-background-meta":{"desktop":{"background-color":"var(--ast-global-color-5)","background-image":"","background-repeat":"repeat","background-position":"center center","background-size":"auto","background-attachment":"scroll","background-type":"","background-media":"","overlay-type":"","overlay-color":"","overlay-opacity":"","overlay-gradient":""},"tablet":{"background-color":"var(--ast-global-color-5)","background-image":"","background-repeat":"repeat","background-position":"center center","background-size":"auto","background-attachment":"scroll","background-type":"","background-media":"","overlay-type":"","overlay-color":"","overlay-opacity":"","overlay-gradient":""},"mobile":{"background-color":"var(--ast-global-color-5)","background-image":"","background-repeat":"repeat","background-position":"center center","background-size":"auto","background-attachment":"scroll","background-type":"","background-media":"","overlay-type":"","overlay-color":"","overlay-opacity":"","overlay-gradient":""}}},"product_brand":[],"product_cat":[173],"product_tag":[],"class_list":{"0":"post-25895","1":"product","2":"type-product","3":"status-publish","4":"has-post-thumbnail","6":"product_cat-moldova","7":"desktop-align-left","8":"tablet-align-left","9":"mobile-align-left","11":"first","12":"outofstock","13":"sale","14":"shipping-taxable","15":"purchasable","16":"product-type-simple","17":"add-to-wishlist-before_image"},"_links":{"self":[{"href":"https:\/\/colligatum.com\/en\/wp-json\/wp\/v2\/product\/25895","targetHints":{"allow":["GET"]}}],"collection":[{"href":"https:\/\/colligatum.com\/en\/wp-json\/wp\/v2\/product"}],"about":[{"href":"https:\/\/colligatum.com\/en\/wp-json\/wp\/v2\/types\/product"}],"version-history":[{"count":1,"href":"https:\/\/colligatum.com\/en\/wp-json\/wp\/v2\/product\/25895\/revisions"}],"predecessor-version":[{"id":25896,"href":"https:\/\/colligatum.com\/en\/wp-json\/wp\/v2\/product\/25895\/revisions\/25896"}],"wp:featuredmedia":[{"embeddable":true,"href":"https:\/\/colligatum.com\/en\/wp-json\/wp\/v2\/media\/25868"}],"wp:attachment":[{"href":"https:\/\/colligatum.com\/en\/wp-json\/wp\/v2\/media?parent=25895"}],"wp:term":[{"taxonomy":"product_brand","embeddable":true,"href":"https:\/\/colligatum.com\/en\/wp-json\/wp\/v2\/product_brand?post=25895"},{"taxonomy":"product_cat","embeddable":true,"href":"https:\/\/colligatum.com\/en\/wp-json\/wp\/v2\/product_cat?post=25895"},{"taxonomy":"product_tag","embeddable":true,"href":"https:\/\/colligatum.com\/en\/wp-json\/wp\/v2\/product_tag?post=25895"}],"curies":[{"name":"wp","href":"https:\/\/api.w.org\/{rel}","templated":true}]}}