{"id":26198,"date":"2026-04-07T05:52:21","date_gmt":"2026-04-07T03:52:21","guid":{"rendered":"https:\/\/colligatum.com\/?post_type=product&#038;p=26198"},"modified":"2026-04-07T06:21:45","modified_gmt":"2026-04-07T04:21:45","slug":"marlboro-lights-adventure","status":"publish","type":"product","link":"https:\/\/colligatum.com\/en\/product\/marlboro-lights-adventure\/","title":{"rendered":"Marlboro Lights Adventure"},"content":{"rendered":"<p data-start=\"214\" data-end=\"595\">Description:<br data-start=\"224\" data-end=\"227\" \/>\u0160is Marlboro \u201eLights\u201c rinkinys i\u0161siskiria tuo, kad jame sujungti teminiai pakeliai, kuriuose dominuoja gamtos, kelioni\u0173 ir laisv\u0117s motyvai. Pagrindinis i\u0161skirtinumas \u2013 vizualin\u0117 \u201eAdventure\u201c kryptis, kurioje naudojami skirtingi peiza\u017eai: naktinis dangus, m\u0117nulis, dykumos ar stovyklavimo scenos, taip pat klasikiniai Marlboro simboliai perteikti modernesniu stiliumi.<\/p>\n<p data-start=\"597\" data-end=\"965\">\u0160is komplektas n\u0117ra oficialus vienas konkretus proginis leidimas, ta\u010diau jis reprezentuoja laikotarp\u012f, kai Marlboro aktyviai naudojo \u012fvairius dizaino sprendimus vienai \u201eLights\u201c linijai. Tokie pakeliai buvo leid\u017eiami kaip laikinos vizualin\u0117s variacijos skirtingoms rinkoms, siekiant i\u0161laikyti prek\u0117s \u017eenklo identitet\u0105 ir tuo pa\u010diu sukurti nauj\u0105 vizualin\u012f patrauklum\u0105.<\/p>\n<p data-start=\"967\" data-end=\"1298\">Rinkinys i\u0161siskiria tuo, kad vienoje vietoje sukaupti skirtingi tos pa\u010dios stilistikos pakeliai, kurie kuria vientis\u0105 temin\u012f vaizd\u0105 \u2013 nuo dienos iki nakties scenarij\u0173, nuo aktyvios veiklos iki ramyb\u0117s motyv\u0173. Tai suteikia rinkiniui ai\u0161ki\u0105 krypt\u012f ir daro j\u012f patraukl\u0173 kaip piln\u0105 temin\u0119 kolekcij\u0105, o ne atsitiktin\u012f pakeli\u0173 rinkin\u012f.<\/p>\n<p data-start=\"1300\" data-end=\"1773\" data-is-last-node=\"\" data-is-only-node=\"\">Historical data:<br data-start=\"1320\" data-end=\"1323\" \/>Marlboro ilg\u0105 laik\u0105 buvo siejamas su laisv\u0117s, kelioni\u0173 ir amerikieti\u0161ko gyvenimo b\u016bdo \u012fvaizd\u017eiu. Nuo 2000-\u0173j\u0173 prad\u017eios, stipr\u0117jant reklamos ribojimams Europoje, gamintojai prad\u0117jo vis daugiau d\u0117mesio skirti pa\u010di\u0173 pakeli\u0173 dizainui. D\u0117l to atsirado \u012fvairios temin\u0117s \u201eLights\u201c serijos variacijos, kurios nebuvo oficialiai pristatomos kaip kolekciniai leidimai, ta\u010diau laikui b\u0117gant tapo atpa\u017e\u012fstamomis ir kolekcionuojamomis d\u0117l savo vizualin\u0117s \u012fvairov\u0117s.<\/p>","protected":false},"excerpt":{"rendered":"<p>Rinkin\u012f sudaro: 5 pakeliai<br data-start=\"105\" data-end=\"108\" \/>Country of manufacture: Lithuania<br data-start=\"130\" data-end=\"133\" \/>Gamybos laikotarpis: Apytiksliai 2005\u20132015 m.<br data-start=\"178\" data-end=\"181\" \/>Package type: Hard package<\/p>","protected":false},"featured_media":26199,"template":"","meta":{"_surecart_dashboard_logo_width":"180px","_surecart_dashboard_show_logo":true,"_surecart_dashboard_navigation_orders":true,"_surecart_dashboard_navigation_invoices":true,"_surecart_dashboard_navigation_subscriptions":true,"_surecart_dashboard_navigation_downloads":true,"_surecart_dashboard_navigation_billing":true,"_surecart_dashboard_navigation_account":true,"site-sidebar-layout":"default","site-content-layout":"","ast-site-content-layout":"default","site-content-style":"default","site-sidebar-style":"default","ast-global-header-display":"","ast-banner-title-visibility":"","ast-main-header-display":"","ast-hfb-above-header-display":"","ast-hfb-below-header-display":"","ast-hfb-mobile-header-display":"","site-post-title":"","ast-breadcrumbs-content":"","ast-featured-img":"","footer-sml-layout":"","theme-transparent-header-meta":"default","adv-header-id-meta":"","stick-header-meta":"","header-above-stick-meta":"","header-main-stick-meta":"","header-below-stick-meta":"","astra-migrate-meta-layouts":"set","ast-page-background-enabled":"default","ast-page-background-meta":{"desktop":{"background-color":"","background-image":"","background-repeat":"repeat","background-position":"center center","background-size":"auto","background-attachment":"scroll","background-type":"","background-media":"","overlay-type":"","overlay-color":"","overlay-opacity":"","overlay-gradient":""},"tablet":{"background-color":"","background-image":"","background-repeat":"repeat","background-position":"center center","background-size":"auto","background-attachment":"scroll","background-type":"","background-media":"","overlay-type":"","overlay-color":"","overlay-opacity":"","overlay-gradient":""},"mobile":{"background-color":"","background-image":"","background-repeat":"repeat","background-position":"center center","background-size":"auto","background-attachment":"scroll","background-type":"","background-media":"","overlay-type":"","overlay-color":"","overlay-opacity":"","overlay-gradient":""}},"ast-content-background-meta":{"desktop":{"background-color":"var(--ast-global-color-5)","background-image":"","background-repeat":"repeat","background-position":"center center","background-size":"auto","background-attachment":"scroll","background-type":"","background-media":"","overlay-type":"","overlay-color":"","overlay-opacity":"","overlay-gradient":""},"tablet":{"background-color":"var(--ast-global-color-5)","background-image":"","background-repeat":"repeat","background-position":"center center","background-size":"auto","background-attachment":"scroll","background-type":"","background-media":"","overlay-type":"","overlay-color":"","overlay-opacity":"","overlay-gradient":""},"mobile":{"background-color":"var(--ast-global-color-5)","background-image":"","background-repeat":"repeat","background-position":"center center","background-size":"auto","background-attachment":"scroll","background-type":"","background-media":"","overlay-type":"","overlay-color":"","overlay-opacity":"","overlay-gradient":""}}},"product_brand":[],"product_cat":[85,259],"product_tag":[],"class_list":{"0":"post-26198","1":"product","2":"type-product","3":"status-publish","4":"has-post-thumbnail","6":"product_cat-lithuania","7":"product_cat-sets","8":"desktop-align-left","9":"tablet-align-left","10":"mobile-align-left","12":"first","13":"instock","14":"sale","15":"shipping-taxable","16":"purchasable","17":"product-type-woosb","18":"add-to-wishlist-before_image"},"_links":{"self":[{"href":"https:\/\/colligatum.com\/en\/wp-json\/wp\/v2\/product\/26198","targetHints":{"allow":["GET"]}}],"collection":[{"href":"https:\/\/colligatum.com\/en\/wp-json\/wp\/v2\/product"}],"about":[{"href":"https:\/\/colligatum.com\/en\/wp-json\/wp\/v2\/types\/product"}],"version-history":[{"count":1,"href":"https:\/\/colligatum.com\/en\/wp-json\/wp\/v2\/product\/26198\/revisions"}],"predecessor-version":[{"id":26200,"href":"https:\/\/colligatum.com\/en\/wp-json\/wp\/v2\/product\/26198\/revisions\/26200"}],"wp:featuredmedia":[{"embeddable":true,"href":"https:\/\/colligatum.com\/en\/wp-json\/wp\/v2\/media\/26199"}],"wp:attachment":[{"href":"https:\/\/colligatum.com\/en\/wp-json\/wp\/v2\/media?parent=26198"}],"wp:term":[{"taxonomy":"product_brand","embeddable":true,"href":"https:\/\/colligatum.com\/en\/wp-json\/wp\/v2\/product_brand?post=26198"},{"taxonomy":"product_cat","embeddable":true,"href":"https:\/\/colligatum.com\/en\/wp-json\/wp\/v2\/product_cat?post=26198"},{"taxonomy":"product_tag","embeddable":true,"href":"https:\/\/colligatum.com\/en\/wp-json\/wp\/v2\/product_tag?post=26198"}],"curies":[{"name":"wp","href":"https:\/\/api.w.org\/{rel}","templated":true}]}}