{"id":26641,"date":"2026-04-11T15:14:51","date_gmt":"2026-04-11T13:14:51","guid":{"rendered":"https:\/\/colligatum.com\/?post_type=product&#038;p=26641"},"modified":"2026-04-16T04:18:36","modified_gmt":"2026-04-16T02:18:36","slug":"lm-luminous","status":"publish","type":"product","link":"https:\/\/colligatum.com\/en\/product\/lm-luminous\/","title":{"rendered":"L&#038;M Luminous"},"content":{"rendered":"<p data-start=\"186\" data-end=\"535\">Description:<br data-start=\"196\" data-end=\"199\" \/>\u0160is rinkinys i\u0161siskiria tuo, kad jame sujungti L&amp;M Luminous serijos variantai \u2013 Red, Blue, Menthol ir White. Pagrindinis i\u0161skirtinumas \u2013 \u0161viesesnis, modernesnis dizainas su i\u0161lenktomis linijomis.<br data-start=\"394\" data-end=\"397\" data-is-only-node=\"\" \/>Komplektas atspindi atnaujint\u0105 prek\u0117s \u017eenklo vizualin\u0119 krypt\u012f.<br data-start=\"459\" data-end=\"462\" \/>The set is interesting because it is a complete series and gives it a cohesive character.<\/p>\n<p data-start=\"537\" data-end=\"732\" data-is-last-node=\"\" data-is-only-node=\"\">Historical data:<br data-start=\"557\" data-end=\"560\" \/>L&amp;M \u0161iame laikotarpyje atnaujino dizain\u0105 siekdami modernesnio \u012fvaizd\u017eio.<br data-start=\"632\" data-end=\"635\" data-is-only-node=\"\" \/>Tokie pakeliai buvo marketinginio atnaujinimo dalis ir laikomi naujesnio laikotarpio pavyzd\u017eiais.<\/p>","protected":false},"excerpt":{"rendered":"<p>Prek\u0117s \u017eenklas ir pavadinimas: L&amp;M Luminous serijos rinkinys<br data-start=\"60\" data-end=\"63\" \/>Set includes: 4 packs<br data-start=\"89\" data-end=\"92\" data-is-only-node=\"\" \/>Country of manufacture: Lithuania<br data-start=\"109\" data-end=\"112\" \/>Gamybos laikotarpis: apie 2015\u20132020 m.<br data-start=\"150\" data-end=\"153\" \/>Package type: Hard package<\/p>","protected":false},"featured_media":26642,"template":"","meta":{"_surecart_dashboard_logo_width":"180px","_surecart_dashboard_show_logo":true,"_surecart_dashboard_navigation_orders":true,"_surecart_dashboard_navigation_invoices":true,"_surecart_dashboard_navigation_subscriptions":true,"_surecart_dashboard_navigation_downloads":true,"_surecart_dashboard_navigation_billing":true,"_surecart_dashboard_navigation_account":true,"site-sidebar-layout":"default","site-content-layout":"","ast-site-content-layout":"default","site-content-style":"default","site-sidebar-style":"default","ast-global-header-display":"","ast-banner-title-visibility":"","ast-main-header-display":"","ast-hfb-above-header-display":"","ast-hfb-below-header-display":"","ast-hfb-mobile-header-display":"","site-post-title":"","ast-breadcrumbs-content":"","ast-featured-img":"","footer-sml-layout":"","theme-transparent-header-meta":"default","adv-header-id-meta":"","stick-header-meta":"","header-above-stick-meta":"","header-main-stick-meta":"","header-below-stick-meta":"","astra-migrate-meta-layouts":"set","ast-page-background-enabled":"default","ast-page-background-meta":{"desktop":{"background-color":"","background-image":"","background-repeat":"repeat","background-position":"center center","background-size":"auto","background-attachment":"scroll","background-type":"","background-media":"","overlay-type":"","overlay-color":"","overlay-opacity":"","overlay-gradient":""},"tablet":{"background-color":"","background-image":"","background-repeat":"repeat","background-position":"center center","background-size":"auto","background-attachment":"scroll","background-type":"","background-media":"","overlay-type":"","overlay-color":"","overlay-opacity":"","overlay-gradient":""},"mobile":{"background-color":"","background-image":"","background-repeat":"repeat","background-position":"center center","background-size":"auto","background-attachment":"scroll","background-type":"","background-media":"","overlay-type":"","overlay-color":"","overlay-opacity":"","overlay-gradient":""}},"ast-content-background-meta":{"desktop":{"background-color":"var(--ast-global-color-5)","background-image":"","background-repeat":"repeat","background-position":"center center","background-size":"auto","background-attachment":"scroll","background-type":"","background-media":"","overlay-type":"","overlay-color":"","overlay-opacity":"","overlay-gradient":""},"tablet":{"background-color":"var(--ast-global-color-5)","background-image":"","background-repeat":"repeat","background-position":"center center","background-size":"auto","background-attachment":"scroll","background-type":"","background-media":"","overlay-type":"","overlay-color":"","overlay-opacity":"","overlay-gradient":""},"mobile":{"background-color":"var(--ast-global-color-5)","background-image":"","background-repeat":"repeat","background-position":"center center","background-size":"auto","background-attachment":"scroll","background-type":"","background-media":"","overlay-type":"","overlay-color":"","overlay-opacity":"","overlay-gradient":""}}},"product_brand":[],"product_cat":[85,259],"product_tag":[],"class_list":{"0":"post-26641","1":"product","2":"type-product","3":"status-publish","4":"has-post-thumbnail","6":"product_cat-lithuania","7":"product_cat-sets","8":"desktop-align-left","9":"tablet-align-left","10":"mobile-align-left","12":"first","13":"outofstock","14":"sale","15":"shipping-taxable","16":"purchasable","17":"product-type-woosb","18":"add-to-wishlist-before_image"},"_links":{"self":[{"href":"https:\/\/colligatum.com\/en\/wp-json\/wp\/v2\/product\/26641","targetHints":{"allow":["GET"]}}],"collection":[{"href":"https:\/\/colligatum.com\/en\/wp-json\/wp\/v2\/product"}],"about":[{"href":"https:\/\/colligatum.com\/en\/wp-json\/wp\/v2\/types\/product"}],"version-history":[{"count":1,"href":"https:\/\/colligatum.com\/en\/wp-json\/wp\/v2\/product\/26641\/revisions"}],"predecessor-version":[{"id":26651,"href":"https:\/\/colligatum.com\/en\/wp-json\/wp\/v2\/product\/26641\/revisions\/26651"}],"wp:featuredmedia":[{"embeddable":true,"href":"https:\/\/colligatum.com\/en\/wp-json\/wp\/v2\/media\/26642"}],"wp:attachment":[{"href":"https:\/\/colligatum.com\/en\/wp-json\/wp\/v2\/media?parent=26641"}],"wp:term":[{"taxonomy":"product_brand","embeddable":true,"href":"https:\/\/colligatum.com\/en\/wp-json\/wp\/v2\/product_brand?post=26641"},{"taxonomy":"product_cat","embeddable":true,"href":"https:\/\/colligatum.com\/en\/wp-json\/wp\/v2\/product_cat?post=26641"},{"taxonomy":"product_tag","embeddable":true,"href":"https:\/\/colligatum.com\/en\/wp-json\/wp\/v2\/product_tag?post=26641"}],"curies":[{"name":"wp","href":"https:\/\/api.w.org\/{rel}","templated":true}]}}