{"id":27330,"date":"2026-04-13T09:30:14","date_gmt":"2026-04-13T07:30:14","guid":{"rendered":"https:\/\/colligatum.com\/?post_type=product&#038;p=27330"},"modified":"2026-04-14T22:06:10","modified_gmt":"2026-04-14T20:06:10","slug":"v8-7","status":"publish","type":"product","link":"https:\/\/colligatum.com\/en\/product\/v8-7\/","title":{"rendered":"V8"},"content":{"rendered":"<p data-start=\"183\" data-end=\"344\"><strong data-start=\"183\" data-end=\"197\">Description:<\/strong> \u0160is V8 rinkinys apjungia kelis variantus (Blue, Red ir kt.). Pagrindinis i\u0161skirtinumas \u2013 ry\u0161kus \u201eV8\u201c logotipas ir ai\u0161ki spalvin\u0117 diferenciacija.<\/p>\n<p data-start=\"346\" data-end=\"477\">Komplektas n\u0117ra oficialus rinkinys, bet atspindi piln\u0105 linij\u0105. Tokie pakeliai buvo kuriami kaip moderni, vizualiai stipri serija.<\/p>\n<p data-start=\"479\" data-end=\"586\">Rinkinys \u012fdomus tuo, kad apima daug spalvini\u0173 variant\u0173, tod\u0117l turi vientis\u0105 ir reprezentacin\u012f charakter\u012f.<\/p>\n<p data-start=\"588\" data-end=\"748\"><strong data-start=\"588\" data-end=\"612\">Historical data:<\/strong> V8 buvo naudojamas kaip dinami\u0161kas, \u201egalingumo\u201c \u012fvaizd\u012f kuriantis prek\u0117s \u017eenklas. Dizainas orientuotas \u012f paprastum\u0105 ir atpa\u017e\u012fstamum\u0105.<\/p>","protected":false},"excerpt":{"rendered":"<p><strong data-start=\"0\" data-end=\"34\">Brand and name:<\/strong> V8<br data-start=\"37\" data-end=\"40\" \/><strong data-start=\"40\" data-end=\"59\">The set includes:<\/strong> 8 packets<br data-start=\"71\" data-end=\"74\" \/><strong data-start=\"74\" data-end=\"92\">Country of manufacture:<\/strong> Argentina<br data-start=\"102\" data-end=\"105\" data-is-only-node=\"\" \/><strong data-start=\"105\" data-end=\"129\">Production period:<\/strong> ~2005\u20132015.<br data-start=\"143\" data-end=\"146\" \/><strong data-start=\"146\" data-end=\"164\">Package type:<\/strong> Hard pack<\/p>","protected":false},"featured_media":27331,"template":"","meta":{"_surecart_dashboard_logo_width":"180px","_surecart_dashboard_show_logo":true,"_surecart_dashboard_navigation_orders":true,"_surecart_dashboard_navigation_invoices":true,"_surecart_dashboard_navigation_subscriptions":true,"_surecart_dashboard_navigation_downloads":true,"_surecart_dashboard_navigation_billing":true,"_surecart_dashboard_navigation_account":true,"site-sidebar-layout":"default","site-content-layout":"","ast-site-content-layout":"default","site-content-style":"default","site-sidebar-style":"default","ast-global-header-display":"","ast-banner-title-visibility":"","ast-main-header-display":"","ast-hfb-above-header-display":"","ast-hfb-below-header-display":"","ast-hfb-mobile-header-display":"","site-post-title":"","ast-breadcrumbs-content":"","ast-featured-img":"","footer-sml-layout":"","theme-transparent-header-meta":"default","adv-header-id-meta":"","stick-header-meta":"","header-above-stick-meta":"","header-main-stick-meta":"","header-below-stick-meta":"","astra-migrate-meta-layouts":"set","ast-page-background-enabled":"default","ast-page-background-meta":{"desktop":{"background-color":"","background-image":"","background-repeat":"repeat","background-position":"center center","background-size":"auto","background-attachment":"scroll","background-type":"","background-media":"","overlay-type":"","overlay-color":"","overlay-opacity":"","overlay-gradient":""},"tablet":{"background-color":"","background-image":"","background-repeat":"repeat","background-position":"center center","background-size":"auto","background-attachment":"scroll","background-type":"","background-media":"","overlay-type":"","overlay-color":"","overlay-opacity":"","overlay-gradient":""},"mobile":{"background-color":"","background-image":"","background-repeat":"repeat","background-position":"center center","background-size":"auto","background-attachment":"scroll","background-type":"","background-media":"","overlay-type":"","overlay-color":"","overlay-opacity":"","overlay-gradient":""}},"ast-content-background-meta":{"desktop":{"background-color":"var(--ast-global-color-5)","background-image":"","background-repeat":"repeat","background-position":"center center","background-size":"auto","background-attachment":"scroll","background-type":"","background-media":"","overlay-type":"","overlay-color":"","overlay-opacity":"","overlay-gradient":""},"tablet":{"background-color":"var(--ast-global-color-5)","background-image":"","background-repeat":"repeat","background-position":"center center","background-size":"auto","background-attachment":"scroll","background-type":"","background-media":"","overlay-type":"","overlay-color":"","overlay-opacity":"","overlay-gradient":""},"mobile":{"background-color":"var(--ast-global-color-5)","background-image":"","background-repeat":"repeat","background-position":"center center","background-size":"auto","background-attachment":"scroll","background-type":"","background-media":"","overlay-type":"","overlay-color":"","overlay-opacity":"","overlay-gradient":""}}},"product_brand":[],"product_cat":[227,259],"product_tag":[],"class_list":{"0":"post-27330","1":"product","2":"type-product","3":"status-publish","4":"has-post-thumbnail","6":"product_cat-argentina","7":"product_cat-sets","8":"desktop-align-left","9":"tablet-align-left","10":"mobile-align-left","12":"first","13":"outofstock","14":"sale","15":"shipping-taxable","16":"purchasable","17":"product-type-woosb","18":"add-to-wishlist-before_image"},"_links":{"self":[{"href":"https:\/\/colligatum.com\/en\/wp-json\/wp\/v2\/product\/27330","targetHints":{"allow":["GET"]}}],"collection":[{"href":"https:\/\/colligatum.com\/en\/wp-json\/wp\/v2\/product"}],"about":[{"href":"https:\/\/colligatum.com\/en\/wp-json\/wp\/v2\/types\/product"}],"version-history":[{"count":1,"href":"https:\/\/colligatum.com\/en\/wp-json\/wp\/v2\/product\/27330\/revisions"}],"predecessor-version":[{"id":27349,"href":"https:\/\/colligatum.com\/en\/wp-json\/wp\/v2\/product\/27330\/revisions\/27349"}],"wp:featuredmedia":[{"embeddable":true,"href":"https:\/\/colligatum.com\/en\/wp-json\/wp\/v2\/media\/27331"}],"wp:attachment":[{"href":"https:\/\/colligatum.com\/en\/wp-json\/wp\/v2\/media?parent=27330"}],"wp:term":[{"taxonomy":"product_brand","embeddable":true,"href":"https:\/\/colligatum.com\/en\/wp-json\/wp\/v2\/product_brand?post=27330"},{"taxonomy":"product_cat","embeddable":true,"href":"https:\/\/colligatum.com\/en\/wp-json\/wp\/v2\/product_cat?post=27330"},{"taxonomy":"product_tag","embeddable":true,"href":"https:\/\/colligatum.com\/en\/wp-json\/wp\/v2\/product_tag?post=27330"}],"curies":[{"name":"wp","href":"https:\/\/api.w.org\/{rel}","templated":true}]}}