{"id":5041,"date":"2024-11-11T05:20:23","date_gmt":"2024-11-11T05:20:23","guid":{"rendered":"https:\/\/shop.colligatum.com\/?post_type=product&#038;p=5041"},"modified":"2026-03-20T09:49:02","modified_gmt":"2026-03-20T07:49:02","slug":"sokol-king-size","status":"publish","type":"product","link":"https:\/\/colligatum.com\/en\/product\/sokol-king-size\/","title":{"rendered":"SOK\u00d3L King Size"},"content":{"rendered":"<p data-pm-slice=\"1 3 []\"><strong>Description:<\/strong> SOK\u00d3L cigare\u010di\u0173 pakelis pasi\u017eymi ry\u0161kia ir i\u0161skirtine i\u0161vaizda \u2013 dominuoja raudona ir m\u0117lyna spalvos, o prek\u0117s \u017eenklo pavadinimas bei logotipas yra pary\u0161kinti. Logotipe pavaizduotas vanagas, o apatin\u0117je dalyje \u2013 u\u017era\u0161as &#8222;The Great American Blend&#8221;, nurodantis \u012f Amerikos mi\u0161in\u012f. Pakelis apgaubtas pl\u0117vele, nepa\u017eeistas. Ant pakelio taip pat yra \u012fsp\u0117jimas apie r\u016bkymo \u017eal\u0105 sveikatai.<\/p>\n<p><strong>Value assessment:<\/strong><\/p>\n<ul>\n<li><strong>Collectible value:<\/strong> Vidutin\u0117, kadangi pakelis n\u0117ra jubiliejinis ar itin senas, ta\u010diau gali b\u016bti \u012fdomus kolekcininkams d\u0117l savo puikios b\u016bkl\u0117s ir amerikieti\u0161ko dizaino.<\/li>\n<li><strong>Condition assessment:<\/strong> Unopened, very good condition.<\/li>\n<li><strong>Historical data and popularity:<\/strong> SOK\u00d3L prek\u0117s \u017eenklas n\u0117ra pla\u010diai \u017einomas tarptautin\u0117je rinkoje, ta\u010diau amerikieti\u0161kas dizainas ir simbolika gali pritraukti kolekcinink\u0173 d\u0117mes\u012f.<\/li>\n<\/ul>","protected":false},"excerpt":{"rendered":"<p data-pm-slice=\"1 1 []\"><strong>Brand and name:<\/strong> SOK\u00d3L &#8222;King Size&#8221;<\/p>\n<p><strong>Size:<\/strong> 20 cigarettes<\/p>\n<p><strong>Country of manufacture:<\/strong> Jungtin\u0117s Amerikos Valstijos (pagal u\u017era\u0161\u0105 &#8222;Made in USA&#8221;)<\/p>\n<p><strong>Production period:<\/strong> Ne\u017einomas (gali b\u016bti \u0161iuolaikinis leidimas)<\/p>\n<p><strong>Package type:<\/strong> Hard pack<\/p>","protected":false},"featured_media":4851,"template":"","meta":{"_surecart_dashboard_logo_width":"180px","_surecart_dashboard_show_logo":true,"_surecart_dashboard_navigation_orders":true,"_surecart_dashboard_navigation_invoices":true,"_surecart_dashboard_navigation_subscriptions":true,"_surecart_dashboard_navigation_downloads":true,"_surecart_dashboard_navigation_billing":true,"_surecart_dashboard_navigation_account":true,"site-sidebar-layout":"default","site-content-layout":"","ast-site-content-layout":"default","site-content-style":"default","site-sidebar-style":"default","ast-global-header-display":"","ast-banner-title-visibility":"","ast-main-header-display":"","ast-hfb-above-header-display":"","ast-hfb-below-header-display":"","ast-hfb-mobile-header-display":"","site-post-title":"","ast-breadcrumbs-content":"","ast-featured-img":"","footer-sml-layout":"","theme-transparent-header-meta":"default","adv-header-id-meta":"","stick-header-meta":"","header-above-stick-meta":"","header-main-stick-meta":"","header-below-stick-meta":"","astra-migrate-meta-layouts":"set","ast-page-background-enabled":"default","ast-page-background-meta":{"desktop":{"background-color":"","background-image":"","background-repeat":"repeat","background-position":"center center","background-size":"auto","background-attachment":"scroll","background-type":"","background-media":"","overlay-type":"","overlay-color":"","overlay-opacity":"","overlay-gradient":""},"tablet":{"background-color":"","background-image":"","background-repeat":"repeat","background-position":"center center","background-size":"auto","background-attachment":"scroll","background-type":"","background-media":"","overlay-type":"","overlay-color":"","overlay-opacity":"","overlay-gradient":""},"mobile":{"background-color":"","background-image":"","background-repeat":"repeat","background-position":"center center","background-size":"auto","background-attachment":"scroll","background-type":"","background-media":"","overlay-type":"","overlay-color":"","overlay-opacity":"","overlay-gradient":""}},"ast-content-background-meta":{"desktop":{"background-color":"var(--ast-global-color-5)","background-image":"","background-repeat":"repeat","background-position":"center center","background-size":"auto","background-attachment":"scroll","background-type":"","background-media":"","overlay-type":"","overlay-color":"","overlay-opacity":"","overlay-gradient":""},"tablet":{"background-color":"var(--ast-global-color-5)","background-image":"","background-repeat":"repeat","background-position":"center center","background-size":"auto","background-attachment":"scroll","background-type":"","background-media":"","overlay-type":"","overlay-color":"","overlay-opacity":"","overlay-gradient":""},"mobile":{"background-color":"var(--ast-global-color-5)","background-image":"","background-repeat":"repeat","background-position":"center center","background-size":"auto","background-attachment":"scroll","background-type":"","background-media":"","overlay-type":"","overlay-color":"","overlay-opacity":"","overlay-gradient":""}}},"product_brand":[],"product_cat":[202],"product_tag":[],"class_list":{"0":"post-5041","1":"product","2":"type-product","3":"status-publish","4":"has-post-thumbnail","6":"product_cat-united-states","7":"desktop-align-left","8":"tablet-align-left","9":"mobile-align-left","11":"first","12":"outofstock","13":"sale","14":"shipping-taxable","15":"purchasable","16":"product-type-simple","17":"add-to-wishlist-before_image"},"_links":{"self":[{"href":"https:\/\/colligatum.com\/en\/wp-json\/wp\/v2\/product\/5041","targetHints":{"allow":["GET"]}}],"collection":[{"href":"https:\/\/colligatum.com\/en\/wp-json\/wp\/v2\/product"}],"about":[{"href":"https:\/\/colligatum.com\/en\/wp-json\/wp\/v2\/types\/product"}],"version-history":[{"count":2,"href":"https:\/\/colligatum.com\/en\/wp-json\/wp\/v2\/product\/5041\/revisions"}],"predecessor-version":[{"id":5206,"href":"https:\/\/colligatum.com\/en\/wp-json\/wp\/v2\/product\/5041\/revisions\/5206"}],"wp:featuredmedia":[{"embeddable":true,"href":"https:\/\/colligatum.com\/en\/wp-json\/wp\/v2\/media\/4851"}],"wp:attachment":[{"href":"https:\/\/colligatum.com\/en\/wp-json\/wp\/v2\/media?parent=5041"}],"wp:term":[{"taxonomy":"product_brand","embeddable":true,"href":"https:\/\/colligatum.com\/en\/wp-json\/wp\/v2\/product_brand?post=5041"},{"taxonomy":"product_cat","embeddable":true,"href":"https:\/\/colligatum.com\/en\/wp-json\/wp\/v2\/product_cat?post=5041"},{"taxonomy":"product_tag","embeddable":true,"href":"https:\/\/colligatum.com\/en\/wp-json\/wp\/v2\/product_tag?post=5041"}],"curies":[{"name":"wp","href":"https:\/\/api.w.org\/{rel}","templated":true}]}}