{"id":5319,"date":"2024-11-11T13:37:20","date_gmt":"2024-11-11T13:37:20","guid":{"rendered":"https:\/\/shop.colligatum.com\/?post_type=product&#038;p=5319"},"modified":"2024-11-12T16:58:03","modified_gmt":"2024-11-12T16:58:03","slug":"philip-morris-club-royal","status":"publish","type":"product","link":"https:\/\/colligatum.com\/en\/product\/philip-morris-club-royal\/","title":{"rendered":"Philip Morris Club Royal"},"content":{"rendered":"<p data-pm-slice=\"1 3 []\"><strong>Description:<\/strong> \u0160is &#8222;Philip Morris Club Royal&#8221; cigare\u010di\u0173 pakelis pasi\u017eymi eleganti\u0161ku, minimalistiniu dizainu, kur dominuoja sidabrin\u0117 ir m\u0117lyna spalvos. Ant pakelio pavaizduotas subtilus ornamentas su prek\u0117s \u017eenklu ir &#8222;Club Royal&#8221; u\u017era\u0161u. \u0160is dizainas suteikia solidumo ir patikimumo \u012fsp\u016bd\u012f. Pakelio apa\u010dioje esantis \u012fsp\u0117jimas apie r\u016bkymo \u017eal\u0105 pabr\u0117\u017eia sveikatos rizikas.<\/p>\n<p><strong>Value assessment:<\/strong><\/p>\n<ul>\n<li><strong>Collectible value:<\/strong> Vidutin\u0117 \u2013 nors tai n\u0117ra riboto leidimo ar jubiliejinis leidinys, ta\u010diau solidus dizainas ir puiki b\u016bkl\u0117 gali patraukti kai kuriuos kolekcininkus.<\/li>\n<li><strong>Condition assessment:<\/strong> Neatidarytas, puikios b\u016bkl\u0117s, tod\u0117l turi auk\u0161tesn\u0119 vert\u0119 tarp kolekcinink\u0173.<\/li>\n<li><strong>Historical data and popularity:<\/strong> &#8222;Philip Morris&#8221; yra gerai \u017einomas prek\u0117s \u017eenklas visame pasaulyje, ta\u010diau \u0161i versija n\u0117ra itin reta. Tai gali b\u016bti labiau patrauklus daiktas pradedantiesiems kolekcininkams.<\/li>\n<\/ul>","protected":false},"excerpt":{"rendered":"<p data-pm-slice=\"1 1 []\"><strong>Brand and name:<\/strong> Philip Morris &#8222;Club Royal&#8221;<\/p>\n<p><strong>Size:<\/strong> 20 cigarettes<\/p>\n<p><strong>Country of manufacture:<\/strong> Lithuania<\/p>\n<p><strong>Production period:<\/strong> Unknown (modern edition)<\/p>\n<p><strong>Package type:<\/strong> Hard pack<\/p>","protected":false},"featured_media":5312,"template":"","meta":{"_surecart_dashboard_logo_width":"180px","_surecart_dashboard_show_logo":true,"_surecart_dashboard_navigation_orders":true,"_surecart_dashboard_navigation_invoices":true,"_surecart_dashboard_navigation_subscriptions":true,"_surecart_dashboard_navigation_downloads":true,"_surecart_dashboard_navigation_billing":true,"_surecart_dashboard_navigation_account":true,"site-sidebar-layout":"default","site-content-layout":"","ast-site-content-layout":"default","site-content-style":"default","site-sidebar-style":"default","ast-global-header-display":"","ast-banner-title-visibility":"","ast-main-header-display":"","ast-hfb-above-header-display":"","ast-hfb-below-header-display":"","ast-hfb-mobile-header-display":"","site-post-title":"","ast-breadcrumbs-content":"","ast-featured-img":"","footer-sml-layout":"","theme-transparent-header-meta":"default","adv-header-id-meta":"","stick-header-meta":"","header-above-stick-meta":"","header-main-stick-meta":"","header-below-stick-meta":"","astra-migrate-meta-layouts":"set","ast-page-background-enabled":"default","ast-page-background-meta":{"desktop":{"background-color":"","background-image":"","background-repeat":"repeat","background-position":"center center","background-size":"auto","background-attachment":"scroll","background-type":"","background-media":"","overlay-type":"","overlay-color":"","overlay-opacity":"","overlay-gradient":""},"tablet":{"background-color":"","background-image":"","background-repeat":"repeat","background-position":"center center","background-size":"auto","background-attachment":"scroll","background-type":"","background-media":"","overlay-type":"","overlay-color":"","overlay-opacity":"","overlay-gradient":""},"mobile":{"background-color":"","background-image":"","background-repeat":"repeat","background-position":"center center","background-size":"auto","background-attachment":"scroll","background-type":"","background-media":"","overlay-type":"","overlay-color":"","overlay-opacity":"","overlay-gradient":""}},"ast-content-background-meta":{"desktop":{"background-color":"var(--ast-global-color-5)","background-image":"","background-repeat":"repeat","background-position":"center center","background-size":"auto","background-attachment":"scroll","background-type":"","background-media":"","overlay-type":"","overlay-color":"","overlay-opacity":"","overlay-gradient":""},"tablet":{"background-color":"var(--ast-global-color-5)","background-image":"","background-repeat":"repeat","background-position":"center center","background-size":"auto","background-attachment":"scroll","background-type":"","background-media":"","overlay-type":"","overlay-color":"","overlay-opacity":"","overlay-gradient":""},"mobile":{"background-color":"var(--ast-global-color-5)","background-image":"","background-repeat":"repeat","background-position":"center center","background-size":"auto","background-attachment":"scroll","background-type":"","background-media":"","overlay-type":"","overlay-color":"","overlay-opacity":"","overlay-gradient":""}}},"product_brand":[],"product_cat":[85],"product_tag":[],"class_list":{"0":"post-5319","1":"product","2":"type-product","3":"status-publish","4":"has-post-thumbnail","6":"product_cat-lithuania","7":"desktop-align-left","8":"tablet-align-left","9":"mobile-align-left","11":"first","12":"instock","13":"sale","14":"shipping-taxable","15":"purchasable","16":"product-type-simple","17":"add-to-wishlist-before_image"},"_links":{"self":[{"href":"https:\/\/colligatum.com\/en\/wp-json\/wp\/v2\/product\/5319","targetHints":{"allow":["GET"]}}],"collection":[{"href":"https:\/\/colligatum.com\/en\/wp-json\/wp\/v2\/product"}],"about":[{"href":"https:\/\/colligatum.com\/en\/wp-json\/wp\/v2\/types\/product"}],"version-history":[{"count":1,"href":"https:\/\/colligatum.com\/en\/wp-json\/wp\/v2\/product\/5319\/revisions"}],"predecessor-version":[{"id":5320,"href":"https:\/\/colligatum.com\/en\/wp-json\/wp\/v2\/product\/5319\/revisions\/5320"}],"wp:featuredmedia":[{"embeddable":true,"href":"https:\/\/colligatum.com\/en\/wp-json\/wp\/v2\/media\/5312"}],"wp:attachment":[{"href":"https:\/\/colligatum.com\/en\/wp-json\/wp\/v2\/media?parent=5319"}],"wp:term":[{"taxonomy":"product_brand","embeddable":true,"href":"https:\/\/colligatum.com\/en\/wp-json\/wp\/v2\/product_brand?post=5319"},{"taxonomy":"product_cat","embeddable":true,"href":"https:\/\/colligatum.com\/en\/wp-json\/wp\/v2\/product_cat?post=5319"},{"taxonomy":"product_tag","embeddable":true,"href":"https:\/\/colligatum.com\/en\/wp-json\/wp\/v2\/product_tag?post=5319"}],"curies":[{"name":"wp","href":"https:\/\/api.w.org\/{rel}","templated":true}]}}