{"id":5350,"date":"2024-11-11T15:25:00","date_gmt":"2024-11-11T15:25:00","guid":{"rendered":"https:\/\/shop.colligatum.com\/?post_type=product&#038;p=5350"},"modified":"2024-11-12T16:58:39","modified_gmt":"2024-11-12T16:58:39","slug":"glamour-azure","status":"publish","type":"product","link":"https:\/\/colligatum.com\/en\/product\/glamour-azure\/","title":{"rendered":"Glamour Azure"},"content":{"rendered":"<p data-pm-slice=\"1 3 []\">Apra\u0161ymas: \u0160is Glamour &#8222;Azure&#8221; cigare\u010di\u0173 pakelis i\u0161siskiria eleganti\u0161ku, subtiliai dekoruotu dizainu su m\u0117lynais ornamentais. Pakelis skirtas supaprastinto ir prabangaus \u012fvaizd\u017eio ie\u0161kantiems vartotojams. Glamour prek\u0117s \u017eenklas orientuotas \u012f moteri\u0161k\u0105 auditorij\u0105 ir si\u016blo rafinuot\u0105, \u0161velnesnio skonio produkt\u0105. Sveikatos \u012fsp\u0117jimas apie r\u016bkymo pavojus yra ai\u0161kiai matomas apatin\u0117je dalyje.<\/p>\n<p>Value assessment:<\/p>\n<ul>\n<li><strong>Collectible value:<\/strong> Vidutin\u0117, kadangi \u0161is pakelis n\u0117ra riboto leidimo ar jubiliejinis leidimas, ta\u010diau vis tiek gali b\u016bti \u012fdomus kolekcininkams d\u0117l savo b\u016bkl\u0117s ir dizaino.<\/li>\n<li><strong>Condition assessment:<\/strong> Unopened, in excellent condition.<\/li>\n<li><strong>Historical data and popularity:<\/strong> Glamour prek\u0117s \u017eenklas yra populiarus moter\u0173 rinkoje, ta\u010diau n\u0117ra ypatingai ie\u0161komas tarp kolekcinink\u0173, tod\u0117l jo vert\u0117 n\u0117ra itin didel\u0117.<\/li>\n<\/ul>","protected":false},"excerpt":{"rendered":"<p data-pm-slice=\"1 1 []\">Prek\u0117s \u017eenklas ir pavadinimas: Glamour &#8222;Azure&#8221;<\/p>\n<p>Size: 20 cigarettes<\/p>\n<p>Country of manufacture: Lithuania<\/p>\n<p>Production period: Unknown (modern edition)<\/p>\n<p>Package type: Hard package<\/p>","protected":false},"featured_media":5327,"template":"","meta":{"_surecart_dashboard_logo_width":"180px","_surecart_dashboard_show_logo":true,"_surecart_dashboard_navigation_orders":true,"_surecart_dashboard_navigation_invoices":true,"_surecart_dashboard_navigation_subscriptions":true,"_surecart_dashboard_navigation_downloads":true,"_surecart_dashboard_navigation_billing":true,"_surecart_dashboard_navigation_account":true,"site-sidebar-layout":"default","site-content-layout":"","ast-site-content-layout":"default","site-content-style":"default","site-sidebar-style":"default","ast-global-header-display":"","ast-banner-title-visibility":"","ast-main-header-display":"","ast-hfb-above-header-display":"","ast-hfb-below-header-display":"","ast-hfb-mobile-header-display":"","site-post-title":"","ast-breadcrumbs-content":"","ast-featured-img":"","footer-sml-layout":"","theme-transparent-header-meta":"default","adv-header-id-meta":"","stick-header-meta":"","header-above-stick-meta":"","header-main-stick-meta":"","header-below-stick-meta":"","astra-migrate-meta-layouts":"set","ast-page-background-enabled":"default","ast-page-background-meta":{"desktop":{"background-color":"","background-image":"","background-repeat":"repeat","background-position":"center center","background-size":"auto","background-attachment":"scroll","background-type":"","background-media":"","overlay-type":"","overlay-color":"","overlay-opacity":"","overlay-gradient":""},"tablet":{"background-color":"","background-image":"","background-repeat":"repeat","background-position":"center center","background-size":"auto","background-attachment":"scroll","background-type":"","background-media":"","overlay-type":"","overlay-color":"","overlay-opacity":"","overlay-gradient":""},"mobile":{"background-color":"","background-image":"","background-repeat":"repeat","background-position":"center center","background-size":"auto","background-attachment":"scroll","background-type":"","background-media":"","overlay-type":"","overlay-color":"","overlay-opacity":"","overlay-gradient":""}},"ast-content-background-meta":{"desktop":{"background-color":"var(--ast-global-color-5)","background-image":"","background-repeat":"repeat","background-position":"center center","background-size":"auto","background-attachment":"scroll","background-type":"","background-media":"","overlay-type":"","overlay-color":"","overlay-opacity":"","overlay-gradient":""},"tablet":{"background-color":"var(--ast-global-color-5)","background-image":"","background-repeat":"repeat","background-position":"center center","background-size":"auto","background-attachment":"scroll","background-type":"","background-media":"","overlay-type":"","overlay-color":"","overlay-opacity":"","overlay-gradient":""},"mobile":{"background-color":"var(--ast-global-color-5)","background-image":"","background-repeat":"repeat","background-position":"center center","background-size":"auto","background-attachment":"scroll","background-type":"","background-media":"","overlay-type":"","overlay-color":"","overlay-opacity":"","overlay-gradient":""}}},"product_brand":[],"product_cat":[85],"product_tag":[],"class_list":{"0":"post-5350","1":"product","2":"type-product","3":"status-publish","4":"has-post-thumbnail","6":"product_cat-lithuania","7":"desktop-align-left","8":"tablet-align-left","9":"mobile-align-left","11":"first","12":"instock","13":"sale","14":"shipping-taxable","15":"purchasable","16":"product-type-simple","17":"add-to-wishlist-before_image"},"_links":{"self":[{"href":"https:\/\/colligatum.com\/en\/wp-json\/wp\/v2\/product\/5350","targetHints":{"allow":["GET"]}}],"collection":[{"href":"https:\/\/colligatum.com\/en\/wp-json\/wp\/v2\/product"}],"about":[{"href":"https:\/\/colligatum.com\/en\/wp-json\/wp\/v2\/types\/product"}],"version-history":[{"count":1,"href":"https:\/\/colligatum.com\/en\/wp-json\/wp\/v2\/product\/5350\/revisions"}],"predecessor-version":[{"id":5351,"href":"https:\/\/colligatum.com\/en\/wp-json\/wp\/v2\/product\/5350\/revisions\/5351"}],"wp:featuredmedia":[{"embeddable":true,"href":"https:\/\/colligatum.com\/en\/wp-json\/wp\/v2\/media\/5327"}],"wp:attachment":[{"href":"https:\/\/colligatum.com\/en\/wp-json\/wp\/v2\/media?parent=5350"}],"wp:term":[{"taxonomy":"product_brand","embeddable":true,"href":"https:\/\/colligatum.com\/en\/wp-json\/wp\/v2\/product_brand?post=5350"},{"taxonomy":"product_cat","embeddable":true,"href":"https:\/\/colligatum.com\/en\/wp-json\/wp\/v2\/product_cat?post=5350"},{"taxonomy":"product_tag","embeddable":true,"href":"https:\/\/colligatum.com\/en\/wp-json\/wp\/v2\/product_tag?post=5350"}],"curies":[{"name":"wp","href":"https:\/\/api.w.org\/{rel}","templated":true}]}}