{"id":5364,"date":"2024-11-11T15:30:33","date_gmt":"2024-11-11T15:30:33","guid":{"rendered":"https:\/\/shop.colligatum.com\/?post_type=product&#038;p=5364"},"modified":"2024-11-12T16:59:18","modified_gmt":"2024-11-12T16:59:18","slug":"pall-mall-blue-super-slims","status":"publish","type":"product","link":"https:\/\/colligatum.com\/en\/product\/pall-mall-blue-super-slims\/","title":{"rendered":"Pall Mall Blue Super Slims"},"content":{"rendered":"<p data-pm-slice=\"1 3 []\">Apra\u0161ymas: \u0160is &#8222;Pall Mall Blue Super Slims&#8221; cigare\u010di\u0173 pakelis i\u0161siskiria eleganti\u0161ku ir moderniu dizainu, akcentuotu m\u0117lyna spalva bei subtiliomis grafin\u0117mis detal\u0117mis. Pall Mall prek\u0117s \u017eenklas yra gerai \u017einomas u\u017e prieinam\u0105 kain\u0105 ir plataus asortimento pasirinkim\u0105. Superslims formos pakelis yra orientuotas \u012f vartotojus, kurie pageidauja plonesnio tipo cigare\u010di\u0173. Sveikatos apsaugos ministerijos \u012fsp\u0117jimas apie r\u016bkymo \u017eal\u0105 pabr\u0117\u017eia r\u016bkymo keliamus pavojus sveikatai.<\/p>\n<p>Value assessment:<\/p>\n<ul>\n<li>Kolekcin\u0117 vert\u0117: Vidutin\u0117, nes \u0161is pakelis n\u0117ra riboto leidimo ar ypatingos laidos, ta\u010diau gali b\u016bti patrauklus kolekcininkams d\u0117l savo puikios b\u016bkl\u0117s.<\/li>\n<li>Condition rating: Unopened, in excellent condition.<\/li>\n<li>Istoriniai duomenys ir populiarumas: Pall Mall prek\u0117s \u017eenklas yra ilgai rinkoje i\u0161silaik\u0119s ir populiarus tarp vartotoj\u0173. \u0160io tipo pakeliai n\u0117ra ypatingai reti, ta\u010diau yra \u017einomi d\u0117l savo kokyb\u0117s.<\/li>\n<\/ul>","protected":false},"excerpt":{"rendered":"<p data-pm-slice=\"1 1 []\">Prek\u0117s \u017eenklas ir pavadinimas: Pall Mall &#8222;Blue Super Slims&#8221;<\/p>\n<p>Size: 20 cigarettes<\/p>\n<p>Country of manufacture: Lithuania<\/p>\n<p>Production period: Unknown (modern edition)<\/p>\n<p>Package type: Hard package<\/p>","protected":false},"featured_media":5341,"template":"","meta":{"_surecart_dashboard_logo_width":"180px","_surecart_dashboard_show_logo":true,"_surecart_dashboard_navigation_orders":true,"_surecart_dashboard_navigation_invoices":true,"_surecart_dashboard_navigation_subscriptions":true,"_surecart_dashboard_navigation_downloads":true,"_surecart_dashboard_navigation_billing":true,"_surecart_dashboard_navigation_account":true,"site-sidebar-layout":"default","site-content-layout":"","ast-site-content-layout":"default","site-content-style":"default","site-sidebar-style":"default","ast-global-header-display":"","ast-banner-title-visibility":"","ast-main-header-display":"","ast-hfb-above-header-display":"","ast-hfb-below-header-display":"","ast-hfb-mobile-header-display":"","site-post-title":"","ast-breadcrumbs-content":"","ast-featured-img":"","footer-sml-layout":"","theme-transparent-header-meta":"default","adv-header-id-meta":"","stick-header-meta":"","header-above-stick-meta":"","header-main-stick-meta":"","header-below-stick-meta":"","astra-migrate-meta-layouts":"set","ast-page-background-enabled":"default","ast-page-background-meta":{"desktop":{"background-color":"","background-image":"","background-repeat":"repeat","background-position":"center center","background-size":"auto","background-attachment":"scroll","background-type":"","background-media":"","overlay-type":"","overlay-color":"","overlay-opacity":"","overlay-gradient":""},"tablet":{"background-color":"","background-image":"","background-repeat":"repeat","background-position":"center center","background-size":"auto","background-attachment":"scroll","background-type":"","background-media":"","overlay-type":"","overlay-color":"","overlay-opacity":"","overlay-gradient":""},"mobile":{"background-color":"","background-image":"","background-repeat":"repeat","background-position":"center center","background-size":"auto","background-attachment":"scroll","background-type":"","background-media":"","overlay-type":"","overlay-color":"","overlay-opacity":"","overlay-gradient":""}},"ast-content-background-meta":{"desktop":{"background-color":"var(--ast-global-color-5)","background-image":"","background-repeat":"repeat","background-position":"center center","background-size":"auto","background-attachment":"scroll","background-type":"","background-media":"","overlay-type":"","overlay-color":"","overlay-opacity":"","overlay-gradient":""},"tablet":{"background-color":"var(--ast-global-color-5)","background-image":"","background-repeat":"repeat","background-position":"center center","background-size":"auto","background-attachment":"scroll","background-type":"","background-media":"","overlay-type":"","overlay-color":"","overlay-opacity":"","overlay-gradient":""},"mobile":{"background-color":"var(--ast-global-color-5)","background-image":"","background-repeat":"repeat","background-position":"center center","background-size":"auto","background-attachment":"scroll","background-type":"","background-media":"","overlay-type":"","overlay-color":"","overlay-opacity":"","overlay-gradient":""}}},"product_brand":[],"product_cat":[85],"product_tag":[],"class_list":{"0":"post-5364","1":"product","2":"type-product","3":"status-publish","4":"has-post-thumbnail","6":"product_cat-lithuania","7":"desktop-align-left","8":"tablet-align-left","9":"mobile-align-left","11":"first","12":"instock","13":"sale","14":"shipping-taxable","15":"purchasable","16":"product-type-simple","17":"add-to-wishlist-before_image"},"_links":{"self":[{"href":"https:\/\/colligatum.com\/en\/wp-json\/wp\/v2\/product\/5364","targetHints":{"allow":["GET"]}}],"collection":[{"href":"https:\/\/colligatum.com\/en\/wp-json\/wp\/v2\/product"}],"about":[{"href":"https:\/\/colligatum.com\/en\/wp-json\/wp\/v2\/types\/product"}],"version-history":[{"count":1,"href":"https:\/\/colligatum.com\/en\/wp-json\/wp\/v2\/product\/5364\/revisions"}],"predecessor-version":[{"id":5365,"href":"https:\/\/colligatum.com\/en\/wp-json\/wp\/v2\/product\/5364\/revisions\/5365"}],"wp:featuredmedia":[{"embeddable":true,"href":"https:\/\/colligatum.com\/en\/wp-json\/wp\/v2\/media\/5341"}],"wp:attachment":[{"href":"https:\/\/colligatum.com\/en\/wp-json\/wp\/v2\/media?parent=5364"}],"wp:term":[{"taxonomy":"product_brand","embeddable":true,"href":"https:\/\/colligatum.com\/en\/wp-json\/wp\/v2\/product_brand?post=5364"},{"taxonomy":"product_cat","embeddable":true,"href":"https:\/\/colligatum.com\/en\/wp-json\/wp\/v2\/product_cat?post=5364"},{"taxonomy":"product_tag","embeddable":true,"href":"https:\/\/colligatum.com\/en\/wp-json\/wp\/v2\/product_tag?post=5364"}],"curies":[{"name":"wp","href":"https:\/\/api.w.org\/{rel}","templated":true}]}}