{"id":5370,"date":"2024-11-11T15:38:47","date_gmt":"2024-11-11T15:38:47","guid":{"rendered":"https:\/\/shop.colligatum.com\/?post_type=product&#038;p=5370"},"modified":"2024-11-12T16:59:34","modified_gmt":"2024-11-12T16:59:34","slug":"pall-mall-blue","status":"publish","type":"product","link":"https:\/\/colligatum.com\/en\/product\/pall-mall-blue\/","title":{"rendered":"Pall Mall Blue"},"content":{"rendered":"<p data-pm-slice=\"1 3 []\"><strong>Description:<\/strong> \u0160is \u201ePall Mall Blue\u201c cigare\u010di\u0173 pakelis pasi\u017eymi intensyvia m\u0117lyna spalva su klasikiniu \u201ePall Mall\u201c prek\u0117s \u017eenklo logotipu. \u201eBlue\u201c serija yra skirta tiems, kurie renkasi vidutinio stiprumo cigaretes. \u012esp\u0117jimas apie r\u016bkymo \u017eal\u0105 yra ry\u0161kiai pavaizduotas, skatinant vartotojus susim\u0105styti apie sveikatos pasekmes.<\/p>\n<p><strong>Value assessment:<\/strong><\/p>\n<ul>\n<li><strong>Collectible value:<\/strong> Vidutin\u0117 \u2013 \u0161is pakelis n\u0117ra riboto leidimo, ta\u010diau d\u0117l b\u016bkl\u0117s ir prek\u0117s \u017eenklo populiarumo gali b\u016bti \u012fdomus kolekcininkams.<\/li>\n<li><strong>Condition assessment:<\/strong> Unopened, in excellent condition.<\/li>\n<li><strong>Historical data and popularity:<\/strong> \u201ePall Mall\u201c yra vienas seniausi\u0173 cigare\u010di\u0173 prek\u0117s \u017eenkl\u0173, turintis ilg\u0105 istorij\u0105 ir i\u0161laik\u0119s populiarum\u0105, ypa\u010d Europos rinkoje.<\/li>\n<\/ul>","protected":false},"excerpt":{"rendered":"<p data-pm-slice=\"1 1 []\"><strong>Brand and name:<\/strong> Pall Mall &#8222;Blue&#8221;<\/p>\n<p><strong>Size:<\/strong> 20 cigarettes<\/p>\n<p><strong>Country of manufacture:<\/strong> Lithuania<\/p>\n<p><strong>Production period:<\/strong> Unknown (modern edition)<\/p>\n<p><strong>Package type:<\/strong> Hard pack<\/p>","protected":false},"featured_media":5371,"template":"","meta":{"_surecart_dashboard_logo_width":"180px","_surecart_dashboard_show_logo":true,"_surecart_dashboard_navigation_orders":true,"_surecart_dashboard_navigation_invoices":true,"_surecart_dashboard_navigation_subscriptions":true,"_surecart_dashboard_navigation_downloads":true,"_surecart_dashboard_navigation_billing":true,"_surecart_dashboard_navigation_account":true,"site-sidebar-layout":"default","site-content-layout":"","ast-site-content-layout":"default","site-content-style":"default","site-sidebar-style":"default","ast-global-header-display":"","ast-banner-title-visibility":"","ast-main-header-display":"","ast-hfb-above-header-display":"","ast-hfb-below-header-display":"","ast-hfb-mobile-header-display":"","site-post-title":"","ast-breadcrumbs-content":"","ast-featured-img":"","footer-sml-layout":"","theme-transparent-header-meta":"default","adv-header-id-meta":"","stick-header-meta":"","header-above-stick-meta":"","header-main-stick-meta":"","header-below-stick-meta":"","astra-migrate-meta-layouts":"set","ast-page-background-enabled":"default","ast-page-background-meta":{"desktop":{"background-color":"","background-image":"","background-repeat":"repeat","background-position":"center center","background-size":"auto","background-attachment":"scroll","background-type":"","background-media":"","overlay-type":"","overlay-color":"","overlay-opacity":"","overlay-gradient":""},"tablet":{"background-color":"","background-image":"","background-repeat":"repeat","background-position":"center center","background-size":"auto","background-attachment":"scroll","background-type":"","background-media":"","overlay-type":"","overlay-color":"","overlay-opacity":"","overlay-gradient":""},"mobile":{"background-color":"","background-image":"","background-repeat":"repeat","background-position":"center center","background-size":"auto","background-attachment":"scroll","background-type":"","background-media":"","overlay-type":"","overlay-color":"","overlay-opacity":"","overlay-gradient":""}},"ast-content-background-meta":{"desktop":{"background-color":"var(--ast-global-color-5)","background-image":"","background-repeat":"repeat","background-position":"center center","background-size":"auto","background-attachment":"scroll","background-type":"","background-media":"","overlay-type":"","overlay-color":"","overlay-opacity":"","overlay-gradient":""},"tablet":{"background-color":"var(--ast-global-color-5)","background-image":"","background-repeat":"repeat","background-position":"center center","background-size":"auto","background-attachment":"scroll","background-type":"","background-media":"","overlay-type":"","overlay-color":"","overlay-opacity":"","overlay-gradient":""},"mobile":{"background-color":"var(--ast-global-color-5)","background-image":"","background-repeat":"repeat","background-position":"center center","background-size":"auto","background-attachment":"scroll","background-type":"","background-media":"","overlay-type":"","overlay-color":"","overlay-opacity":"","overlay-gradient":""}}},"product_brand":[],"product_cat":[85],"product_tag":[],"class_list":{"0":"post-5370","1":"product","2":"type-product","3":"status-publish","4":"has-post-thumbnail","6":"product_cat-lithuania","7":"desktop-align-left","8":"tablet-align-left","9":"mobile-align-left","11":"first","12":"instock","13":"sale","14":"shipping-taxable","15":"purchasable","16":"product-type-simple","17":"add-to-wishlist-before_image"},"_links":{"self":[{"href":"https:\/\/colligatum.com\/en\/wp-json\/wp\/v2\/product\/5370","targetHints":{"allow":["GET"]}}],"collection":[{"href":"https:\/\/colligatum.com\/en\/wp-json\/wp\/v2\/product"}],"about":[{"href":"https:\/\/colligatum.com\/en\/wp-json\/wp\/v2\/types\/product"}],"version-history":[{"count":1,"href":"https:\/\/colligatum.com\/en\/wp-json\/wp\/v2\/product\/5370\/revisions"}],"predecessor-version":[{"id":5395,"href":"https:\/\/colligatum.com\/en\/wp-json\/wp\/v2\/product\/5370\/revisions\/5395"}],"wp:featuredmedia":[{"embeddable":true,"href":"https:\/\/colligatum.com\/en\/wp-json\/wp\/v2\/media\/5371"}],"wp:attachment":[{"href":"https:\/\/colligatum.com\/en\/wp-json\/wp\/v2\/media?parent=5370"}],"wp:term":[{"taxonomy":"product_brand","embeddable":true,"href":"https:\/\/colligatum.com\/en\/wp-json\/wp\/v2\/product_brand?post=5370"},{"taxonomy":"product_cat","embeddable":true,"href":"https:\/\/colligatum.com\/en\/wp-json\/wp\/v2\/product_cat?post=5370"},{"taxonomy":"product_tag","embeddable":true,"href":"https:\/\/colligatum.com\/en\/wp-json\/wp\/v2\/product_tag?post=5370"}],"curies":[{"name":"wp","href":"https:\/\/api.w.org\/{rel}","templated":true}]}}