{"id":5400,"date":"2024-11-11T15:42:36","date_gmt":"2024-11-11T15:42:36","guid":{"rendered":"https:\/\/shop.colligatum.com\/?post_type=product&#038;p=5400"},"modified":"2024-11-12T16:59:49","modified_gmt":"2024-11-12T16:59:49","slug":"parliament-super-slims-charcoal","status":"publish","type":"product","link":"https:\/\/colligatum.com\/en\/product\/parliament-super-slims-charcoal\/","title":{"rendered":"Parliament Super Slims Charcoal"},"content":{"rendered":"<p data-pm-slice=\"1 3 []\"><strong>Description:<\/strong> Parliament &#8222;Super Slims&#8221; cigare\u010di\u0173 pakelis pasi\u017eymi eleganti\u0161ku dizainu su sidabriniu pavir\u0161iumi ir m\u0117lynu logotipu. \u0160io modelio i\u0161skirtinumas \u2013 anglies filtro \u012fd\u0117klas bei recesuotas filtras, kuris priskiria \u0161ias cigaretes prie premium klas\u0117s. Parliament prek\u0117s \u017eenklas yra \u017einomas d\u0117l savo auk\u0161tos kokyb\u0117s ir stilingo dizaino.<\/p>\n<p><strong>Value assessment:<\/strong><\/p>\n<ul>\n<li><strong>Collectible value:<\/strong> Vidutin\u0117, nes tai n\u0117ra riboto leidimo ar jubiliejinis leidimas, ta\u010diau gali b\u016bti \u012fdomus Parliament prek\u0117s \u017eenklo kolekcininkams.<\/li>\n<li><strong>Condition assessment:<\/strong> Unopened, in excellent condition.<\/li>\n<li><strong>Historical data and popularity:<\/strong> Parliament prek\u0117s \u017eenklas populiarus ir pripa\u017eintas d\u0117l savo i\u0161skirtin\u0117s kokyb\u0117s, ta\u010diau Super Slims linija n\u0117ra ypatingai reti tarp kolekcinink\u0173.<\/li>\n<\/ul>","protected":false},"excerpt":{"rendered":"<p data-pm-slice=\"1 1 []\"><strong>Brand and name:<\/strong> Parliament &#8222;Super Slims Charcoal Recessed Filter&#8221;<\/p>\n<p><strong>Size:<\/strong> 20 cigarettes<\/p>\n<p><strong>Country of manufacture:<\/strong> Lithuania<\/p>\n<p><strong>Production period:<\/strong> Unknown (modern edition)<\/p>\n<p><strong>Package type:<\/strong> Hard pack<\/p>","protected":false},"featured_media":5377,"template":"","meta":{"_surecart_dashboard_logo_width":"180px","_surecart_dashboard_show_logo":true,"_surecart_dashboard_navigation_orders":true,"_surecart_dashboard_navigation_invoices":true,"_surecart_dashboard_navigation_subscriptions":true,"_surecart_dashboard_navigation_downloads":true,"_surecart_dashboard_navigation_billing":true,"_surecart_dashboard_navigation_account":true,"site-sidebar-layout":"default","site-content-layout":"","ast-site-content-layout":"default","site-content-style":"default","site-sidebar-style":"default","ast-global-header-display":"","ast-banner-title-visibility":"","ast-main-header-display":"","ast-hfb-above-header-display":"","ast-hfb-below-header-display":"","ast-hfb-mobile-header-display":"","site-post-title":"","ast-breadcrumbs-content":"","ast-featured-img":"","footer-sml-layout":"","theme-transparent-header-meta":"default","adv-header-id-meta":"","stick-header-meta":"","header-above-stick-meta":"","header-main-stick-meta":"","header-below-stick-meta":"","astra-migrate-meta-layouts":"set","ast-page-background-enabled":"default","ast-page-background-meta":{"desktop":{"background-color":"","background-image":"","background-repeat":"repeat","background-position":"center center","background-size":"auto","background-attachment":"scroll","background-type":"","background-media":"","overlay-type":"","overlay-color":"","overlay-opacity":"","overlay-gradient":""},"tablet":{"background-color":"","background-image":"","background-repeat":"repeat","background-position":"center center","background-size":"auto","background-attachment":"scroll","background-type":"","background-media":"","overlay-type":"","overlay-color":"","overlay-opacity":"","overlay-gradient":""},"mobile":{"background-color":"","background-image":"","background-repeat":"repeat","background-position":"center center","background-size":"auto","background-attachment":"scroll","background-type":"","background-media":"","overlay-type":"","overlay-color":"","overlay-opacity":"","overlay-gradient":""}},"ast-content-background-meta":{"desktop":{"background-color":"var(--ast-global-color-5)","background-image":"","background-repeat":"repeat","background-position":"center center","background-size":"auto","background-attachment":"scroll","background-type":"","background-media":"","overlay-type":"","overlay-color":"","overlay-opacity":"","overlay-gradient":""},"tablet":{"background-color":"var(--ast-global-color-5)","background-image":"","background-repeat":"repeat","background-position":"center center","background-size":"auto","background-attachment":"scroll","background-type":"","background-media":"","overlay-type":"","overlay-color":"","overlay-opacity":"","overlay-gradient":""},"mobile":{"background-color":"var(--ast-global-color-5)","background-image":"","background-repeat":"repeat","background-position":"center center","background-size":"auto","background-attachment":"scroll","background-type":"","background-media":"","overlay-type":"","overlay-color":"","overlay-opacity":"","overlay-gradient":""}}},"product_brand":[],"product_cat":[85],"product_tag":[],"class_list":{"0":"post-5400","1":"product","2":"type-product","3":"status-publish","4":"has-post-thumbnail","6":"product_cat-lithuania","7":"desktop-align-left","8":"tablet-align-left","9":"mobile-align-left","11":"first","12":"instock","13":"sale","14":"shipping-taxable","15":"purchasable","16":"product-type-simple","17":"add-to-wishlist-before_image"},"_links":{"self":[{"href":"https:\/\/colligatum.com\/en\/wp-json\/wp\/v2\/product\/5400","targetHints":{"allow":["GET"]}}],"collection":[{"href":"https:\/\/colligatum.com\/en\/wp-json\/wp\/v2\/product"}],"about":[{"href":"https:\/\/colligatum.com\/en\/wp-json\/wp\/v2\/types\/product"}],"version-history":[{"count":1,"href":"https:\/\/colligatum.com\/en\/wp-json\/wp\/v2\/product\/5400\/revisions"}],"predecessor-version":[{"id":5401,"href":"https:\/\/colligatum.com\/en\/wp-json\/wp\/v2\/product\/5400\/revisions\/5401"}],"wp:featuredmedia":[{"embeddable":true,"href":"https:\/\/colligatum.com\/en\/wp-json\/wp\/v2\/media\/5377"}],"wp:attachment":[{"href":"https:\/\/colligatum.com\/en\/wp-json\/wp\/v2\/media?parent=5400"}],"wp:term":[{"taxonomy":"product_brand","embeddable":true,"href":"https:\/\/colligatum.com\/en\/wp-json\/wp\/v2\/product_brand?post=5400"},{"taxonomy":"product_cat","embeddable":true,"href":"https:\/\/colligatum.com\/en\/wp-json\/wp\/v2\/product_cat?post=5400"},{"taxonomy":"product_tag","embeddable":true,"href":"https:\/\/colligatum.com\/en\/wp-json\/wp\/v2\/product_tag?post=5400"}],"curies":[{"name":"wp","href":"https:\/\/api.w.org\/{rel}","templated":true}]}}