{"id":5417,"date":"2024-11-11T15:49:25","date_gmt":"2024-11-11T15:49:25","guid":{"rendered":"https:\/\/shop.colligatum.com\/?post_type=product&#038;p=5417"},"modified":"2026-04-11T07:42:15","modified_gmt":"2026-04-11T05:42:15","slug":"chesterfield-blue-5","status":"publish","type":"product","link":"https:\/\/colligatum.com\/en\/product\/chesterfield-blue-5\/","title":{"rendered":"Chesterfield Blue"},"content":{"rendered":"<p data-pm-slice=\"1 3 []\">Apra\u0161ymas: Chesterfield &#8222;Blue&#8221; cigare\u010di\u0173 pakelis yra tradicinio dizaino, papuo\u0161tas Chesterfield prek\u0117s \u017eenklo logotipu ir i\u0161skirtine m\u0117lyna spalva, kuri pabr\u0117\u017eia \u0161veln\u0173 \u0161ios serijos charakter\u012f. Tai populiarus pasirinkimas tarp r\u016bkan\u010di\u0173j\u0173, vertinan\u010di\u0173 prek\u0117s \u017eenkl\u0105 d\u0117l jo ilgalaik\u0117s istorijos ir patikimumo.<\/p>\n<p>Value assessment:<\/p>\n<ul>\n<li>Kolekcin\u0117 vert\u0117: Vidutin\u0117, kadangi tai n\u0117ra riboto leidimo ar jubiliejinis leidimas.<\/li>\n<li>B\u016bkl\u0117s vertinimas: Puiki b\u016bkl\u0117, neatidarytas, su originalia pl\u0117vele, kas padidina jo vert\u0119 kolekcininkams.<\/li>\n<li>Istoriniai duomenys ir populiarumas: Chesterfield yra \u017einomas prek\u0117s \u017eenklas su ilgamete istorija, tod\u0117l pakelis gali b\u016bti patrauklus prek\u0117s \u017eenklo gerb\u0117jams.<\/li>\n<li>Rinkos tendencijos: \u012eprasti Chesterfield &#8222;Blue&#8221; pakeliai rinkoje da\u017eniausiai n\u0117ra labai vertinami kolekcinink\u0173, ta\u010diau yra paklaus\u016bs d\u0117l savo prek\u0117s \u017eenklo \u017einomumo.<\/li>\n<\/ul>","protected":false},"excerpt":{"rendered":"<p data-pm-slice=\"1 1 []\">Prek\u0117s \u017eenklas ir pavadinimas: Chesterfield &#8222;Blue&#8221;<\/p>\n<p>Size: 20 cigarettes<\/p>\n<p>Country of manufacture: Lithuania<\/p>\n<p>Production period: Unknown<\/p>\n<p>Package type: Hard package<\/p>","protected":false},"featured_media":26454,"template":"","meta":{"_surecart_dashboard_logo_width":"180px","_surecart_dashboard_show_logo":true,"_surecart_dashboard_navigation_orders":true,"_surecart_dashboard_navigation_invoices":true,"_surecart_dashboard_navigation_subscriptions":true,"_surecart_dashboard_navigation_downloads":true,"_surecart_dashboard_navigation_billing":true,"_surecart_dashboard_navigation_account":true,"site-sidebar-layout":"default","site-content-layout":"","ast-site-content-layout":"default","site-content-style":"default","site-sidebar-style":"default","ast-global-header-display":"","ast-banner-title-visibility":"","ast-main-header-display":"","ast-hfb-above-header-display":"","ast-hfb-below-header-display":"","ast-hfb-mobile-header-display":"","site-post-title":"","ast-breadcrumbs-content":"","ast-featured-img":"","footer-sml-layout":"","theme-transparent-header-meta":"default","adv-header-id-meta":"","stick-header-meta":"","header-above-stick-meta":"","header-main-stick-meta":"","header-below-stick-meta":"","astra-migrate-meta-layouts":"set","ast-page-background-enabled":"default","ast-page-background-meta":{"desktop":{"background-color":"","background-image":"","background-repeat":"repeat","background-position":"center center","background-size":"auto","background-attachment":"scroll","background-type":"","background-media":"","overlay-type":"","overlay-color":"","overlay-opacity":"","overlay-gradient":""},"tablet":{"background-color":"","background-image":"","background-repeat":"repeat","background-position":"center center","background-size":"auto","background-attachment":"scroll","background-type":"","background-media":"","overlay-type":"","overlay-color":"","overlay-opacity":"","overlay-gradient":""},"mobile":{"background-color":"","background-image":"","background-repeat":"repeat","background-position":"center center","background-size":"auto","background-attachment":"scroll","background-type":"","background-media":"","overlay-type":"","overlay-color":"","overlay-opacity":"","overlay-gradient":""}},"ast-content-background-meta":{"desktop":{"background-color":"var(--ast-global-color-5)","background-image":"","background-repeat":"repeat","background-position":"center center","background-size":"auto","background-attachment":"scroll","background-type":"","background-media":"","overlay-type":"","overlay-color":"","overlay-opacity":"","overlay-gradient":""},"tablet":{"background-color":"var(--ast-global-color-5)","background-image":"","background-repeat":"repeat","background-position":"center center","background-size":"auto","background-attachment":"scroll","background-type":"","background-media":"","overlay-type":"","overlay-color":"","overlay-opacity":"","overlay-gradient":""},"mobile":{"background-color":"var(--ast-global-color-5)","background-image":"","background-repeat":"repeat","background-position":"center center","background-size":"auto","background-attachment":"scroll","background-type":"","background-media":"","overlay-type":"","overlay-color":"","overlay-opacity":"","overlay-gradient":""}}},"product_brand":[],"product_cat":[85],"product_tag":[],"class_list":{"0":"post-5417","1":"product","2":"type-product","3":"status-publish","4":"has-post-thumbnail","6":"product_cat-lithuania","7":"desktop-align-left","8":"tablet-align-left","9":"mobile-align-left","11":"first","12":"instock","13":"sale","14":"shipping-taxable","15":"purchasable","16":"product-type-simple","17":"add-to-wishlist-before_image"},"_links":{"self":[{"href":"https:\/\/colligatum.com\/en\/wp-json\/wp\/v2\/product\/5417","targetHints":{"allow":["GET"]}}],"collection":[{"href":"https:\/\/colligatum.com\/en\/wp-json\/wp\/v2\/product"}],"about":[{"href":"https:\/\/colligatum.com\/en\/wp-json\/wp\/v2\/types\/product"}],"version-history":[{"count":1,"href":"https:\/\/colligatum.com\/en\/wp-json\/wp\/v2\/product\/5417\/revisions"}],"predecessor-version":[{"id":5418,"href":"https:\/\/colligatum.com\/en\/wp-json\/wp\/v2\/product\/5417\/revisions\/5418"}],"wp:featuredmedia":[{"embeddable":true,"href":"https:\/\/colligatum.com\/en\/wp-json\/wp\/v2\/media\/26454"}],"wp:attachment":[{"href":"https:\/\/colligatum.com\/en\/wp-json\/wp\/v2\/media?parent=5417"}],"wp:term":[{"taxonomy":"product_brand","embeddable":true,"href":"https:\/\/colligatum.com\/en\/wp-json\/wp\/v2\/product_brand?post=5417"},{"taxonomy":"product_cat","embeddable":true,"href":"https:\/\/colligatum.com\/en\/wp-json\/wp\/v2\/product_cat?post=5417"},{"taxonomy":"product_tag","embeddable":true,"href":"https:\/\/colligatum.com\/en\/wp-json\/wp\/v2\/product_tag?post=5417"}],"curies":[{"name":"wp","href":"https:\/\/api.w.org\/{rel}","templated":true}]}}