{"id":5467,"date":"2024-11-11T16:06:46","date_gmt":"2024-11-11T16:06:46","guid":{"rendered":"https:\/\/shop.colligatum.com\/?post_type=product&#038;p=5467"},"modified":"2024-11-12T17:15:06","modified_gmt":"2024-11-12T17:15:06","slug":"ld-blue","status":"publish","type":"product","link":"https:\/\/colligatum.com\/en\/product\/ld-blue\/","title":{"rendered":"LD Blue"},"content":{"rendered":"<p data-pm-slice=\"1 3 []\"><strong>Description:<\/strong> \u201eLD Blue\u201c cigare\u010di\u0173 pakelis yra klasikiniu m\u0117lynu dizainu su paprastu ir ai\u0161kiu logotipu. Jis skirtas vartotojams, ie\u0161kantiems vidutinio stiprumo cigare\u010di\u0173 su \u0161velnesniu skoniu. Pakelyje taip pat yra \u012fsp\u0117jimas apie r\u016bkymo poveik\u012f sveikatai, o kietas pakelis u\u017etikrina cigare\u010di\u0173 apsaug\u0105 nuo pa\u017eeidim\u0173.<\/p>\n<p><strong>Value assessment:<\/strong><\/p>\n<ul>\n<li><strong>Collectible value:<\/strong> \u017dema, nes tai n\u0117ra riboto leidimo ar jubiliejinis leidinys.<\/li>\n<li><strong>Condition assessment:<\/strong> Puiki (neatidarytas, su visais originaliais antspaudais).<\/li>\n<li><strong>Historical data and popularity:<\/strong> \u201eLD\u201c prek\u0117s \u017eenklas yra \u017einomas ES, ta\u010diau nesulaukia didelio kolekcinink\u0173 d\u0117mesio d\u0117l pla\u010dios prieinamumo rinkoje.<\/li>\n<li><strong>Market trends:<\/strong> Pana\u0161i\u0173 standartini\u0173 cigare\u010di\u0173 pakeli\u0173 vert\u0117 i\u0161lieka stabili, be didesni\u0173 rinkos svyravim\u0173.<\/li>\n<\/ul>","protected":false},"excerpt":{"rendered":"<p data-pm-slice=\"1 1 []\"><strong>Brand and name:<\/strong> LD Blue<\/p>\n<p><strong>Size:<\/strong> 20 cigarettes<\/p>\n<p><strong>Country of manufacture:<\/strong> Nenurodyta (ES gamyba)<\/p>\n<p><strong>Production period:<\/strong> Apie 2010 m.<\/p>\n<p><strong>Package type:<\/strong> Hard pack<\/p>","protected":false},"featured_media":5436,"template":"","meta":{"_surecart_dashboard_logo_width":"180px","_surecart_dashboard_show_logo":true,"_surecart_dashboard_navigation_orders":true,"_surecart_dashboard_navigation_invoices":true,"_surecart_dashboard_navigation_subscriptions":true,"_surecart_dashboard_navigation_downloads":true,"_surecart_dashboard_navigation_billing":true,"_surecart_dashboard_navigation_account":true,"site-sidebar-layout":"default","site-content-layout":"","ast-site-content-layout":"default","site-content-style":"default","site-sidebar-style":"default","ast-global-header-display":"","ast-banner-title-visibility":"","ast-main-header-display":"","ast-hfb-above-header-display":"","ast-hfb-below-header-display":"","ast-hfb-mobile-header-display":"","site-post-title":"","ast-breadcrumbs-content":"","ast-featured-img":"","footer-sml-layout":"","theme-transparent-header-meta":"default","adv-header-id-meta":"","stick-header-meta":"","header-above-stick-meta":"","header-main-stick-meta":"","header-below-stick-meta":"","astra-migrate-meta-layouts":"set","ast-page-background-enabled":"default","ast-page-background-meta":{"desktop":{"background-color":"","background-image":"","background-repeat":"repeat","background-position":"center center","background-size":"auto","background-attachment":"scroll","background-type":"","background-media":"","overlay-type":"","overlay-color":"","overlay-opacity":"","overlay-gradient":""},"tablet":{"background-color":"","background-image":"","background-repeat":"repeat","background-position":"center center","background-size":"auto","background-attachment":"scroll","background-type":"","background-media":"","overlay-type":"","overlay-color":"","overlay-opacity":"","overlay-gradient":""},"mobile":{"background-color":"","background-image":"","background-repeat":"repeat","background-position":"center center","background-size":"auto","background-attachment":"scroll","background-type":"","background-media":"","overlay-type":"","overlay-color":"","overlay-opacity":"","overlay-gradient":""}},"ast-content-background-meta":{"desktop":{"background-color":"var(--ast-global-color-5)","background-image":"","background-repeat":"repeat","background-position":"center center","background-size":"auto","background-attachment":"scroll","background-type":"","background-media":"","overlay-type":"","overlay-color":"","overlay-opacity":"","overlay-gradient":""},"tablet":{"background-color":"var(--ast-global-color-5)","background-image":"","background-repeat":"repeat","background-position":"center center","background-size":"auto","background-attachment":"scroll","background-type":"","background-media":"","overlay-type":"","overlay-color":"","overlay-opacity":"","overlay-gradient":""},"mobile":{"background-color":"var(--ast-global-color-5)","background-image":"","background-repeat":"repeat","background-position":"center center","background-size":"auto","background-attachment":"scroll","background-type":"","background-media":"","overlay-type":"","overlay-color":"","overlay-opacity":"","overlay-gradient":""}}},"product_brand":[],"product_cat":[85],"product_tag":[],"class_list":{"0":"post-5467","1":"product","2":"type-product","3":"status-publish","4":"has-post-thumbnail","6":"product_cat-lithuania","7":"desktop-align-left","8":"tablet-align-left","9":"mobile-align-left","11":"first","12":"instock","13":"sale","14":"shipping-taxable","15":"purchasable","16":"product-type-simple","17":"add-to-wishlist-before_image"},"_links":{"self":[{"href":"https:\/\/colligatum.com\/en\/wp-json\/wp\/v2\/product\/5467","targetHints":{"allow":["GET"]}}],"collection":[{"href":"https:\/\/colligatum.com\/en\/wp-json\/wp\/v2\/product"}],"about":[{"href":"https:\/\/colligatum.com\/en\/wp-json\/wp\/v2\/types\/product"}],"version-history":[{"count":1,"href":"https:\/\/colligatum.com\/en\/wp-json\/wp\/v2\/product\/5467\/revisions"}],"predecessor-version":[{"id":5468,"href":"https:\/\/colligatum.com\/en\/wp-json\/wp\/v2\/product\/5467\/revisions\/5468"}],"wp:featuredmedia":[{"embeddable":true,"href":"https:\/\/colligatum.com\/en\/wp-json\/wp\/v2\/media\/5436"}],"wp:attachment":[{"href":"https:\/\/colligatum.com\/en\/wp-json\/wp\/v2\/media?parent=5467"}],"wp:term":[{"taxonomy":"product_brand","embeddable":true,"href":"https:\/\/colligatum.com\/en\/wp-json\/wp\/v2\/product_brand?post=5467"},{"taxonomy":"product_cat","embeddable":true,"href":"https:\/\/colligatum.com\/en\/wp-json\/wp\/v2\/product_cat?post=5467"},{"taxonomy":"product_tag","embeddable":true,"href":"https:\/\/colligatum.com\/en\/wp-json\/wp\/v2\/product_tag?post=5467"}],"curies":[{"name":"wp","href":"https:\/\/api.w.org\/{rel}","templated":true}]}}