{"id":5469,"date":"2024-11-11T16:07:31","date_gmt":"2024-11-11T16:07:31","guid":{"rendered":"https:\/\/shop.colligatum.com\/?post_type=product&#038;p=5469"},"modified":"2024-11-12T17:14:55","modified_gmt":"2024-11-12T17:14:55","slug":"ld-menthol-slims","status":"publish","type":"product","link":"https:\/\/colligatum.com\/en\/product\/ld-menthol-slims\/","title":{"rendered":"LD Menthol Slims"},"content":{"rendered":"<p data-pm-slice=\"1 3 []\"><strong>Description:<\/strong> LD Menthol Slims yra plono formato mentolio skonio cigare\u010di\u0173 pakelis. Dizainas i\u0161siskiria \u017ealsvais ir baltais atspalviais, kurie simbolizuoja gaiv\u0173 mentolio skon\u012f. Pagrindiniame pakelio dizaino elemente vaizduojamas LD logotipas ir \u201eMenthol Slims\u201c u\u017era\u0161as. \u012esp\u0117jimas d\u0117l r\u016bkymo sveikatos gr\u0117sm\u0117s pabr\u0117\u017eia r\u016bkymo pavoj\u0173 sveikatai.<\/p>\n<p><strong>Value assessment:<\/strong><\/p>\n<ul>\n<li><strong>Collectible value:<\/strong> Vidutin\u0117, kadangi tai n\u0117ra riboto leidimo pakelis, ta\u010diau gali b\u016bti \u012fdomus kolekcininkams d\u0117l mentolio skonio populiarumo.<\/li>\n<li><strong>Condition assessment:<\/strong> Puiki (neatidarytas ir gerai i\u0161silaik\u0119s pakelis).<\/li>\n<li><strong>Historical data and popularity:<\/strong> LD yra \u017einomas prekinis \u017eenklas Lietuvoje, o mentolio cigaret\u0117s da\u017enai sulaukia papildomo kolekcinink\u0173 d\u0117mesio d\u0117l unikalaus skonio.<\/li>\n<li><strong>Market trends:<\/strong> Mentolio cigare\u010di\u0173 pakeliai yra vis dar paklaus\u016bs, ypa\u010d tarp specifin\u0117s auditorijos, vertinan\u010dios gaiv\u0173 skon\u012f.<\/li>\n<\/ul>","protected":false},"excerpt":{"rendered":"<p data-pm-slice=\"1 1 []\"><strong>Brand and name:<\/strong> LD Menthol Slims<\/p>\n<p><strong>Size:<\/strong> 20 cigarettes<\/p>\n<p><strong>Country of manufacture:<\/strong> Lithuania<\/p>\n<p><strong>Production period:<\/strong> Around 2010\u20132020.<\/p>\n<p><strong>Package type:<\/strong> Soft pack<\/p>","protected":false},"featured_media":5438,"template":"","meta":{"_surecart_dashboard_logo_width":"180px","_surecart_dashboard_show_logo":true,"_surecart_dashboard_navigation_orders":true,"_surecart_dashboard_navigation_invoices":true,"_surecart_dashboard_navigation_subscriptions":true,"_surecart_dashboard_navigation_downloads":true,"_surecart_dashboard_navigation_billing":true,"_surecart_dashboard_navigation_account":true,"site-sidebar-layout":"default","site-content-layout":"","ast-site-content-layout":"default","site-content-style":"default","site-sidebar-style":"default","ast-global-header-display":"","ast-banner-title-visibility":"","ast-main-header-display":"","ast-hfb-above-header-display":"","ast-hfb-below-header-display":"","ast-hfb-mobile-header-display":"","site-post-title":"","ast-breadcrumbs-content":"","ast-featured-img":"","footer-sml-layout":"","theme-transparent-header-meta":"default","adv-header-id-meta":"","stick-header-meta":"","header-above-stick-meta":"","header-main-stick-meta":"","header-below-stick-meta":"","astra-migrate-meta-layouts":"set","ast-page-background-enabled":"default","ast-page-background-meta":{"desktop":{"background-color":"","background-image":"","background-repeat":"repeat","background-position":"center center","background-size":"auto","background-attachment":"scroll","background-type":"","background-media":"","overlay-type":"","overlay-color":"","overlay-opacity":"","overlay-gradient":""},"tablet":{"background-color":"","background-image":"","background-repeat":"repeat","background-position":"center center","background-size":"auto","background-attachment":"scroll","background-type":"","background-media":"","overlay-type":"","overlay-color":"","overlay-opacity":"","overlay-gradient":""},"mobile":{"background-color":"","background-image":"","background-repeat":"repeat","background-position":"center center","background-size":"auto","background-attachment":"scroll","background-type":"","background-media":"","overlay-type":"","overlay-color":"","overlay-opacity":"","overlay-gradient":""}},"ast-content-background-meta":{"desktop":{"background-color":"var(--ast-global-color-5)","background-image":"","background-repeat":"repeat","background-position":"center center","background-size":"auto","background-attachment":"scroll","background-type":"","background-media":"","overlay-type":"","overlay-color":"","overlay-opacity":"","overlay-gradient":""},"tablet":{"background-color":"var(--ast-global-color-5)","background-image":"","background-repeat":"repeat","background-position":"center center","background-size":"auto","background-attachment":"scroll","background-type":"","background-media":"","overlay-type":"","overlay-color":"","overlay-opacity":"","overlay-gradient":""},"mobile":{"background-color":"var(--ast-global-color-5)","background-image":"","background-repeat":"repeat","background-position":"center center","background-size":"auto","background-attachment":"scroll","background-type":"","background-media":"","overlay-type":"","overlay-color":"","overlay-opacity":"","overlay-gradient":""}}},"product_brand":[],"product_cat":[85],"product_tag":[],"class_list":{"0":"post-5469","1":"product","2":"type-product","3":"status-publish","4":"has-post-thumbnail","6":"product_cat-lithuania","7":"desktop-align-left","8":"tablet-align-left","9":"mobile-align-left","11":"first","12":"instock","13":"sale","14":"shipping-taxable","15":"purchasable","16":"product-type-simple","17":"add-to-wishlist-before_image"},"_links":{"self":[{"href":"https:\/\/colligatum.com\/en\/wp-json\/wp\/v2\/product\/5469","targetHints":{"allow":["GET"]}}],"collection":[{"href":"https:\/\/colligatum.com\/en\/wp-json\/wp\/v2\/product"}],"about":[{"href":"https:\/\/colligatum.com\/en\/wp-json\/wp\/v2\/types\/product"}],"version-history":[{"count":1,"href":"https:\/\/colligatum.com\/en\/wp-json\/wp\/v2\/product\/5469\/revisions"}],"predecessor-version":[{"id":5470,"href":"https:\/\/colligatum.com\/en\/wp-json\/wp\/v2\/product\/5469\/revisions\/5470"}],"wp:featuredmedia":[{"embeddable":true,"href":"https:\/\/colligatum.com\/en\/wp-json\/wp\/v2\/media\/5438"}],"wp:attachment":[{"href":"https:\/\/colligatum.com\/en\/wp-json\/wp\/v2\/media?parent=5469"}],"wp:term":[{"taxonomy":"product_brand","embeddable":true,"href":"https:\/\/colligatum.com\/en\/wp-json\/wp\/v2\/product_brand?post=5469"},{"taxonomy":"product_cat","embeddable":true,"href":"https:\/\/colligatum.com\/en\/wp-json\/wp\/v2\/product_cat?post=5469"},{"taxonomy":"product_tag","embeddable":true,"href":"https:\/\/colligatum.com\/en\/wp-json\/wp\/v2\/product_tag?post=5469"}],"curies":[{"name":"wp","href":"https:\/\/api.w.org\/{rel}","templated":true}]}}