{"id":5475,"date":"2024-11-11T16:09:45","date_gmt":"2024-11-11T16:09:45","guid":{"rendered":"https:\/\/shop.colligatum.com\/?post_type=product&#038;p=5475"},"modified":"2024-11-12T17:14:11","modified_gmt":"2024-11-12T17:14:11","slug":"ld-blue-2","status":"publish","type":"product","link":"https:\/\/colligatum.com\/en\/product\/ld-blue-2\/","title":{"rendered":"LD Blue"},"content":{"rendered":"<p data-pm-slice=\"1 3 []\">Apra\u0161ymas: LD &#8222;Blue&#8221; cigare\u010di\u0173 pakelis, i\u0161siskiriantis m\u0117lynos spalvos minimalistiniu dizainu, su \u012fprasta LD logotipine estetika. \u0160is pakelis su \u012fsp\u0117jimu apie r\u016bkymo \u017eal\u0105 sveikatai ir mokes\u010di\u0173 \u017eenklu rodo, kad produktas buvo skirtas Europos rinkai. Tai standartinis LD linijos pakelis, vertinamas paprastumu ir tvirtumu.<\/p>\n<p>Value assessment:<\/p>\n<ul>\n<li>Kolekcin\u0117 vert\u0117: Vidutin\u0117, nes tai n\u0117ra riboto leidimo leidinys.<\/li>\n<li>Condition rating: Excellent condition (unopened, with all original packaging).<\/li>\n<li>Istoriniai duomenys ir populiarumas: LD prek\u0117s \u017eenklas yra gerai \u017einomas tarp biud\u017eetini\u0173 cigare\u010di\u0173 gamini\u0173 Europoje.<\/li>\n<li>Rinkos tendencijos: Pakuot\u0117s su originaliais mokes\u010di\u0173 \u017eenklais gali b\u016bti vertinamos kolekcionieri\u0173, ta\u010diau LD cigare\u010di\u0173 pakeliai neturi didel\u0117s vert\u0117s rinkoje.<\/li>\n<\/ul>","protected":false},"excerpt":{"rendered":"<p data-pm-slice=\"1 1 []\">Prek\u0117s \u017eenklas ir pavadinimas: LD &#8222;Blue&#8221;<\/p>\n<p>Size: 20 cigarettes<\/p>\n<p>Gamybos \u0161alis: Europos S\u0105junga<\/p>\n<p>Production period: Unknown<\/p>\n<p>Package type: Hard package<\/p>","protected":false},"featured_media":5444,"template":"","meta":{"_surecart_dashboard_logo_width":"180px","_surecart_dashboard_show_logo":true,"_surecart_dashboard_navigation_orders":true,"_surecart_dashboard_navigation_invoices":true,"_surecart_dashboard_navigation_subscriptions":true,"_surecart_dashboard_navigation_downloads":true,"_surecart_dashboard_navigation_billing":true,"_surecart_dashboard_navigation_account":true,"site-sidebar-layout":"default","site-content-layout":"","ast-site-content-layout":"default","site-content-style":"default","site-sidebar-style":"default","ast-global-header-display":"","ast-banner-title-visibility":"","ast-main-header-display":"","ast-hfb-above-header-display":"","ast-hfb-below-header-display":"","ast-hfb-mobile-header-display":"","site-post-title":"","ast-breadcrumbs-content":"","ast-featured-img":"","footer-sml-layout":"","theme-transparent-header-meta":"default","adv-header-id-meta":"","stick-header-meta":"","header-above-stick-meta":"","header-main-stick-meta":"","header-below-stick-meta":"","astra-migrate-meta-layouts":"set","ast-page-background-enabled":"default","ast-page-background-meta":{"desktop":{"background-color":"","background-image":"","background-repeat":"repeat","background-position":"center center","background-size":"auto","background-attachment":"scroll","background-type":"","background-media":"","overlay-type":"","overlay-color":"","overlay-opacity":"","overlay-gradient":""},"tablet":{"background-color":"","background-image":"","background-repeat":"repeat","background-position":"center center","background-size":"auto","background-attachment":"scroll","background-type":"","background-media":"","overlay-type":"","overlay-color":"","overlay-opacity":"","overlay-gradient":""},"mobile":{"background-color":"","background-image":"","background-repeat":"repeat","background-position":"center center","background-size":"auto","background-attachment":"scroll","background-type":"","background-media":"","overlay-type":"","overlay-color":"","overlay-opacity":"","overlay-gradient":""}},"ast-content-background-meta":{"desktop":{"background-color":"var(--ast-global-color-5)","background-image":"","background-repeat":"repeat","background-position":"center center","background-size":"auto","background-attachment":"scroll","background-type":"","background-media":"","overlay-type":"","overlay-color":"","overlay-opacity":"","overlay-gradient":""},"tablet":{"background-color":"var(--ast-global-color-5)","background-image":"","background-repeat":"repeat","background-position":"center center","background-size":"auto","background-attachment":"scroll","background-type":"","background-media":"","overlay-type":"","overlay-color":"","overlay-opacity":"","overlay-gradient":""},"mobile":{"background-color":"var(--ast-global-color-5)","background-image":"","background-repeat":"repeat","background-position":"center center","background-size":"auto","background-attachment":"scroll","background-type":"","background-media":"","overlay-type":"","overlay-color":"","overlay-opacity":"","overlay-gradient":""}}},"product_brand":[],"product_cat":[85],"product_tag":[],"class_list":{"0":"post-5475","1":"product","2":"type-product","3":"status-publish","4":"has-post-thumbnail","6":"product_cat-lithuania","7":"desktop-align-left","8":"tablet-align-left","9":"mobile-align-left","11":"first","12":"instock","13":"sale","14":"shipping-taxable","15":"purchasable","16":"product-type-simple","17":"add-to-wishlist-before_image"},"_links":{"self":[{"href":"https:\/\/colligatum.com\/en\/wp-json\/wp\/v2\/product\/5475","targetHints":{"allow":["GET"]}}],"collection":[{"href":"https:\/\/colligatum.com\/en\/wp-json\/wp\/v2\/product"}],"about":[{"href":"https:\/\/colligatum.com\/en\/wp-json\/wp\/v2\/types\/product"}],"version-history":[{"count":1,"href":"https:\/\/colligatum.com\/en\/wp-json\/wp\/v2\/product\/5475\/revisions"}],"predecessor-version":[{"id":5476,"href":"https:\/\/colligatum.com\/en\/wp-json\/wp\/v2\/product\/5475\/revisions\/5476"}],"wp:featuredmedia":[{"embeddable":true,"href":"https:\/\/colligatum.com\/en\/wp-json\/wp\/v2\/media\/5444"}],"wp:attachment":[{"href":"https:\/\/colligatum.com\/en\/wp-json\/wp\/v2\/media?parent=5475"}],"wp:term":[{"taxonomy":"product_brand","embeddable":true,"href":"https:\/\/colligatum.com\/en\/wp-json\/wp\/v2\/product_brand?post=5475"},{"taxonomy":"product_cat","embeddable":true,"href":"https:\/\/colligatum.com\/en\/wp-json\/wp\/v2\/product_cat?post=5475"},{"taxonomy":"product_tag","embeddable":true,"href":"https:\/\/colligatum.com\/en\/wp-json\/wp\/v2\/product_tag?post=5475"}],"curies":[{"name":"wp","href":"https:\/\/api.w.org\/{rel}","templated":true}]}}