{"id":5479,"date":"2024-11-11T16:11:30","date_gmt":"2024-11-11T16:11:30","guid":{"rendered":"https:\/\/shop.colligatum.com\/?post_type=product&#038;p=5479"},"modified":"2024-11-12T17:13:51","modified_gmt":"2024-11-12T17:13:51","slug":"ld-silver","status":"publish","type":"product","link":"https:\/\/colligatum.com\/en\/product\/ld-silver\/","title":{"rendered":"LD Silver"},"content":{"rendered":"<p data-pm-slice=\"1 3 []\"><strong>Description:<\/strong> \u0160is LD cigare\u010di\u0173 pakelis yra paprasto ir eleganti\u0161ko dizaino, pasi\u017eymintis sidabrine spalva su subtiliais logotipais. LD prek\u0117s \u017eenklas yra \u017einomas d\u0117l savo prieinamos kainos ir paprastumo, o &#8222;Silver&#8221; leidimas i\u0161siskiria minimalistiniu stiliumi. \u012esp\u0117jimas apie r\u016bkymo \u017eal\u0105 yra ry\u0161kiai pavaizduotas, pabr\u0117\u017eiant sveikatos pavojus.<\/p>\n<p><strong>Value assessment:<\/strong><\/p>\n<ul>\n<li><strong>Collectible value:<\/strong> Vidutin\u0117, kadangi \u0161is pakelis n\u0117ra riboto leidimo ar jubiliejinis, bet gali b\u016bti \u012fdomus kolekcininkams d\u0117l savo b\u016bkl\u0117s.<\/li>\n<li><strong>Condition assessment:<\/strong> Unopened, in excellent condition.<\/li>\n<li><strong>Historical data and popularity:<\/strong> LD prek\u0117s \u017eenklas populiarus Ryt\u0173 Europos rinkose, ta\u010diau n\u0117ra ypatingai ie\u0161komas tarp kolekcinink\u0173.<\/li>\n<\/ul>","protected":false},"excerpt":{"rendered":"<p data-pm-slice=\"1 1 []\"><strong>Brand and name:<\/strong> LD &#8222;Silver&#8221;<\/p>\n<p><strong>Size:<\/strong> 20 cigarettes<\/p>\n<p><strong>Country of manufacture:<\/strong> Lithuania<\/p>\n<p><strong>Production period:<\/strong> Unknown (modern edition)<\/p>\n<p><strong>Package type:<\/strong> Hard pack<\/p>","protected":false},"featured_media":5448,"template":"","meta":{"_surecart_dashboard_logo_width":"180px","_surecart_dashboard_show_logo":true,"_surecart_dashboard_navigation_orders":true,"_surecart_dashboard_navigation_invoices":true,"_surecart_dashboard_navigation_subscriptions":true,"_surecart_dashboard_navigation_downloads":true,"_surecart_dashboard_navigation_billing":true,"_surecart_dashboard_navigation_account":true,"site-sidebar-layout":"default","site-content-layout":"","ast-site-content-layout":"default","site-content-style":"default","site-sidebar-style":"default","ast-global-header-display":"","ast-banner-title-visibility":"","ast-main-header-display":"","ast-hfb-above-header-display":"","ast-hfb-below-header-display":"","ast-hfb-mobile-header-display":"","site-post-title":"","ast-breadcrumbs-content":"","ast-featured-img":"","footer-sml-layout":"","theme-transparent-header-meta":"default","adv-header-id-meta":"","stick-header-meta":"","header-above-stick-meta":"","header-main-stick-meta":"","header-below-stick-meta":"","astra-migrate-meta-layouts":"set","ast-page-background-enabled":"default","ast-page-background-meta":{"desktop":{"background-color":"","background-image":"","background-repeat":"repeat","background-position":"center center","background-size":"auto","background-attachment":"scroll","background-type":"","background-media":"","overlay-type":"","overlay-color":"","overlay-opacity":"","overlay-gradient":""},"tablet":{"background-color":"","background-image":"","background-repeat":"repeat","background-position":"center center","background-size":"auto","background-attachment":"scroll","background-type":"","background-media":"","overlay-type":"","overlay-color":"","overlay-opacity":"","overlay-gradient":""},"mobile":{"background-color":"","background-image":"","background-repeat":"repeat","background-position":"center center","background-size":"auto","background-attachment":"scroll","background-type":"","background-media":"","overlay-type":"","overlay-color":"","overlay-opacity":"","overlay-gradient":""}},"ast-content-background-meta":{"desktop":{"background-color":"var(--ast-global-color-5)","background-image":"","background-repeat":"repeat","background-position":"center center","background-size":"auto","background-attachment":"scroll","background-type":"","background-media":"","overlay-type":"","overlay-color":"","overlay-opacity":"","overlay-gradient":""},"tablet":{"background-color":"var(--ast-global-color-5)","background-image":"","background-repeat":"repeat","background-position":"center center","background-size":"auto","background-attachment":"scroll","background-type":"","background-media":"","overlay-type":"","overlay-color":"","overlay-opacity":"","overlay-gradient":""},"mobile":{"background-color":"var(--ast-global-color-5)","background-image":"","background-repeat":"repeat","background-position":"center center","background-size":"auto","background-attachment":"scroll","background-type":"","background-media":"","overlay-type":"","overlay-color":"","overlay-opacity":"","overlay-gradient":""}}},"product_brand":[],"product_cat":[85],"product_tag":[],"class_list":{"0":"post-5479","1":"product","2":"type-product","3":"status-publish","4":"has-post-thumbnail","6":"product_cat-lithuania","7":"desktop-align-left","8":"tablet-align-left","9":"mobile-align-left","11":"first","12":"instock","13":"sale","14":"shipping-taxable","15":"purchasable","16":"product-type-simple","17":"add-to-wishlist-before_image"},"_links":{"self":[{"href":"https:\/\/colligatum.com\/en\/wp-json\/wp\/v2\/product\/5479","targetHints":{"allow":["GET"]}}],"collection":[{"href":"https:\/\/colligatum.com\/en\/wp-json\/wp\/v2\/product"}],"about":[{"href":"https:\/\/colligatum.com\/en\/wp-json\/wp\/v2\/types\/product"}],"version-history":[{"count":1,"href":"https:\/\/colligatum.com\/en\/wp-json\/wp\/v2\/product\/5479\/revisions"}],"predecessor-version":[{"id":5480,"href":"https:\/\/colligatum.com\/en\/wp-json\/wp\/v2\/product\/5479\/revisions\/5480"}],"wp:featuredmedia":[{"embeddable":true,"href":"https:\/\/colligatum.com\/en\/wp-json\/wp\/v2\/media\/5448"}],"wp:attachment":[{"href":"https:\/\/colligatum.com\/en\/wp-json\/wp\/v2\/media?parent=5479"}],"wp:term":[{"taxonomy":"product_brand","embeddable":true,"href":"https:\/\/colligatum.com\/en\/wp-json\/wp\/v2\/product_brand?post=5479"},{"taxonomy":"product_cat","embeddable":true,"href":"https:\/\/colligatum.com\/en\/wp-json\/wp\/v2\/product_cat?post=5479"},{"taxonomy":"product_tag","embeddable":true,"href":"https:\/\/colligatum.com\/en\/wp-json\/wp\/v2\/product_tag?post=5479"}],"curies":[{"name":"wp","href":"https:\/\/api.w.org\/{rel}","templated":true}]}}