{"id":5483,"date":"2024-11-11T16:13:22","date_gmt":"2024-11-11T16:13:22","guid":{"rendered":"https:\/\/shop.colligatum.com\/?post_type=product&#038;p=5483"},"modified":"2024-11-12T17:13:13","modified_gmt":"2024-11-12T17:13:13","slug":"ld-red-2","status":"publish","type":"product","link":"https:\/\/colligatum.com\/en\/product\/ld-red-2\/","title":{"rendered":"LD Red"},"content":{"rendered":"<p data-pm-slice=\"1 1 []\"><strong>Apra\u0161ymas: \u201eLD Red\u201c cigare\u010di\u0173 pakelis i\u0161siskiria minimalistiniu dizainu su raudonais akcentais ir dideliu \u012fsp\u0117jimu apie r\u016bkymo \u017eal\u0105 sveikatai. \u0160i pakuot\u0117 buvo populiari tarp biud\u017eetini\u0173 cigare\u010di\u0173 m\u0117g\u0117j\u0173 ir yra pa\u017eym\u0117ta senoviniu Lietuvos mokestiniu \u017eenklu su 2,60 Lt kaina, kas suteikia pakeliui papildom\u0105 istorin\u0119 vert\u0119.<\/strong><\/p>\n<p data-pm-slice=\"1 1 []\"><strong>Value assessment:<\/strong><br \/>\n<strong>Collectible value:<\/strong> Vidutin\u0117, nes tai n\u0117ra riboto leidimo leidinys.<br \/>\n<strong>Condition assessment:<\/strong> Neatidarytas ir puikios b\u016bkl\u0117s, kas padidina jo vert\u0119 kolekcininkams.<br \/>\n<strong>Historical data and popularity:<\/strong> LD prek\u0117s \u017eenklas yra \u017einomas tarp biud\u017eetini\u0173 cigare\u010di\u0173 vartotoj\u0173, tod\u0117l turi tam tikr\u0105 kolekcin\u0119 vert\u0119.<br \/>\n<strong>Market trends:<\/strong> Paprasti pakeliai n\u0117ra labai vertinami kolekcinink\u0173 rinkoje, ta\u010diau j\u0173 vert\u0117 gali padid\u0117ti d\u0117l senovi\u0161kos kainos etiketes ir istorin\u0117s reik\u0161m\u0117s.<\/p>","protected":false},"excerpt":{"rendered":"<p data-pm-slice=\"1 1 []\"><strong>Brand and name:<\/strong> LD Red<br \/>\n<strong>Size:<\/strong> 20 cigarettes<br \/>\n<strong>Country of manufacture:<\/strong> Not specified<br \/>\n<strong>Production period:<\/strong> End of the 20th century \u2013 beginning of the 21st century<br \/>\n<strong>Package type:<\/strong> Hard pack<\/p>","protected":false},"featured_media":5452,"template":"","meta":{"_surecart_dashboard_logo_width":"180px","_surecart_dashboard_show_logo":true,"_surecart_dashboard_navigation_orders":true,"_surecart_dashboard_navigation_invoices":true,"_surecart_dashboard_navigation_subscriptions":true,"_surecart_dashboard_navigation_downloads":true,"_surecart_dashboard_navigation_billing":true,"_surecart_dashboard_navigation_account":true,"site-sidebar-layout":"default","site-content-layout":"","ast-site-content-layout":"default","site-content-style":"default","site-sidebar-style":"default","ast-global-header-display":"","ast-banner-title-visibility":"","ast-main-header-display":"","ast-hfb-above-header-display":"","ast-hfb-below-header-display":"","ast-hfb-mobile-header-display":"","site-post-title":"","ast-breadcrumbs-content":"","ast-featured-img":"","footer-sml-layout":"","theme-transparent-header-meta":"default","adv-header-id-meta":"","stick-header-meta":"","header-above-stick-meta":"","header-main-stick-meta":"","header-below-stick-meta":"","astra-migrate-meta-layouts":"set","ast-page-background-enabled":"default","ast-page-background-meta":{"desktop":{"background-color":"","background-image":"","background-repeat":"repeat","background-position":"center center","background-size":"auto","background-attachment":"scroll","background-type":"","background-media":"","overlay-type":"","overlay-color":"","overlay-opacity":"","overlay-gradient":""},"tablet":{"background-color":"","background-image":"","background-repeat":"repeat","background-position":"center center","background-size":"auto","background-attachment":"scroll","background-type":"","background-media":"","overlay-type":"","overlay-color":"","overlay-opacity":"","overlay-gradient":""},"mobile":{"background-color":"","background-image":"","background-repeat":"repeat","background-position":"center center","background-size":"auto","background-attachment":"scroll","background-type":"","background-media":"","overlay-type":"","overlay-color":"","overlay-opacity":"","overlay-gradient":""}},"ast-content-background-meta":{"desktop":{"background-color":"var(--ast-global-color-5)","background-image":"","background-repeat":"repeat","background-position":"center center","background-size":"auto","background-attachment":"scroll","background-type":"","background-media":"","overlay-type":"","overlay-color":"","overlay-opacity":"","overlay-gradient":""},"tablet":{"background-color":"var(--ast-global-color-5)","background-image":"","background-repeat":"repeat","background-position":"center center","background-size":"auto","background-attachment":"scroll","background-type":"","background-media":"","overlay-type":"","overlay-color":"","overlay-opacity":"","overlay-gradient":""},"mobile":{"background-color":"var(--ast-global-color-5)","background-image":"","background-repeat":"repeat","background-position":"center center","background-size":"auto","background-attachment":"scroll","background-type":"","background-media":"","overlay-type":"","overlay-color":"","overlay-opacity":"","overlay-gradient":""}}},"product_brand":[],"product_cat":[85],"product_tag":[],"class_list":{"0":"post-5483","1":"product","2":"type-product","3":"status-publish","4":"has-post-thumbnail","6":"product_cat-lithuania","7":"desktop-align-left","8":"tablet-align-left","9":"mobile-align-left","11":"first","12":"instock","13":"sale","14":"shipping-taxable","15":"purchasable","16":"product-type-simple","17":"add-to-wishlist-before_image"},"_links":{"self":[{"href":"https:\/\/colligatum.com\/en\/wp-json\/wp\/v2\/product\/5483","targetHints":{"allow":["GET"]}}],"collection":[{"href":"https:\/\/colligatum.com\/en\/wp-json\/wp\/v2\/product"}],"about":[{"href":"https:\/\/colligatum.com\/en\/wp-json\/wp\/v2\/types\/product"}],"version-history":[{"count":1,"href":"https:\/\/colligatum.com\/en\/wp-json\/wp\/v2\/product\/5483\/revisions"}],"predecessor-version":[{"id":5484,"href":"https:\/\/colligatum.com\/en\/wp-json\/wp\/v2\/product\/5483\/revisions\/5484"}],"wp:featuredmedia":[{"embeddable":true,"href":"https:\/\/colligatum.com\/en\/wp-json\/wp\/v2\/media\/5452"}],"wp:attachment":[{"href":"https:\/\/colligatum.com\/en\/wp-json\/wp\/v2\/media?parent=5483"}],"wp:term":[{"taxonomy":"product_brand","embeddable":true,"href":"https:\/\/colligatum.com\/en\/wp-json\/wp\/v2\/product_brand?post=5483"},{"taxonomy":"product_cat","embeddable":true,"href":"https:\/\/colligatum.com\/en\/wp-json\/wp\/v2\/product_cat?post=5483"},{"taxonomy":"product_tag","embeddable":true,"href":"https:\/\/colligatum.com\/en\/wp-json\/wp\/v2\/product_tag?post=5483"}],"curies":[{"name":"wp","href":"https:\/\/api.w.org\/{rel}","templated":true}]}}