{"id":5533,"date":"2024-11-11T16:59:13","date_gmt":"2024-11-11T16:59:13","guid":{"rendered":"https:\/\/shop.colligatum.com\/?post_type=product&#038;p=5533"},"modified":"2026-03-20T09:49:02","modified_gmt":"2026-03-20T07:49:02","slug":"bond-street-silver","status":"publish","type":"product","link":"https:\/\/colligatum.com\/en\/product\/bond-street-silver\/","title":{"rendered":"Bond Street Silver"},"content":{"rendered":"<p data-pm-slice=\"1 3 []\"><strong>Description:<\/strong> \u0160is \u201eBond Street Silver\u201c cigare\u010di\u0173 pakelis pasi\u017eymi minimalistiniu, sidabriniu dizainu su subtiliomis g\u0117li\u0173 motyvomis ir m\u0117lynomis detal\u0117mis, kas suteikia elegancijos ir gaivumo \u012fsp\u016bd\u012f. Pakelio priekyje yra sveikatos apsaugos ministerijos \u012fsp\u0117jimas apie r\u016bkymo pavoj\u0173 sveikatai, taip pat Lietuvos banderol\u0117 su kaina litais, kas rodo, kad \u0161is pakelis buvo skirtas Lietuvos rinkai iki euro \u012fvedimo.<\/p>\n<p><strong>Value assessment:<\/strong><\/p>\n<ul>\n<li><strong>Collectible value:<\/strong> Vidutin\u0117, kadangi \u0161is dizainas yra gan \u012fprastas, bet vis d\u0117lto gali dominti kolekcininkus d\u0117l specifinio laikotarpio ir gamintojo.<\/li>\n<li><strong>Condition assessment:<\/strong> New, undamaged package, original packaging.<\/li>\n<li><strong>Historical data and popularity:<\/strong> \u201eBond Street\u201c yra vienas i\u0161 populiari\u0173 Philip Morris International preki\u0173 \u017eenkl\u0173, \u017einomas d\u0117l savo klasikinio amerikieti\u0161ko skonio mi\u0161ini\u0173.<\/li>\n<li><strong>Market trends:<\/strong> Tokie pakeliai i\u0161liks stabilios vert\u0117s kolekcinink\u0173 rinkoje, ta\u010diau vert\u0117 gali augti laikui b\u0117gant, jei i\u0161liks puikios b\u016bkl\u0117s.<\/li>\n<\/ul>","protected":false},"excerpt":{"rendered":"<p data-pm-slice=\"1 1 []\"><strong>Brand and name:<\/strong> Bond Street Silver<\/p>\n<p><strong>Size:<\/strong> 20 cigarettes<\/p>\n<p><strong>Country of manufacture:<\/strong> ES, gamintojas Philip Morris International<\/p>\n<p><strong>Production period:<\/strong> Circa early 2000s<\/p>\n<p><strong>Package type:<\/strong> Hard<\/p>","protected":false},"featured_media":5534,"template":"","meta":{"_surecart_dashboard_logo_width":"180px","_surecart_dashboard_show_logo":true,"_surecart_dashboard_navigation_orders":true,"_surecart_dashboard_navigation_invoices":true,"_surecart_dashboard_navigation_subscriptions":true,"_surecart_dashboard_navigation_downloads":true,"_surecart_dashboard_navigation_billing":true,"_surecart_dashboard_navigation_account":true,"site-sidebar-layout":"default","site-content-layout":"","ast-site-content-layout":"default","site-content-style":"default","site-sidebar-style":"default","ast-global-header-display":"","ast-banner-title-visibility":"","ast-main-header-display":"","ast-hfb-above-header-display":"","ast-hfb-below-header-display":"","ast-hfb-mobile-header-display":"","site-post-title":"","ast-breadcrumbs-content":"","ast-featured-img":"","footer-sml-layout":"","theme-transparent-header-meta":"default","adv-header-id-meta":"","stick-header-meta":"","header-above-stick-meta":"","header-main-stick-meta":"","header-below-stick-meta":"","astra-migrate-meta-layouts":"set","ast-page-background-enabled":"default","ast-page-background-meta":{"desktop":{"background-color":"","background-image":"","background-repeat":"repeat","background-position":"center center","background-size":"auto","background-attachment":"scroll","background-type":"","background-media":"","overlay-type":"","overlay-color":"","overlay-opacity":"","overlay-gradient":""},"tablet":{"background-color":"","background-image":"","background-repeat":"repeat","background-position":"center center","background-size":"auto","background-attachment":"scroll","background-type":"","background-media":"","overlay-type":"","overlay-color":"","overlay-opacity":"","overlay-gradient":""},"mobile":{"background-color":"","background-image":"","background-repeat":"repeat","background-position":"center center","background-size":"auto","background-attachment":"scroll","background-type":"","background-media":"","overlay-type":"","overlay-color":"","overlay-opacity":"","overlay-gradient":""}},"ast-content-background-meta":{"desktop":{"background-color":"var(--ast-global-color-5)","background-image":"","background-repeat":"repeat","background-position":"center center","background-size":"auto","background-attachment":"scroll","background-type":"","background-media":"","overlay-type":"","overlay-color":"","overlay-opacity":"","overlay-gradient":""},"tablet":{"background-color":"var(--ast-global-color-5)","background-image":"","background-repeat":"repeat","background-position":"center center","background-size":"auto","background-attachment":"scroll","background-type":"","background-media":"","overlay-type":"","overlay-color":"","overlay-opacity":"","overlay-gradient":""},"mobile":{"background-color":"var(--ast-global-color-5)","background-image":"","background-repeat":"repeat","background-position":"center center","background-size":"auto","background-attachment":"scroll","background-type":"","background-media":"","overlay-type":"","overlay-color":"","overlay-opacity":"","overlay-gradient":""}}},"product_brand":[],"product_cat":[85],"product_tag":[],"class_list":{"0":"post-5533","1":"product","2":"type-product","3":"status-publish","4":"has-post-thumbnail","6":"product_cat-lithuania","7":"desktop-align-left","8":"tablet-align-left","9":"mobile-align-left","11":"first","12":"outofstock","13":"sale","14":"shipping-taxable","15":"purchasable","16":"product-type-simple","17":"add-to-wishlist-before_image"},"_links":{"self":[{"href":"https:\/\/colligatum.com\/en\/wp-json\/wp\/v2\/product\/5533","targetHints":{"allow":["GET"]}}],"collection":[{"href":"https:\/\/colligatum.com\/en\/wp-json\/wp\/v2\/product"}],"about":[{"href":"https:\/\/colligatum.com\/en\/wp-json\/wp\/v2\/types\/product"}],"version-history":[{"count":1,"href":"https:\/\/colligatum.com\/en\/wp-json\/wp\/v2\/product\/5533\/revisions"}],"predecessor-version":[{"id":5616,"href":"https:\/\/colligatum.com\/en\/wp-json\/wp\/v2\/product\/5533\/revisions\/5616"}],"wp:featuredmedia":[{"embeddable":true,"href":"https:\/\/colligatum.com\/en\/wp-json\/wp\/v2\/media\/5534"}],"wp:attachment":[{"href":"https:\/\/colligatum.com\/en\/wp-json\/wp\/v2\/media?parent=5533"}],"wp:term":[{"taxonomy":"product_brand","embeddable":true,"href":"https:\/\/colligatum.com\/en\/wp-json\/wp\/v2\/product_brand?post=5533"},{"taxonomy":"product_cat","embeddable":true,"href":"https:\/\/colligatum.com\/en\/wp-json\/wp\/v2\/product_cat?post=5533"},{"taxonomy":"product_tag","embeddable":true,"href":"https:\/\/colligatum.com\/en\/wp-json\/wp\/v2\/product_tag?post=5533"}],"curies":[{"name":"wp","href":"https:\/\/api.w.org\/{rel}","templated":true}]}}