{"id":5623,"date":"2024-11-11T17:02:30","date_gmt":"2024-11-11T17:02:30","guid":{"rendered":"https:\/\/shop.colligatum.com\/?post_type=product&#038;p=5623"},"modified":"2024-11-12T17:23:14","modified_gmt":"2024-11-12T17:23:14","slug":"bond-street-classic-selection","status":"publish","type":"product","link":"https:\/\/colligatum.com\/en\/product\/bond-street-classic-selection\/","title":{"rendered":"Bond Street Classic Selection"},"content":{"rendered":"<p data-pm-slice=\"1 3 []\">Apra\u0161ymas: \u0160is \u201eBond Street Classic Selection\u201c cigare\u010di\u0173 pakelis pasi\u017eymi klasikinio dizaino estetika su raudonos ir sidabrin\u0117s spalv\u0173 deriniu. Ant pakuot\u0117s yra i\u0161skirtin\u0117 \u201eAmerican Blend\u201c \u017eyma, nurodanti, kad naudojama amerikieti\u0161ka tabako r\u016b\u0161is. \u012esp\u0117jimai apie r\u016bkymo \u017eal\u0105 sveikatai pateikti dideliais, kontrastingais u\u017era\u0161ais priekin\u0117je ir galin\u0117je pakelio dalyse. Pakuot\u0117 pa\u017eym\u0117ta Lietuvos banderole su kaina litais, kas rodo, kad \u0161is pakelis buvo skirtas Lietuvos rinkai iki euro \u012fvedimo.<\/p>\n<p>Value assessment:<\/p>\n<ul>\n<li><strong>Collectible value:<\/strong> Vidutin\u0117, kadangi \u0161is dizainas yra gana \u012fprastas, ta\u010diau gali tur\u0117ti vert\u0117s d\u0117l laikotarpio ir Lietuvos rinkai skirtos banderol\u0117s.<\/li>\n<li><strong>Condition assessment:<\/strong> New, undamaged package, original packaging.<\/li>\n<li><strong>Historical data and popularity:<\/strong> \u201eBond Street\u201c yra vienas \u017eymiausi\u0173 Philip Morris International prek\u0117s \u017eenkl\u0173, populiarus visame pasaulyje, tod\u0117l turi stabil\u0173 pirk\u0117j\u0173 ir kolekcinink\u0173 rat\u0105.<\/li>\n<\/ul>","protected":false},"excerpt":{"rendered":"<p data-pm-slice=\"1 1 []\">Brand and name: <strong>Bond Street Classic Selection<\/strong><\/p>\n<p>Size: <strong>20 cigarettes<\/strong><\/p>\n<p>Country of manufacture: <strong>Europos S\u0105jungoje, gamintojas Philip Morris International<\/strong><\/p>\n<p>Production period: <strong>Circa early 2000s<\/strong><\/p>\n<p>Package type: <strong>Hard<\/strong><\/p>","protected":false},"featured_media":5542,"template":"","meta":{"_surecart_dashboard_logo_width":"180px","_surecart_dashboard_show_logo":true,"_surecart_dashboard_navigation_orders":true,"_surecart_dashboard_navigation_invoices":true,"_surecart_dashboard_navigation_subscriptions":true,"_surecart_dashboard_navigation_downloads":true,"_surecart_dashboard_navigation_billing":true,"_surecart_dashboard_navigation_account":true,"site-sidebar-layout":"default","site-content-layout":"","ast-site-content-layout":"default","site-content-style":"default","site-sidebar-style":"default","ast-global-header-display":"","ast-banner-title-visibility":"","ast-main-header-display":"","ast-hfb-above-header-display":"","ast-hfb-below-header-display":"","ast-hfb-mobile-header-display":"","site-post-title":"","ast-breadcrumbs-content":"","ast-featured-img":"","footer-sml-layout":"","theme-transparent-header-meta":"default","adv-header-id-meta":"","stick-header-meta":"","header-above-stick-meta":"","header-main-stick-meta":"","header-below-stick-meta":"","astra-migrate-meta-layouts":"set","ast-page-background-enabled":"default","ast-page-background-meta":{"desktop":{"background-color":"","background-image":"","background-repeat":"repeat","background-position":"center center","background-size":"auto","background-attachment":"scroll","background-type":"","background-media":"","overlay-type":"","overlay-color":"","overlay-opacity":"","overlay-gradient":""},"tablet":{"background-color":"","background-image":"","background-repeat":"repeat","background-position":"center center","background-size":"auto","background-attachment":"scroll","background-type":"","background-media":"","overlay-type":"","overlay-color":"","overlay-opacity":"","overlay-gradient":""},"mobile":{"background-color":"","background-image":"","background-repeat":"repeat","background-position":"center center","background-size":"auto","background-attachment":"scroll","background-type":"","background-media":"","overlay-type":"","overlay-color":"","overlay-opacity":"","overlay-gradient":""}},"ast-content-background-meta":{"desktop":{"background-color":"var(--ast-global-color-5)","background-image":"","background-repeat":"repeat","background-position":"center center","background-size":"auto","background-attachment":"scroll","background-type":"","background-media":"","overlay-type":"","overlay-color":"","overlay-opacity":"","overlay-gradient":""},"tablet":{"background-color":"var(--ast-global-color-5)","background-image":"","background-repeat":"repeat","background-position":"center center","background-size":"auto","background-attachment":"scroll","background-type":"","background-media":"","overlay-type":"","overlay-color":"","overlay-opacity":"","overlay-gradient":""},"mobile":{"background-color":"var(--ast-global-color-5)","background-image":"","background-repeat":"repeat","background-position":"center center","background-size":"auto","background-attachment":"scroll","background-type":"","background-media":"","overlay-type":"","overlay-color":"","overlay-opacity":"","overlay-gradient":""}}},"product_brand":[],"product_cat":[85],"product_tag":[],"class_list":{"0":"post-5623","1":"product","2":"type-product","3":"status-publish","4":"has-post-thumbnail","6":"product_cat-lithuania","7":"desktop-align-left","8":"tablet-align-left","9":"mobile-align-left","11":"first","12":"instock","13":"sale","14":"shipping-taxable","15":"purchasable","16":"product-type-simple","17":"add-to-wishlist-before_image"},"_links":{"self":[{"href":"https:\/\/colligatum.com\/en\/wp-json\/wp\/v2\/product\/5623","targetHints":{"allow":["GET"]}}],"collection":[{"href":"https:\/\/colligatum.com\/en\/wp-json\/wp\/v2\/product"}],"about":[{"href":"https:\/\/colligatum.com\/en\/wp-json\/wp\/v2\/types\/product"}],"version-history":[{"count":1,"href":"https:\/\/colligatum.com\/en\/wp-json\/wp\/v2\/product\/5623\/revisions"}],"predecessor-version":[{"id":5624,"href":"https:\/\/colligatum.com\/en\/wp-json\/wp\/v2\/product\/5623\/revisions\/5624"}],"wp:featuredmedia":[{"embeddable":true,"href":"https:\/\/colligatum.com\/en\/wp-json\/wp\/v2\/media\/5542"}],"wp:attachment":[{"href":"https:\/\/colligatum.com\/en\/wp-json\/wp\/v2\/media?parent=5623"}],"wp:term":[{"taxonomy":"product_brand","embeddable":true,"href":"https:\/\/colligatum.com\/en\/wp-json\/wp\/v2\/product_brand?post=5623"},{"taxonomy":"product_cat","embeddable":true,"href":"https:\/\/colligatum.com\/en\/wp-json\/wp\/v2\/product_cat?post=5623"},{"taxonomy":"product_tag","embeddable":true,"href":"https:\/\/colligatum.com\/en\/wp-json\/wp\/v2\/product_tag?post=5623"}],"curies":[{"name":"wp","href":"https:\/\/api.w.org\/{rel}","templated":true}]}}