{"id":5629,"date":"2024-11-11T17:05:57","date_gmt":"2024-11-11T17:05:57","guid":{"rendered":"https:\/\/shop.colligatum.com\/?post_type=product&#038;p=5629"},"modified":"2026-04-11T06:42:30","modified_gmt":"2026-04-11T04:42:30","slug":"winston-fine-white","status":"publish","type":"product","link":"https:\/\/colligatum.com\/en\/product\/winston-fine-white\/","title":{"rendered":"Winston Fine White"},"content":{"rendered":"<p data-pm-slice=\"1 1 []\">Apra\u0161ymas: \u0160is \u201eWinston Fine White\u201c cigare\u010di\u0173 pakelis pasi\u017eymi eleganti\u0161ku dizainu su sidabro ir balta spalv\u0173 schema bei minimalistiniais elementais. Priekin\u0117je pakelio pus\u0117je pateikiama \u017eyma \u201eAmerican Flavor\u201c, nurodanti klasikin\u012f skon\u012f. Ant pakelio yra \u012fsp\u0117jimai apie r\u016bkymo pavojus sveikatai, taip pat Lietuvos banderol\u0117 su kaina litais, rodan\u010dia, kad pakelis buvo skirtas vietinei rinkai prie\u0161 \u012fvedant eur\u0105.<\/p>\n<p>Value assessment:<\/p>\n<p>Kolekcin\u0117 vert\u0117: Vidutin\u0117, nes \u0161is dizainas yra gana da\u017enas, ta\u010diau turi istorin\u0119 vert\u0119 d\u0117l kainos litais ir specifinio laikotarpio.<\/p>\n<p>B\u016bkl\u0117s vertinimas: Naujas, nepa\u017eeistas pakelis, i\u0161laikytas originalioje pakuot\u0117je.<\/p>\n<p>Istoriniai duomenys ir populiarumas: \u201eWinston\u201c yra vienas \u017einomiausi\u0173 pasaulio cigare\u010di\u0173 prek\u0117s \u017eenkl\u0173, su ilga istorija ir atpa\u017e\u012fstamu dizainu.<\/p>\n<p>Rinkos tendencijos: Kolekcinink\u0173 rinkoje vert\u0117 gali palaipsniui did\u0117ti d\u0117l i\u0161laikyto puikios b\u016bkl\u0117s originalo.<\/p>","protected":false},"excerpt":{"rendered":"<p data-pm-slice=\"1 1 []\">Prek\u0117s \u017eenklas ir pavadinimas: Winston Fine White<\/p>\n<p>Size: 20 cigarettes<\/p>\n<p>Gamybos \u0161alis: Europos S\u0105junga, gamintojas JTI (Japan Tobacco International)<\/p>\n<p>Gamybos laikotarpis: Apytiksliai 2010-\u0173j\u0173 pabaiga<\/p>\n<p>Package type: Hard<\/p>","protected":false},"featured_media":5552,"template":"","meta":{"_surecart_dashboard_logo_width":"180px","_surecart_dashboard_show_logo":true,"_surecart_dashboard_navigation_orders":true,"_surecart_dashboard_navigation_invoices":true,"_surecart_dashboard_navigation_subscriptions":true,"_surecart_dashboard_navigation_downloads":true,"_surecart_dashboard_navigation_billing":true,"_surecart_dashboard_navigation_account":true,"site-sidebar-layout":"default","site-content-layout":"","ast-site-content-layout":"default","site-content-style":"default","site-sidebar-style":"default","ast-global-header-display":"","ast-banner-title-visibility":"","ast-main-header-display":"","ast-hfb-above-header-display":"","ast-hfb-below-header-display":"","ast-hfb-mobile-header-display":"","site-post-title":"","ast-breadcrumbs-content":"","ast-featured-img":"","footer-sml-layout":"","theme-transparent-header-meta":"default","adv-header-id-meta":"","stick-header-meta":"","header-above-stick-meta":"","header-main-stick-meta":"","header-below-stick-meta":"","astra-migrate-meta-layouts":"set","ast-page-background-enabled":"default","ast-page-background-meta":{"desktop":{"background-color":"","background-image":"","background-repeat":"repeat","background-position":"center center","background-size":"auto","background-attachment":"scroll","background-type":"","background-media":"","overlay-type":"","overlay-color":"","overlay-opacity":"","overlay-gradient":""},"tablet":{"background-color":"","background-image":"","background-repeat":"repeat","background-position":"center center","background-size":"auto","background-attachment":"scroll","background-type":"","background-media":"","overlay-type":"","overlay-color":"","overlay-opacity":"","overlay-gradient":""},"mobile":{"background-color":"","background-image":"","background-repeat":"repeat","background-position":"center center","background-size":"auto","background-attachment":"scroll","background-type":"","background-media":"","overlay-type":"","overlay-color":"","overlay-opacity":"","overlay-gradient":""}},"ast-content-background-meta":{"desktop":{"background-color":"var(--ast-global-color-5)","background-image":"","background-repeat":"repeat","background-position":"center center","background-size":"auto","background-attachment":"scroll","background-type":"","background-media":"","overlay-type":"","overlay-color":"","overlay-opacity":"","overlay-gradient":""},"tablet":{"background-color":"var(--ast-global-color-5)","background-image":"","background-repeat":"repeat","background-position":"center center","background-size":"auto","background-attachment":"scroll","background-type":"","background-media":"","overlay-type":"","overlay-color":"","overlay-opacity":"","overlay-gradient":""},"mobile":{"background-color":"var(--ast-global-color-5)","background-image":"","background-repeat":"repeat","background-position":"center center","background-size":"auto","background-attachment":"scroll","background-type":"","background-media":"","overlay-type":"","overlay-color":"","overlay-opacity":"","overlay-gradient":""}}},"product_brand":[],"product_cat":[85],"product_tag":[],"class_list":{"0":"post-5629","1":"product","2":"type-product","3":"status-publish","4":"has-post-thumbnail","6":"product_cat-lithuania","7":"desktop-align-left","8":"tablet-align-left","9":"mobile-align-left","11":"first","12":"instock","13":"sale","14":"shipping-taxable","15":"purchasable","16":"product-type-simple","17":"add-to-wishlist-before_image"},"_links":{"self":[{"href":"https:\/\/colligatum.com\/en\/wp-json\/wp\/v2\/product\/5629","targetHints":{"allow":["GET"]}}],"collection":[{"href":"https:\/\/colligatum.com\/en\/wp-json\/wp\/v2\/product"}],"about":[{"href":"https:\/\/colligatum.com\/en\/wp-json\/wp\/v2\/types\/product"}],"version-history":[{"count":1,"href":"https:\/\/colligatum.com\/en\/wp-json\/wp\/v2\/product\/5629\/revisions"}],"predecessor-version":[{"id":5630,"href":"https:\/\/colligatum.com\/en\/wp-json\/wp\/v2\/product\/5629\/revisions\/5630"}],"wp:featuredmedia":[{"embeddable":true,"href":"https:\/\/colligatum.com\/en\/wp-json\/wp\/v2\/media\/5552"}],"wp:attachment":[{"href":"https:\/\/colligatum.com\/en\/wp-json\/wp\/v2\/media?parent=5629"}],"wp:term":[{"taxonomy":"product_brand","embeddable":true,"href":"https:\/\/colligatum.com\/en\/wp-json\/wp\/v2\/product_brand?post=5629"},{"taxonomy":"product_cat","embeddable":true,"href":"https:\/\/colligatum.com\/en\/wp-json\/wp\/v2\/product_cat?post=5629"},{"taxonomy":"product_tag","embeddable":true,"href":"https:\/\/colligatum.com\/en\/wp-json\/wp\/v2\/product_tag?post=5629"}],"curies":[{"name":"wp","href":"https:\/\/api.w.org\/{rel}","templated":true}]}}