{"id":5637,"date":"2024-11-11T17:09:44","date_gmt":"2024-11-11T17:09:44","guid":{"rendered":"https:\/\/shop.colligatum.com\/?post_type=product&#038;p=5637"},"modified":"2026-04-11T06:45:12","modified_gmt":"2026-04-11T04:45:12","slug":"winston-classic","status":"publish","type":"product","link":"https:\/\/colligatum.com\/en\/product\/winston-classic\/","title":{"rendered":"Winston Classic"},"content":{"rendered":"<p data-pm-slice=\"1 3 []\">Apra\u0161ymas: \u0160is \u201eWinston Classic\u201c cigare\u010di\u0173 pakelis pasi\u017eymi tradiciniu raudonos spalvos dizainu su u\u017era\u0161u \u201e3 Layer Flavor Protection\u201c, kuris nurodo papildom\u0105 skonio apsaug\u0105. Priekin\u0117je ir galin\u0117je pakelio pus\u0117se matomos sveikatos \u012fsp\u0117jamosios \u017einut\u0117s, o kair\u0117je pus\u0117je yra Lietuvos banderol\u0117 su nurodyta verte litais, leid\u017eianti spr\u0119sti, kad \u0161is pakelis buvo skirtas Lietuvos rinkai iki euro \u012fvedimo.<\/p>\n<p>Value assessment:<\/p>\n<ul>\n<li>Kolekcin\u0117 vert\u0117: Vidutin\u0117, kadangi tai yra \u012fprastas \u201eWinston\u201c modelis, bet su tam laikotarpiui b\u016bdingu dizainu.<\/li>\n<li>B\u016bkl\u0117s vertinimas: Naujas, nepa\u017eeistas pakelis, i\u0161saugota originali pakuot\u0117.<\/li>\n<li>Istoriniai duomenys ir populiarumas: \u201eWinston\u201c yra vienas i\u0161 labiausiai atpa\u017e\u012fstam\u0173 cigare\u010di\u0173 prek\u0117s \u017eenkl\u0173 pasaulyje, ilgai buv\u0119s populiarus tarp r\u016bkali\u0173.<\/li>\n<\/ul>","protected":false},"excerpt":{"rendered":"<p data-pm-slice=\"1 1 []\">Prek\u0117s \u017eenklas ir pavadinimas: Winston Classic<\/p>\n<p>Size: 20 cigarettes<\/p>\n<p>Gamybos \u0161alis: Europos S\u0105junga, gamintojas JTI (Japan Tobacco International)<\/p>\n<p>Production period: Approximately early 2000s<\/p>\n<p>Package type: Hard<\/p>","protected":false},"featured_media":5560,"template":"","meta":{"_surecart_dashboard_logo_width":"180px","_surecart_dashboard_show_logo":true,"_surecart_dashboard_navigation_orders":true,"_surecart_dashboard_navigation_invoices":true,"_surecart_dashboard_navigation_subscriptions":true,"_surecart_dashboard_navigation_downloads":true,"_surecart_dashboard_navigation_billing":true,"_surecart_dashboard_navigation_account":true,"site-sidebar-layout":"default","site-content-layout":"","ast-site-content-layout":"default","site-content-style":"default","site-sidebar-style":"default","ast-global-header-display":"","ast-banner-title-visibility":"","ast-main-header-display":"","ast-hfb-above-header-display":"","ast-hfb-below-header-display":"","ast-hfb-mobile-header-display":"","site-post-title":"","ast-breadcrumbs-content":"","ast-featured-img":"","footer-sml-layout":"","theme-transparent-header-meta":"default","adv-header-id-meta":"","stick-header-meta":"","header-above-stick-meta":"","header-main-stick-meta":"","header-below-stick-meta":"","astra-migrate-meta-layouts":"set","ast-page-background-enabled":"default","ast-page-background-meta":{"desktop":{"background-color":"","background-image":"","background-repeat":"repeat","background-position":"center center","background-size":"auto","background-attachment":"scroll","background-type":"","background-media":"","overlay-type":"","overlay-color":"","overlay-opacity":"","overlay-gradient":""},"tablet":{"background-color":"","background-image":"","background-repeat":"repeat","background-position":"center center","background-size":"auto","background-attachment":"scroll","background-type":"","background-media":"","overlay-type":"","overlay-color":"","overlay-opacity":"","overlay-gradient":""},"mobile":{"background-color":"","background-image":"","background-repeat":"repeat","background-position":"center center","background-size":"auto","background-attachment":"scroll","background-type":"","background-media":"","overlay-type":"","overlay-color":"","overlay-opacity":"","overlay-gradient":""}},"ast-content-background-meta":{"desktop":{"background-color":"var(--ast-global-color-5)","background-image":"","background-repeat":"repeat","background-position":"center center","background-size":"auto","background-attachment":"scroll","background-type":"","background-media":"","overlay-type":"","overlay-color":"","overlay-opacity":"","overlay-gradient":""},"tablet":{"background-color":"var(--ast-global-color-5)","background-image":"","background-repeat":"repeat","background-position":"center center","background-size":"auto","background-attachment":"scroll","background-type":"","background-media":"","overlay-type":"","overlay-color":"","overlay-opacity":"","overlay-gradient":""},"mobile":{"background-color":"var(--ast-global-color-5)","background-image":"","background-repeat":"repeat","background-position":"center center","background-size":"auto","background-attachment":"scroll","background-type":"","background-media":"","overlay-type":"","overlay-color":"","overlay-opacity":"","overlay-gradient":""}}},"product_brand":[],"product_cat":[85],"product_tag":[],"class_list":{"0":"post-5637","1":"product","2":"type-product","3":"status-publish","4":"has-post-thumbnail","6":"product_cat-lithuania","7":"desktop-align-left","8":"tablet-align-left","9":"mobile-align-left","11":"first","12":"instock","13":"sale","14":"shipping-taxable","15":"purchasable","16":"product-type-simple","17":"add-to-wishlist-before_image"},"_links":{"self":[{"href":"https:\/\/colligatum.com\/en\/wp-json\/wp\/v2\/product\/5637","targetHints":{"allow":["GET"]}}],"collection":[{"href":"https:\/\/colligatum.com\/en\/wp-json\/wp\/v2\/product"}],"about":[{"href":"https:\/\/colligatum.com\/en\/wp-json\/wp\/v2\/types\/product"}],"version-history":[{"count":1,"href":"https:\/\/colligatum.com\/en\/wp-json\/wp\/v2\/product\/5637\/revisions"}],"predecessor-version":[{"id":5638,"href":"https:\/\/colligatum.com\/en\/wp-json\/wp\/v2\/product\/5637\/revisions\/5638"}],"wp:featuredmedia":[{"embeddable":true,"href":"https:\/\/colligatum.com\/en\/wp-json\/wp\/v2\/media\/5560"}],"wp:attachment":[{"href":"https:\/\/colligatum.com\/en\/wp-json\/wp\/v2\/media?parent=5637"}],"wp:term":[{"taxonomy":"product_brand","embeddable":true,"href":"https:\/\/colligatum.com\/en\/wp-json\/wp\/v2\/product_brand?post=5637"},{"taxonomy":"product_cat","embeddable":true,"href":"https:\/\/colligatum.com\/en\/wp-json\/wp\/v2\/product_cat?post=5637"},{"taxonomy":"product_tag","embeddable":true,"href":"https:\/\/colligatum.com\/en\/wp-json\/wp\/v2\/product_tag?post=5637"}],"curies":[{"name":"wp","href":"https:\/\/api.w.org\/{rel}","templated":true}]}}