{"id":5639,"date":"2024-11-11T17:11:31","date_gmt":"2024-11-11T17:11:31","guid":{"rendered":"https:\/\/shop.colligatum.com\/?post_type=product&#038;p=5639"},"modified":"2026-04-11T06:44:55","modified_gmt":"2026-04-11T04:44:55","slug":"winston-white","status":"publish","type":"product","link":"https:\/\/colligatum.com\/en\/product\/winston-white\/","title":{"rendered":"Winston White"},"content":{"rendered":"<p data-pm-slice=\"1 3 []\">Apra\u0161ymas: \u0160is \u201eWinston White\u201c cigare\u010di\u0173 pakelis pasi\u017eymi eleganti\u0161ku, \u0161viesiu dizainu su balta ir sidabrine spalv\u0173 schema. Pakelis turi u\u017era\u0161\u0105 \u201eAmerican Flavor\u201c, nurodant\u012f \u0161veln\u0173 skon\u012f. Priekin\u0117je ir galin\u0117je pus\u0117se pateikiami sveikatos \u012fsp\u0117jimai, o de\u0161in\u0117je pus\u0117je yra Lietuvos banderol\u0117, nurodanti kain\u0105 litais \u2013 tai rodo, kad \u0161is pakelis buvo skirtas Lietuvos rinkai iki euro \u012fvedimo.<\/p>\n<p>Value assessment:<\/p>\n<ul>\n<li>Kolekcin\u0117 vert\u0117: Vidutin\u0117, nes \u0161is dizainas yra gana \u012fprastas, bet d\u0117l kainos \u017eym\u0117s litais jis gali dominti kolekcininkus.<\/li>\n<li>B\u016bkl\u0117s vertinimas: Naujas, originaliai u\u017epakuotas.<\/li>\n<li>Istoriniai duomenys ir populiarumas: \u201eWinston\u201c yra vienas \u017eymiausi\u0173 preki\u0173 \u017eenkl\u0173 pasaulyje, ir \u0161is konkretus dizainas atspindi 2000-\u0173j\u0173 prad\u017eios estetik\u0105.<\/li>\n<li>Rinkos tendencijos: Vert\u0117 gali laikui b\u0117gant did\u0117ti, ypa\u010d jei i\u0161laikomas originalus pakelis ir nepa\u017eeista pakuot\u0117.<\/li>\n<\/ul>","protected":false},"excerpt":{"rendered":"<p data-pm-slice=\"1 1 []\">Prek\u0117s \u017eenklas ir pavadinimas: Winston White<\/p>\n<p>Size: 20 cigarettes<\/p>\n<p>Country of manufacture: Germany, manufacturer JTI (Japan Tobacco International)<\/p>\n<p>Production period: Approximately early 2000s<\/p>\n<p>Package type: Hard<\/p>","protected":false},"featured_media":5562,"template":"","meta":{"_surecart_dashboard_logo_width":"180px","_surecart_dashboard_show_logo":true,"_surecart_dashboard_navigation_orders":true,"_surecart_dashboard_navigation_invoices":true,"_surecart_dashboard_navigation_subscriptions":true,"_surecart_dashboard_navigation_downloads":true,"_surecart_dashboard_navigation_billing":true,"_surecart_dashboard_navigation_account":true,"site-sidebar-layout":"default","site-content-layout":"","ast-site-content-layout":"default","site-content-style":"default","site-sidebar-style":"default","ast-global-header-display":"","ast-banner-title-visibility":"","ast-main-header-display":"","ast-hfb-above-header-display":"","ast-hfb-below-header-display":"","ast-hfb-mobile-header-display":"","site-post-title":"","ast-breadcrumbs-content":"","ast-featured-img":"","footer-sml-layout":"","theme-transparent-header-meta":"default","adv-header-id-meta":"","stick-header-meta":"","header-above-stick-meta":"","header-main-stick-meta":"","header-below-stick-meta":"","astra-migrate-meta-layouts":"set","ast-page-background-enabled":"default","ast-page-background-meta":{"desktop":{"background-color":"","background-image":"","background-repeat":"repeat","background-position":"center center","background-size":"auto","background-attachment":"scroll","background-type":"","background-media":"","overlay-type":"","overlay-color":"","overlay-opacity":"","overlay-gradient":""},"tablet":{"background-color":"","background-image":"","background-repeat":"repeat","background-position":"center center","background-size":"auto","background-attachment":"scroll","background-type":"","background-media":"","overlay-type":"","overlay-color":"","overlay-opacity":"","overlay-gradient":""},"mobile":{"background-color":"","background-image":"","background-repeat":"repeat","background-position":"center center","background-size":"auto","background-attachment":"scroll","background-type":"","background-media":"","overlay-type":"","overlay-color":"","overlay-opacity":"","overlay-gradient":""}},"ast-content-background-meta":{"desktop":{"background-color":"var(--ast-global-color-5)","background-image":"","background-repeat":"repeat","background-position":"center center","background-size":"auto","background-attachment":"scroll","background-type":"","background-media":"","overlay-type":"","overlay-color":"","overlay-opacity":"","overlay-gradient":""},"tablet":{"background-color":"var(--ast-global-color-5)","background-image":"","background-repeat":"repeat","background-position":"center center","background-size":"auto","background-attachment":"scroll","background-type":"","background-media":"","overlay-type":"","overlay-color":"","overlay-opacity":"","overlay-gradient":""},"mobile":{"background-color":"var(--ast-global-color-5)","background-image":"","background-repeat":"repeat","background-position":"center center","background-size":"auto","background-attachment":"scroll","background-type":"","background-media":"","overlay-type":"","overlay-color":"","overlay-opacity":"","overlay-gradient":""}}},"product_brand":[],"product_cat":[85],"product_tag":[],"class_list":{"0":"post-5639","1":"product","2":"type-product","3":"status-publish","4":"has-post-thumbnail","6":"product_cat-lithuania","7":"desktop-align-left","8":"tablet-align-left","9":"mobile-align-left","11":"first","12":"instock","13":"sale","14":"shipping-taxable","15":"purchasable","16":"product-type-simple","17":"add-to-wishlist-before_image"},"_links":{"self":[{"href":"https:\/\/colligatum.com\/en\/wp-json\/wp\/v2\/product\/5639","targetHints":{"allow":["GET"]}}],"collection":[{"href":"https:\/\/colligatum.com\/en\/wp-json\/wp\/v2\/product"}],"about":[{"href":"https:\/\/colligatum.com\/en\/wp-json\/wp\/v2\/types\/product"}],"version-history":[{"count":1,"href":"https:\/\/colligatum.com\/en\/wp-json\/wp\/v2\/product\/5639\/revisions"}],"predecessor-version":[{"id":5640,"href":"https:\/\/colligatum.com\/en\/wp-json\/wp\/v2\/product\/5639\/revisions\/5640"}],"wp:featuredmedia":[{"embeddable":true,"href":"https:\/\/colligatum.com\/en\/wp-json\/wp\/v2\/media\/5562"}],"wp:attachment":[{"href":"https:\/\/colligatum.com\/en\/wp-json\/wp\/v2\/media?parent=5639"}],"wp:term":[{"taxonomy":"product_brand","embeddable":true,"href":"https:\/\/colligatum.com\/en\/wp-json\/wp\/v2\/product_brand?post=5639"},{"taxonomy":"product_cat","embeddable":true,"href":"https:\/\/colligatum.com\/en\/wp-json\/wp\/v2\/product_cat?post=5639"},{"taxonomy":"product_tag","embeddable":true,"href":"https:\/\/colligatum.com\/en\/wp-json\/wp\/v2\/product_tag?post=5639"}],"curies":[{"name":"wp","href":"https:\/\/api.w.org\/{rel}","templated":true}]}}