{"id":5643,"date":"2024-11-11T17:13:11","date_gmt":"2024-11-11T17:13:11","guid":{"rendered":"https:\/\/shop.colligatum.com\/?post_type=product&#038;p=5643"},"modified":"2026-04-11T06:46:22","modified_gmt":"2026-04-11T04:46:22","slug":"winston-blue-2","status":"publish","type":"product","link":"https:\/\/colligatum.com\/en\/product\/winston-blue-2\/","title":{"rendered":"Winston Blue"},"content":{"rendered":"<p data-pm-slice=\"1 3 []\"><strong>Description<\/strong>: \u0160is \u201eWinston Blue\u201c cigare\u010di\u0173 pakelis yra klasikinio dizaino, su m\u0117lyna ir balta spalv\u0173 schema bei u\u017era\u0161u \u201eAmerican Flavor\u201c, \u017eymin\u010diu \u0161velnesn\u012f skon\u012f. Pakelio priekyje ir gale pateikiamos \u012fsp\u0117jamosios \u017einut\u0117s apie r\u016bkymo pavojus sveikatai. De\u0161in\u0117je pus\u0117je yra Lietuvos banderol\u0117, nurodanti kain\u0105 litais, kas rodo, kad pakelis buvo skirtas Lietuvos rinkai iki euro \u012fvedimo.<\/p>\n<p><strong>Value assessment<\/strong>:<\/p>\n<ul>\n<li><strong>Collectible value<\/strong>: Vidutin\u0117, kadangi \u0161ie pakeliai yra gana \u012fprasti, bet gali b\u016bti \u012fdom\u016bs d\u0117l specifinio laikotarpio ir dizaino.<\/li>\n<li><strong>Condition assessment<\/strong>: Naujas, nepa\u017eeistas pakelis, originali pakuot\u0117.<\/li>\n<li><strong>Historical data and popularity<\/strong>: \u201eWinston\u201c yra vienas i\u0161 \u017eymiausi\u0173 cigare\u010di\u0173 preki\u0173 \u017eenkl\u0173 pasaulyje, su ilga istorija ir stipriu prek\u0117s \u017eenklo \u012fvaizd\u017eiu.<\/li>\n<li><strong>Market trends<\/strong>: \u0160i\u0173 pakeli\u0173 vert\u0117 kolekcinink\u0173 rinkoje gali laikui b\u0117gant did\u0117ti, ypa\u010d jei jie i\u0161liks originalioje b\u016bkl\u0117je.<\/li>\n<\/ul>","protected":false},"excerpt":{"rendered":"<p data-pm-slice=\"1 1 []\"><strong>Brand and name<\/strong>: Winston Blue<\/p>\n<p><strong>Size<\/strong>: 20 cigarettes<\/p>\n<p><strong>Country of manufacture<\/strong>: Vokietija, gamintojas JTI (Japan Tobacco International)<\/p>\n<p><strong>Production period<\/strong>: Apytiksliai 2000-\u0173j\u0173 prad\u017eia<\/p>\n<p><strong>Type of packages<\/strong>: Hard<\/p>","protected":false},"featured_media":5566,"template":"","meta":{"_surecart_dashboard_logo_width":"180px","_surecart_dashboard_show_logo":true,"_surecart_dashboard_navigation_orders":true,"_surecart_dashboard_navigation_invoices":true,"_surecart_dashboard_navigation_subscriptions":true,"_surecart_dashboard_navigation_downloads":true,"_surecart_dashboard_navigation_billing":true,"_surecart_dashboard_navigation_account":true,"site-sidebar-layout":"default","site-content-layout":"","ast-site-content-layout":"default","site-content-style":"default","site-sidebar-style":"default","ast-global-header-display":"","ast-banner-title-visibility":"","ast-main-header-display":"","ast-hfb-above-header-display":"","ast-hfb-below-header-display":"","ast-hfb-mobile-header-display":"","site-post-title":"","ast-breadcrumbs-content":"","ast-featured-img":"","footer-sml-layout":"","theme-transparent-header-meta":"default","adv-header-id-meta":"","stick-header-meta":"","header-above-stick-meta":"","header-main-stick-meta":"","header-below-stick-meta":"","astra-migrate-meta-layouts":"set","ast-page-background-enabled":"default","ast-page-background-meta":{"desktop":{"background-color":"","background-image":"","background-repeat":"repeat","background-position":"center center","background-size":"auto","background-attachment":"scroll","background-type":"","background-media":"","overlay-type":"","overlay-color":"","overlay-opacity":"","overlay-gradient":""},"tablet":{"background-color":"","background-image":"","background-repeat":"repeat","background-position":"center center","background-size":"auto","background-attachment":"scroll","background-type":"","background-media":"","overlay-type":"","overlay-color":"","overlay-opacity":"","overlay-gradient":""},"mobile":{"background-color":"","background-image":"","background-repeat":"repeat","background-position":"center center","background-size":"auto","background-attachment":"scroll","background-type":"","background-media":"","overlay-type":"","overlay-color":"","overlay-opacity":"","overlay-gradient":""}},"ast-content-background-meta":{"desktop":{"background-color":"var(--ast-global-color-5)","background-image":"","background-repeat":"repeat","background-position":"center center","background-size":"auto","background-attachment":"scroll","background-type":"","background-media":"","overlay-type":"","overlay-color":"","overlay-opacity":"","overlay-gradient":""},"tablet":{"background-color":"var(--ast-global-color-5)","background-image":"","background-repeat":"repeat","background-position":"center center","background-size":"auto","background-attachment":"scroll","background-type":"","background-media":"","overlay-type":"","overlay-color":"","overlay-opacity":"","overlay-gradient":""},"mobile":{"background-color":"var(--ast-global-color-5)","background-image":"","background-repeat":"repeat","background-position":"center center","background-size":"auto","background-attachment":"scroll","background-type":"","background-media":"","overlay-type":"","overlay-color":"","overlay-opacity":"","overlay-gradient":""}}},"product_brand":[],"product_cat":[85],"product_tag":[],"class_list":{"0":"post-5643","1":"product","2":"type-product","3":"status-publish","4":"has-post-thumbnail","6":"product_cat-lithuania","7":"desktop-align-left","8":"tablet-align-left","9":"mobile-align-left","11":"first","12":"instock","13":"sale","14":"shipping-taxable","15":"purchasable","16":"product-type-simple","17":"add-to-wishlist-before_image"},"_links":{"self":[{"href":"https:\/\/colligatum.com\/en\/wp-json\/wp\/v2\/product\/5643","targetHints":{"allow":["GET"]}}],"collection":[{"href":"https:\/\/colligatum.com\/en\/wp-json\/wp\/v2\/product"}],"about":[{"href":"https:\/\/colligatum.com\/en\/wp-json\/wp\/v2\/types\/product"}],"version-history":[{"count":1,"href":"https:\/\/colligatum.com\/en\/wp-json\/wp\/v2\/product\/5643\/revisions"}],"predecessor-version":[{"id":5644,"href":"https:\/\/colligatum.com\/en\/wp-json\/wp\/v2\/product\/5643\/revisions\/5644"}],"wp:featuredmedia":[{"embeddable":true,"href":"https:\/\/colligatum.com\/en\/wp-json\/wp\/v2\/media\/5566"}],"wp:attachment":[{"href":"https:\/\/colligatum.com\/en\/wp-json\/wp\/v2\/media?parent=5643"}],"wp:term":[{"taxonomy":"product_brand","embeddable":true,"href":"https:\/\/colligatum.com\/en\/wp-json\/wp\/v2\/product_brand?post=5643"},{"taxonomy":"product_cat","embeddable":true,"href":"https:\/\/colligatum.com\/en\/wp-json\/wp\/v2\/product_cat?post=5643"},{"taxonomy":"product_tag","embeddable":true,"href":"https:\/\/colligatum.com\/en\/wp-json\/wp\/v2\/product_tag?post=5643"}],"curies":[{"name":"wp","href":"https:\/\/api.w.org\/{rel}","templated":true}]}}