{"id":5651,"date":"2024-11-11T17:16:40","date_gmt":"2024-11-11T17:16:40","guid":{"rendered":"https:\/\/shop.colligatum.com\/?post_type=product&#038;p=5651"},"modified":"2026-04-11T09:41:15","modified_gmt":"2026-04-11T07:41:15","slug":"winston-blue-4","status":"publish","type":"product","link":"https:\/\/colligatum.com\/en\/product\/winston-blue-4\/","title":{"rendered":"Winston Blue"},"content":{"rendered":"<p data-pm-slice=\"1 3 []\"><strong>Description:<\/strong><br \/>\n\u0160is \u201eWinston Blue\u201c cigare\u010di\u0173 pakelis pasi\u017eymi m\u0117lynos ir sidabrin\u0117s spalvos dizainu, kuriame dominuoja atpa\u017e\u012fstamas \u201eWinston\u201c prek\u0117s \u017eenklas su baland\u017eio simboliu. Pakelis turi ai\u0161k\u0173 sveikatos \u012fsp\u0117jim\u0105, kaip buvo \u012fprasta ES nuo 2000-\u0173j\u0173 vidurio, kai tokie \u012fsp\u0117jimai tapo privalomi. \u201eBlue\u201c linija da\u017eniausiai skirta tiems, kurie renkasi lengvesnio skonio ir \u0161velnesnio d\u016bmo cigaretes.<\/p>\n<p><strong>Value assessment:<\/strong><\/p>\n<ul>\n<li><strong>Collectible value:<\/strong> Vidutin\u0117 \u2013 \u0161i \u201eWinston\u201c serija yra populiari tarp kolekcinink\u0173 d\u0117l jos dizaino ir i\u0161silaikymo.<\/li>\n<li><strong>Condition:<\/strong> Naujas ir neatidarytas, kas padidina kolekcin\u0119 vert\u0119.<\/li>\n<li><strong>Historical data:<\/strong> Atspindi ES tabako pakuo\u010di\u0173 standartizacijos laikotarp\u012f, kai buvo \u012fvesti privalomi sveikatos \u012fsp\u0117jimai.<\/li>\n<li><strong>Market trends:<\/strong> \u201eWinston Blue\u201c cigaret\u0117s yra paklausios tarp r\u016bkali\u0173 ir kolekcinink\u0173 d\u0117l savo tarptautinio \u017einomumo.<\/li>\n<\/ul>","protected":false},"excerpt":{"rendered":"<p data-pm-slice=\"1 1 []\"><strong>Brand and name:<\/strong> Winston Blue<br \/>\n<strong>Package size:<\/strong> 20 cigarettes<br \/>\n<strong>Country of manufacture:<\/strong> Germany<br \/>\n<strong>Production period or year:<\/strong> Apie 2010-uosius (atsi\u017evelgiant \u012f kain\u0105 litais)<br \/>\n<strong>Package type:<\/strong> Hard pack<\/p>","protected":false},"featured_media":26458,"template":"","meta":{"_surecart_dashboard_logo_width":"180px","_surecart_dashboard_show_logo":true,"_surecart_dashboard_navigation_orders":true,"_surecart_dashboard_navigation_invoices":true,"_surecart_dashboard_navigation_subscriptions":true,"_surecart_dashboard_navigation_downloads":true,"_surecart_dashboard_navigation_billing":true,"_surecart_dashboard_navigation_account":true,"site-sidebar-layout":"default","site-content-layout":"","ast-site-content-layout":"default","site-content-style":"default","site-sidebar-style":"default","ast-global-header-display":"","ast-banner-title-visibility":"","ast-main-header-display":"","ast-hfb-above-header-display":"","ast-hfb-below-header-display":"","ast-hfb-mobile-header-display":"","site-post-title":"","ast-breadcrumbs-content":"","ast-featured-img":"","footer-sml-layout":"","theme-transparent-header-meta":"default","adv-header-id-meta":"","stick-header-meta":"","header-above-stick-meta":"","header-main-stick-meta":"","header-below-stick-meta":"","astra-migrate-meta-layouts":"set","ast-page-background-enabled":"default","ast-page-background-meta":{"desktop":{"background-color":"","background-image":"","background-repeat":"repeat","background-position":"center center","background-size":"auto","background-attachment":"scroll","background-type":"","background-media":"","overlay-type":"","overlay-color":"","overlay-opacity":"","overlay-gradient":""},"tablet":{"background-color":"","background-image":"","background-repeat":"repeat","background-position":"center center","background-size":"auto","background-attachment":"scroll","background-type":"","background-media":"","overlay-type":"","overlay-color":"","overlay-opacity":"","overlay-gradient":""},"mobile":{"background-color":"","background-image":"","background-repeat":"repeat","background-position":"center center","background-size":"auto","background-attachment":"scroll","background-type":"","background-media":"","overlay-type":"","overlay-color":"","overlay-opacity":"","overlay-gradient":""}},"ast-content-background-meta":{"desktop":{"background-color":"var(--ast-global-color-5)","background-image":"","background-repeat":"repeat","background-position":"center center","background-size":"auto","background-attachment":"scroll","background-type":"","background-media":"","overlay-type":"","overlay-color":"","overlay-opacity":"","overlay-gradient":""},"tablet":{"background-color":"var(--ast-global-color-5)","background-image":"","background-repeat":"repeat","background-position":"center center","background-size":"auto","background-attachment":"scroll","background-type":"","background-media":"","overlay-type":"","overlay-color":"","overlay-opacity":"","overlay-gradient":""},"mobile":{"background-color":"var(--ast-global-color-5)","background-image":"","background-repeat":"repeat","background-position":"center center","background-size":"auto","background-attachment":"scroll","background-type":"","background-media":"","overlay-type":"","overlay-color":"","overlay-opacity":"","overlay-gradient":""}}},"product_brand":[],"product_cat":[85],"product_tag":[],"class_list":{"0":"post-5651","1":"product","2":"type-product","3":"status-publish","4":"has-post-thumbnail","6":"product_cat-lithuania","7":"desktop-align-left","8":"tablet-align-left","9":"mobile-align-left","11":"first","12":"instock","13":"sale","14":"shipping-taxable","15":"purchasable","16":"product-type-simple","17":"add-to-wishlist-before_image"},"_links":{"self":[{"href":"https:\/\/colligatum.com\/en\/wp-json\/wp\/v2\/product\/5651","targetHints":{"allow":["GET"]}}],"collection":[{"href":"https:\/\/colligatum.com\/en\/wp-json\/wp\/v2\/product"}],"about":[{"href":"https:\/\/colligatum.com\/en\/wp-json\/wp\/v2\/types\/product"}],"version-history":[{"count":1,"href":"https:\/\/colligatum.com\/en\/wp-json\/wp\/v2\/product\/5651\/revisions"}],"predecessor-version":[{"id":5652,"href":"https:\/\/colligatum.com\/en\/wp-json\/wp\/v2\/product\/5651\/revisions\/5652"}],"wp:featuredmedia":[{"embeddable":true,"href":"https:\/\/colligatum.com\/en\/wp-json\/wp\/v2\/media\/26458"}],"wp:attachment":[{"href":"https:\/\/colligatum.com\/en\/wp-json\/wp\/v2\/media?parent=5651"}],"wp:term":[{"taxonomy":"product_brand","embeddable":true,"href":"https:\/\/colligatum.com\/en\/wp-json\/wp\/v2\/product_brand?post=5651"},{"taxonomy":"product_cat","embeddable":true,"href":"https:\/\/colligatum.com\/en\/wp-json\/wp\/v2\/product_cat?post=5651"},{"taxonomy":"product_tag","embeddable":true,"href":"https:\/\/colligatum.com\/en\/wp-json\/wp\/v2\/product_tag?post=5651"}],"curies":[{"name":"wp","href":"https:\/\/api.w.org\/{rel}","templated":true}]}}