{"id":5655,"date":"2024-11-11T17:18:21","date_gmt":"2024-11-11T17:18:21","guid":{"rendered":"https:\/\/shop.colligatum.com\/?post_type=product&#038;p=5655"},"modified":"2024-11-12T17:42:42","modified_gmt":"2024-11-12T17:42:42","slug":"winston-blue-6","status":"publish","type":"product","link":"https:\/\/colligatum.com\/en\/product\/winston-blue-6\/","title":{"rendered":"Winston Blue"},"content":{"rendered":"<p data-pm-slice=\"1 3 []\"><strong>Description<\/strong>:<br \/>\n\u0160is Winston Blue cigare\u010di\u0173 pakelis pasi\u017eymi subtiliu m\u0117lynos ir baltos spalv\u0173 deriniu, primenan\u010diu \u017eiemos peiza\u017e\u0105 su snaig\u0117mis ir \u0161altu dizainu. Pakuot\u0117s estetika rodo minimalistin\u012f, bet atpa\u017e\u012fstam\u0105 Winston stili\u0173. Sveikatos apsaugos ministerijos \u012fsp\u0117jimas i\u0161lieka akivaizdus ir pritraukiantis d\u0117mes\u012f, kaip buvo \u012fprasta ES tabako pakuo\u010di\u0173 dizaino taisykl\u0117se per \u0161\u012f laikotarp\u012f.<\/p>\n<p><strong>Value assessment<\/strong>:<\/p>\n<ul>\n<li><strong>Collectible value<\/strong>: Vidutin\u0117, nes Winston Blue serija yra gana populiari, ta\u010diau tai n\u0117ra reta ar unikali pakuot\u0117.<\/li>\n<li><strong>Condition<\/strong>: Naujas ir neatidarytas, kas didina jo vert\u0119.<\/li>\n<li><strong>Historical data<\/strong>: Atspindi laikotarp\u012f, kai ES taik\u0117 grie\u017etas tabako \u017eenklinimo ir \u012fsp\u0117jim\u0173 taisykles.<\/li>\n<li><strong>Market trends<\/strong>: Winston prek\u0117s \u017eenklas i\u0161lieka populiarus tarp r\u016bkali\u0173 ir kolekcinink\u0173.<\/li>\n<\/ul>","protected":false},"excerpt":{"rendered":"<p data-pm-slice=\"1 1 []\"><strong>Brand and name<\/strong>: Winston Blue<br \/>\n<strong>Pakuot\u0117s dydis<\/strong>: 20 cigarettes<br \/>\n<strong>Country of manufacture<\/strong>: ES, \u201eJapan Tobacco International\u201c<br \/>\n<strong>Pagaminimo laikotarpis arba metai<\/strong>: Apie 2010-uosius, remiantis kainos \u017eyma litais<br \/>\n<strong>Type of packages<\/strong>: Hard pack<\/p>","protected":false},"featured_media":5578,"template":"","meta":{"_surecart_dashboard_logo_width":"180px","_surecart_dashboard_show_logo":true,"_surecart_dashboard_navigation_orders":true,"_surecart_dashboard_navigation_invoices":true,"_surecart_dashboard_navigation_subscriptions":true,"_surecart_dashboard_navigation_downloads":true,"_surecart_dashboard_navigation_billing":true,"_surecart_dashboard_navigation_account":true,"site-sidebar-layout":"default","site-content-layout":"","ast-site-content-layout":"default","site-content-style":"default","site-sidebar-style":"default","ast-global-header-display":"","ast-banner-title-visibility":"","ast-main-header-display":"","ast-hfb-above-header-display":"","ast-hfb-below-header-display":"","ast-hfb-mobile-header-display":"","site-post-title":"","ast-breadcrumbs-content":"","ast-featured-img":"","footer-sml-layout":"","theme-transparent-header-meta":"default","adv-header-id-meta":"","stick-header-meta":"","header-above-stick-meta":"","header-main-stick-meta":"","header-below-stick-meta":"","astra-migrate-meta-layouts":"set","ast-page-background-enabled":"default","ast-page-background-meta":{"desktop":{"background-color":"","background-image":"","background-repeat":"repeat","background-position":"center center","background-size":"auto","background-attachment":"scroll","background-type":"","background-media":"","overlay-type":"","overlay-color":"","overlay-opacity":"","overlay-gradient":""},"tablet":{"background-color":"","background-image":"","background-repeat":"repeat","background-position":"center center","background-size":"auto","background-attachment":"scroll","background-type":"","background-media":"","overlay-type":"","overlay-color":"","overlay-opacity":"","overlay-gradient":""},"mobile":{"background-color":"","background-image":"","background-repeat":"repeat","background-position":"center center","background-size":"auto","background-attachment":"scroll","background-type":"","background-media":"","overlay-type":"","overlay-color":"","overlay-opacity":"","overlay-gradient":""}},"ast-content-background-meta":{"desktop":{"background-color":"var(--ast-global-color-5)","background-image":"","background-repeat":"repeat","background-position":"center center","background-size":"auto","background-attachment":"scroll","background-type":"","background-media":"","overlay-type":"","overlay-color":"","overlay-opacity":"","overlay-gradient":""},"tablet":{"background-color":"var(--ast-global-color-5)","background-image":"","background-repeat":"repeat","background-position":"center center","background-size":"auto","background-attachment":"scroll","background-type":"","background-media":"","overlay-type":"","overlay-color":"","overlay-opacity":"","overlay-gradient":""},"mobile":{"background-color":"var(--ast-global-color-5)","background-image":"","background-repeat":"repeat","background-position":"center center","background-size":"auto","background-attachment":"scroll","background-type":"","background-media":"","overlay-type":"","overlay-color":"","overlay-opacity":"","overlay-gradient":""}}},"product_brand":[],"product_cat":[85],"product_tag":[],"class_list":{"0":"post-5655","1":"product","2":"type-product","3":"status-publish","4":"has-post-thumbnail","6":"product_cat-lithuania","7":"desktop-align-left","8":"tablet-align-left","9":"mobile-align-left","11":"first","12":"instock","13":"sale","14":"shipping-taxable","15":"purchasable","16":"product-type-simple","17":"add-to-wishlist-before_image"},"_links":{"self":[{"href":"https:\/\/colligatum.com\/en\/wp-json\/wp\/v2\/product\/5655","targetHints":{"allow":["GET"]}}],"collection":[{"href":"https:\/\/colligatum.com\/en\/wp-json\/wp\/v2\/product"}],"about":[{"href":"https:\/\/colligatum.com\/en\/wp-json\/wp\/v2\/types\/product"}],"version-history":[{"count":1,"href":"https:\/\/colligatum.com\/en\/wp-json\/wp\/v2\/product\/5655\/revisions"}],"predecessor-version":[{"id":5656,"href":"https:\/\/colligatum.com\/en\/wp-json\/wp\/v2\/product\/5655\/revisions\/5656"}],"wp:featuredmedia":[{"embeddable":true,"href":"https:\/\/colligatum.com\/en\/wp-json\/wp\/v2\/media\/5578"}],"wp:attachment":[{"href":"https:\/\/colligatum.com\/en\/wp-json\/wp\/v2\/media?parent=5655"}],"wp:term":[{"taxonomy":"product_brand","embeddable":true,"href":"https:\/\/colligatum.com\/en\/wp-json\/wp\/v2\/product_brand?post=5655"},{"taxonomy":"product_cat","embeddable":true,"href":"https:\/\/colligatum.com\/en\/wp-json\/wp\/v2\/product_cat?post=5655"},{"taxonomy":"product_tag","embeddable":true,"href":"https:\/\/colligatum.com\/en\/wp-json\/wp\/v2\/product_tag?post=5655"}],"curies":[{"name":"wp","href":"https:\/\/api.w.org\/{rel}","templated":true}]}}