{"id":5665,"date":"2024-11-11T17:23:16","date_gmt":"2024-11-11T17:23:16","guid":{"rendered":"https:\/\/shop.colligatum.com\/?post_type=product&#038;p=5665"},"modified":"2026-04-11T09:40:54","modified_gmt":"2026-04-11T07:40:54","slug":"winston-blue-8","status":"publish","type":"product","link":"https:\/\/colligatum.com\/en\/product\/winston-blue-8\/","title":{"rendered":"Winston Blue"},"content":{"rendered":"<p data-pm-slice=\"1 3 []\"><strong>Description:<\/strong><br \/>\nWinston Blue cigare\u010di\u0173 pakelis pasi\u017eymi moderniu, m\u0117lynos spalvos dizainu, simbolizuojan\u010diu lengvesn\u012f skon\u012f. Pakuot\u0117s pavir\u0161ius yra su \u0161viesiais ir tamsesniais m\u0117lynos atspalviais bei tradiciniu \u201eWinston\u201c logotipu, kuriame matomas skraidantis erelis. \u0160alia yra didelis sveikatos \u012fsp\u0117jimas, b\u016bdingas ES tabako pakuot\u0117ms. \u201eBlue\u201c linija orientuota \u012f \u0161velnesn\u012f tabako skon\u012f ir lengvesn\u012f d\u016bm\u0105, tinkan\u010dius ie\u0161kantiems ma\u017eiau intensyvaus r\u016bkymo patirties.<\/p>\n<p><strong>Value assessment:<\/strong><\/p>\n<ul>\n<li><strong>Collectible value:<\/strong> Vidutin\u0117, nes Winston prek\u0117s \u017eenklas yra populiarus, ta\u010diau n\u0117ra laikomas itin retu kolekcinink\u0173 tarpe.<\/li>\n<li><strong>Condition:<\/strong> New and unopened, which increases its value.<\/li>\n<li><strong>Historical data:<\/strong> Atspindi ES tabako reguliavimo laikotarp\u012f su privalomais sveikatos \u012fsp\u0117jimais.<\/li>\n<li><strong>Market trends:<\/strong> Winston Blue cigaret\u0117s turi stabil\u0173 populiarum\u0105 d\u0117l savo \u012fvaizd\u017eio ir lengvesnio skonio linijos.<\/li>\n<\/ul>","protected":false},"excerpt":{"rendered":"<p data-pm-slice=\"1 1 []\"><strong>Cigarette brand and name:<\/strong> Winston Blue<br \/>\n<strong>Package size:<\/strong> 20 cigarettes<br \/>\n<strong>Country of manufacture:<\/strong> Tarptautin\u0117, \u201eJTI\u201c (Japan Tobacco International)<br \/>\n<strong>Production period or year:<\/strong> Apie 2010-uosius, remiantis kainos nurodymu litais<br \/>\n<strong>Package type:<\/strong> Hard pack<\/p>","protected":false},"featured_media":26460,"template":"","meta":{"_surecart_dashboard_logo_width":"180px","_surecart_dashboard_show_logo":true,"_surecart_dashboard_navigation_orders":true,"_surecart_dashboard_navigation_invoices":true,"_surecart_dashboard_navigation_subscriptions":true,"_surecart_dashboard_navigation_downloads":true,"_surecart_dashboard_navigation_billing":true,"_surecart_dashboard_navigation_account":true,"site-sidebar-layout":"default","site-content-layout":"","ast-site-content-layout":"default","site-content-style":"default","site-sidebar-style":"default","ast-global-header-display":"","ast-banner-title-visibility":"","ast-main-header-display":"","ast-hfb-above-header-display":"","ast-hfb-below-header-display":"","ast-hfb-mobile-header-display":"","site-post-title":"","ast-breadcrumbs-content":"","ast-featured-img":"","footer-sml-layout":"","theme-transparent-header-meta":"default","adv-header-id-meta":"","stick-header-meta":"","header-above-stick-meta":"","header-main-stick-meta":"","header-below-stick-meta":"","astra-migrate-meta-layouts":"set","ast-page-background-enabled":"default","ast-page-background-meta":{"desktop":{"background-color":"","background-image":"","background-repeat":"repeat","background-position":"center center","background-size":"auto","background-attachment":"scroll","background-type":"","background-media":"","overlay-type":"","overlay-color":"","overlay-opacity":"","overlay-gradient":""},"tablet":{"background-color":"","background-image":"","background-repeat":"repeat","background-position":"center center","background-size":"auto","background-attachment":"scroll","background-type":"","background-media":"","overlay-type":"","overlay-color":"","overlay-opacity":"","overlay-gradient":""},"mobile":{"background-color":"","background-image":"","background-repeat":"repeat","background-position":"center center","background-size":"auto","background-attachment":"scroll","background-type":"","background-media":"","overlay-type":"","overlay-color":"","overlay-opacity":"","overlay-gradient":""}},"ast-content-background-meta":{"desktop":{"background-color":"var(--ast-global-color-5)","background-image":"","background-repeat":"repeat","background-position":"center center","background-size":"auto","background-attachment":"scroll","background-type":"","background-media":"","overlay-type":"","overlay-color":"","overlay-opacity":"","overlay-gradient":""},"tablet":{"background-color":"var(--ast-global-color-5)","background-image":"","background-repeat":"repeat","background-position":"center center","background-size":"auto","background-attachment":"scroll","background-type":"","background-media":"","overlay-type":"","overlay-color":"","overlay-opacity":"","overlay-gradient":""},"mobile":{"background-color":"var(--ast-global-color-5)","background-image":"","background-repeat":"repeat","background-position":"center center","background-size":"auto","background-attachment":"scroll","background-type":"","background-media":"","overlay-type":"","overlay-color":"","overlay-opacity":"","overlay-gradient":""}}},"product_brand":[],"product_cat":[85],"product_tag":[],"class_list":{"0":"post-5665","1":"product","2":"type-product","3":"status-publish","4":"has-post-thumbnail","6":"product_cat-lithuania","7":"desktop-align-left","8":"tablet-align-left","9":"mobile-align-left","11":"first","12":"instock","13":"sale","14":"shipping-taxable","15":"purchasable","16":"product-type-simple","17":"add-to-wishlist-before_image"},"_links":{"self":[{"href":"https:\/\/colligatum.com\/en\/wp-json\/wp\/v2\/product\/5665","targetHints":{"allow":["GET"]}}],"collection":[{"href":"https:\/\/colligatum.com\/en\/wp-json\/wp\/v2\/product"}],"about":[{"href":"https:\/\/colligatum.com\/en\/wp-json\/wp\/v2\/types\/product"}],"version-history":[{"count":1,"href":"https:\/\/colligatum.com\/en\/wp-json\/wp\/v2\/product\/5665\/revisions"}],"predecessor-version":[{"id":5666,"href":"https:\/\/colligatum.com\/en\/wp-json\/wp\/v2\/product\/5665\/revisions\/5666"}],"wp:featuredmedia":[{"embeddable":true,"href":"https:\/\/colligatum.com\/en\/wp-json\/wp\/v2\/media\/26460"}],"wp:attachment":[{"href":"https:\/\/colligatum.com\/en\/wp-json\/wp\/v2\/media?parent=5665"}],"wp:term":[{"taxonomy":"product_brand","embeddable":true,"href":"https:\/\/colligatum.com\/en\/wp-json\/wp\/v2\/product_brand?post=5665"},{"taxonomy":"product_cat","embeddable":true,"href":"https:\/\/colligatum.com\/en\/wp-json\/wp\/v2\/product_cat?post=5665"},{"taxonomy":"product_tag","embeddable":true,"href":"https:\/\/colligatum.com\/en\/wp-json\/wp\/v2\/product_tag?post=5665"}],"curies":[{"name":"wp","href":"https:\/\/api.w.org\/{rel}","templated":true}]}}