{"id":5669,"date":"2024-11-11T17:24:51","date_gmt":"2024-11-11T17:24:51","guid":{"rendered":"https:\/\/shop.colligatum.com\/?post_type=product&#038;p=5669"},"modified":"2026-04-11T09:40:42","modified_gmt":"2026-04-11T07:40:42","slug":"winston-silver-3","status":"publish","type":"product","link":"https:\/\/colligatum.com\/en\/product\/winston-silver-3\/","title":{"rendered":"Winston Silver"},"content":{"rendered":"<p data-pm-slice=\"1 3 []\">Description:<br \/>\n\u0160is Winston Silver cigare\u010di\u0173 pakelis pasi\u017eymi \u0161iuolaiki\u0161ku, sidabriniu ir baltu dizainu su minimalisti\u0161kai integruotu prek\u0117s \u017eenklu. Pakuot\u0117 yra blizgi, su \u0161viesiais elementais, suteikian\u010diais jai prabangos \u012fsp\u016bd\u012f. Sveikatos \u012fsp\u0117jimai ai\u0161kiai matomi, kaip buvo \u012fprasta ES tuo laikotarpiu. \u201eSilver\u201c linija paprastai nurodo \u012f \u0161velnesn\u012f skon\u012f ir lengvesn\u012f d\u016bm\u0105, tinkant\u012f tiems, kurie ie\u0161ko ma\u017eiau intensyvios r\u016bkymo patirties.<\/p>\n<p>Value assessment:<\/p>\n<ul>\n<li>Kolekcin\u0117 vert\u0117: Vidutin\u0117, nes \u0161io laikotarpio \u201eWinston\u201c pakeliai vertinami d\u0117l klasikinio dizaino ir variacij\u0173.<\/li>\n<li>Condition: New and unopened, which increases its value.<\/li>\n<li>Istoriniai duomenys: Atspindi ES tabako pakuo\u010di\u0173 standartizacijos laikotarp\u012f, kai buvo privalomi sveikatos \u012fsp\u0117jimai.<\/li>\n<li>Rinkos tendencijos: \u201eWinston\u201c prek\u0117s \u017eenklo pakeliai populiar\u016bs tarp kolekcinink\u0173 d\u0117l savo istorinio ir vizualinio patrauklumo.<\/li>\n<\/ul>","protected":false},"excerpt":{"rendered":"<p data-pm-slice=\"1 1 []\">Cigaret\u0117s prek\u0117s \u017eenklas ir pavadinimas: Winston Silver<br \/>\nPack size: 20 cigarettes<br \/>\nPagaminimo \u0161alis: ES, pagaminta \u201eJapan Tobacco International\u201c (JTI)<br \/>\nProduction period or year: Around 2010, judging by the price in litas<br \/>\nPackage type: Hard package<\/p>","protected":false},"featured_media":26464,"template":"","meta":{"_surecart_dashboard_logo_width":"180px","_surecart_dashboard_show_logo":true,"_surecart_dashboard_navigation_orders":true,"_surecart_dashboard_navigation_invoices":true,"_surecart_dashboard_navigation_subscriptions":true,"_surecart_dashboard_navigation_downloads":true,"_surecart_dashboard_navigation_billing":true,"_surecart_dashboard_navigation_account":true,"site-sidebar-layout":"default","site-content-layout":"","ast-site-content-layout":"default","site-content-style":"default","site-sidebar-style":"default","ast-global-header-display":"","ast-banner-title-visibility":"","ast-main-header-display":"","ast-hfb-above-header-display":"","ast-hfb-below-header-display":"","ast-hfb-mobile-header-display":"","site-post-title":"","ast-breadcrumbs-content":"","ast-featured-img":"","footer-sml-layout":"","theme-transparent-header-meta":"default","adv-header-id-meta":"","stick-header-meta":"","header-above-stick-meta":"","header-main-stick-meta":"","header-below-stick-meta":"","astra-migrate-meta-layouts":"set","ast-page-background-enabled":"default","ast-page-background-meta":{"desktop":{"background-color":"","background-image":"","background-repeat":"repeat","background-position":"center center","background-size":"auto","background-attachment":"scroll","background-type":"","background-media":"","overlay-type":"","overlay-color":"","overlay-opacity":"","overlay-gradient":""},"tablet":{"background-color":"","background-image":"","background-repeat":"repeat","background-position":"center center","background-size":"auto","background-attachment":"scroll","background-type":"","background-media":"","overlay-type":"","overlay-color":"","overlay-opacity":"","overlay-gradient":""},"mobile":{"background-color":"","background-image":"","background-repeat":"repeat","background-position":"center center","background-size":"auto","background-attachment":"scroll","background-type":"","background-media":"","overlay-type":"","overlay-color":"","overlay-opacity":"","overlay-gradient":""}},"ast-content-background-meta":{"desktop":{"background-color":"var(--ast-global-color-5)","background-image":"","background-repeat":"repeat","background-position":"center center","background-size":"auto","background-attachment":"scroll","background-type":"","background-media":"","overlay-type":"","overlay-color":"","overlay-opacity":"","overlay-gradient":""},"tablet":{"background-color":"var(--ast-global-color-5)","background-image":"","background-repeat":"repeat","background-position":"center center","background-size":"auto","background-attachment":"scroll","background-type":"","background-media":"","overlay-type":"","overlay-color":"","overlay-opacity":"","overlay-gradient":""},"mobile":{"background-color":"var(--ast-global-color-5)","background-image":"","background-repeat":"repeat","background-position":"center center","background-size":"auto","background-attachment":"scroll","background-type":"","background-media":"","overlay-type":"","overlay-color":"","overlay-opacity":"","overlay-gradient":""}}},"product_brand":[],"product_cat":[85],"product_tag":[],"class_list":{"0":"post-5669","1":"product","2":"type-product","3":"status-publish","4":"has-post-thumbnail","6":"product_cat-lithuania","7":"desktop-align-left","8":"tablet-align-left","9":"mobile-align-left","11":"first","12":"instock","13":"sale","14":"shipping-taxable","15":"purchasable","16":"product-type-simple","17":"add-to-wishlist-before_image"},"_links":{"self":[{"href":"https:\/\/colligatum.com\/en\/wp-json\/wp\/v2\/product\/5669","targetHints":{"allow":["GET"]}}],"collection":[{"href":"https:\/\/colligatum.com\/en\/wp-json\/wp\/v2\/product"}],"about":[{"href":"https:\/\/colligatum.com\/en\/wp-json\/wp\/v2\/types\/product"}],"version-history":[{"count":1,"href":"https:\/\/colligatum.com\/en\/wp-json\/wp\/v2\/product\/5669\/revisions"}],"predecessor-version":[{"id":5670,"href":"https:\/\/colligatum.com\/en\/wp-json\/wp\/v2\/product\/5669\/revisions\/5670"}],"wp:featuredmedia":[{"embeddable":true,"href":"https:\/\/colligatum.com\/en\/wp-json\/wp\/v2\/media\/26464"}],"wp:attachment":[{"href":"https:\/\/colligatum.com\/en\/wp-json\/wp\/v2\/media?parent=5669"}],"wp:term":[{"taxonomy":"product_brand","embeddable":true,"href":"https:\/\/colligatum.com\/en\/wp-json\/wp\/v2\/product_brand?post=5669"},{"taxonomy":"product_cat","embeddable":true,"href":"https:\/\/colligatum.com\/en\/wp-json\/wp\/v2\/product_cat?post=5669"},{"taxonomy":"product_tag","embeddable":true,"href":"https:\/\/colligatum.com\/en\/wp-json\/wp\/v2\/product_tag?post=5669"}],"curies":[{"name":"wp","href":"https:\/\/api.w.org\/{rel}","templated":true}]}}