{"id":5671,"date":"2024-11-11T17:25:48","date_gmt":"2024-11-11T17:25:48","guid":{"rendered":"https:\/\/shop.colligatum.com\/?post_type=product&#038;p=5671"},"modified":"2026-04-11T09:40:49","modified_gmt":"2026-04-11T07:40:49","slug":"winston-silver-4","status":"publish","type":"product","link":"https:\/\/colligatum.com\/en\/product\/winston-silver-4\/","title":{"rendered":"Winston Silver"},"content":{"rendered":"<p data-pm-slice=\"1 3 []\"><strong>Description:<\/strong> \u0160is Winston Silver cigare\u010di\u0173 pakelis yra modernus ir minimalistinio dizaino, dominuojant sidabrinei spalvai, kuri siejama su lengvesnio skonio variantais. Ant pakelio matomi sveikatos \u012fsp\u0117jimai, privalomi ES tabako pakuot\u0117ms tuo metu. Winston logotipas i\u0161lieka gerai atpa\u017e\u012fstamas, o sidabrinis dizainas sukuria eleganti\u0161k\u0105 \u012fvaizd\u012f, patraukl\u0173 \u0161io prek\u0117s \u017eenklo gerb\u0117jams.<\/p>\n<p><strong>Value assessment:<\/strong><\/p>\n<ul>\n<li><strong>Collectible value:<\/strong> Vidutin\u0117, nes Winston prek\u0117s \u017eenklas yra populiarus ir vertinamas d\u0117l plataus dizaino variacij\u0173.<\/li>\n<li><strong>Condition:<\/strong> New and unopened, which increases its value.<\/li>\n<li><strong>Historical data:<\/strong> Atspindi laikotarp\u012f, kai ES \u012fgyvendino standartizuotus sveikatos \u012fsp\u0117jimus tabako gaminiuose.<\/li>\n<li><strong>Market trends:<\/strong> Winston cigare\u010di\u0173 pakeliai yra vidutini\u0161kai populiar\u016bs tarp kolekcinink\u0173 d\u0117l j\u0173 globalinio atpa\u017e\u012fstamumo.<\/li>\n<\/ul>","protected":false},"excerpt":{"rendered":"<p data-pm-slice=\"1 1 []\">Cigarette brand and name: <strong>Winston Silver<\/strong><\/p>\n<p>Package size: <strong>20 cigarettes<\/strong><\/p>\n<p>Country of manufacture: <strong>ES, pagaminta International Tobacco Machinery (ITM)<\/strong><\/p>\n<p>Production period or year: <strong>Around 2010, judging by the price in litas<\/strong><\/p>\n<p>Package type: <strong>Hard pack<\/strong><\/p>","protected":false},"featured_media":26466,"template":"","meta":{"_surecart_dashboard_logo_width":"180px","_surecart_dashboard_show_logo":true,"_surecart_dashboard_navigation_orders":true,"_surecart_dashboard_navigation_invoices":true,"_surecart_dashboard_navigation_subscriptions":true,"_surecart_dashboard_navigation_downloads":true,"_surecart_dashboard_navigation_billing":true,"_surecart_dashboard_navigation_account":true,"site-sidebar-layout":"default","site-content-layout":"","ast-site-content-layout":"default","site-content-style":"default","site-sidebar-style":"default","ast-global-header-display":"","ast-banner-title-visibility":"","ast-main-header-display":"","ast-hfb-above-header-display":"","ast-hfb-below-header-display":"","ast-hfb-mobile-header-display":"","site-post-title":"","ast-breadcrumbs-content":"","ast-featured-img":"","footer-sml-layout":"","theme-transparent-header-meta":"default","adv-header-id-meta":"","stick-header-meta":"","header-above-stick-meta":"","header-main-stick-meta":"","header-below-stick-meta":"","astra-migrate-meta-layouts":"set","ast-page-background-enabled":"default","ast-page-background-meta":{"desktop":{"background-color":"","background-image":"","background-repeat":"repeat","background-position":"center center","background-size":"auto","background-attachment":"scroll","background-type":"","background-media":"","overlay-type":"","overlay-color":"","overlay-opacity":"","overlay-gradient":""},"tablet":{"background-color":"","background-image":"","background-repeat":"repeat","background-position":"center center","background-size":"auto","background-attachment":"scroll","background-type":"","background-media":"","overlay-type":"","overlay-color":"","overlay-opacity":"","overlay-gradient":""},"mobile":{"background-color":"","background-image":"","background-repeat":"repeat","background-position":"center center","background-size":"auto","background-attachment":"scroll","background-type":"","background-media":"","overlay-type":"","overlay-color":"","overlay-opacity":"","overlay-gradient":""}},"ast-content-background-meta":{"desktop":{"background-color":"var(--ast-global-color-5)","background-image":"","background-repeat":"repeat","background-position":"center center","background-size":"auto","background-attachment":"scroll","background-type":"","background-media":"","overlay-type":"","overlay-color":"","overlay-opacity":"","overlay-gradient":""},"tablet":{"background-color":"var(--ast-global-color-5)","background-image":"","background-repeat":"repeat","background-position":"center center","background-size":"auto","background-attachment":"scroll","background-type":"","background-media":"","overlay-type":"","overlay-color":"","overlay-opacity":"","overlay-gradient":""},"mobile":{"background-color":"var(--ast-global-color-5)","background-image":"","background-repeat":"repeat","background-position":"center center","background-size":"auto","background-attachment":"scroll","background-type":"","background-media":"","overlay-type":"","overlay-color":"","overlay-opacity":"","overlay-gradient":""}}},"product_brand":[],"product_cat":[85],"product_tag":[],"class_list":{"0":"post-5671","1":"product","2":"type-product","3":"status-publish","4":"has-post-thumbnail","6":"product_cat-lithuania","7":"desktop-align-left","8":"tablet-align-left","9":"mobile-align-left","11":"first","12":"instock","13":"sale","14":"shipping-taxable","15":"purchasable","16":"product-type-simple","17":"add-to-wishlist-before_image"},"_links":{"self":[{"href":"https:\/\/colligatum.com\/en\/wp-json\/wp\/v2\/product\/5671","targetHints":{"allow":["GET"]}}],"collection":[{"href":"https:\/\/colligatum.com\/en\/wp-json\/wp\/v2\/product"}],"about":[{"href":"https:\/\/colligatum.com\/en\/wp-json\/wp\/v2\/types\/product"}],"version-history":[{"count":1,"href":"https:\/\/colligatum.com\/en\/wp-json\/wp\/v2\/product\/5671\/revisions"}],"predecessor-version":[{"id":5672,"href":"https:\/\/colligatum.com\/en\/wp-json\/wp\/v2\/product\/5671\/revisions\/5672"}],"wp:featuredmedia":[{"embeddable":true,"href":"https:\/\/colligatum.com\/en\/wp-json\/wp\/v2\/media\/26466"}],"wp:attachment":[{"href":"https:\/\/colligatum.com\/en\/wp-json\/wp\/v2\/media?parent=5671"}],"wp:term":[{"taxonomy":"product_brand","embeddable":true,"href":"https:\/\/colligatum.com\/en\/wp-json\/wp\/v2\/product_brand?post=5671"},{"taxonomy":"product_cat","embeddable":true,"href":"https:\/\/colligatum.com\/en\/wp-json\/wp\/v2\/product_cat?post=5671"},{"taxonomy":"product_tag","embeddable":true,"href":"https:\/\/colligatum.com\/en\/wp-json\/wp\/v2\/product_tag?post=5671"}],"curies":[{"name":"wp","href":"https:\/\/api.w.org\/{rel}","templated":true}]}}