{"id":5675,"date":"2024-11-11T17:27:30","date_gmt":"2024-11-11T17:27:30","guid":{"rendered":"https:\/\/shop.colligatum.com\/?post_type=product&#038;p=5675"},"modified":"2024-11-12T17:53:29","modified_gmt":"2024-11-12T17:53:29","slug":"red-white-international-fine","status":"publish","type":"product","link":"https:\/\/colligatum.com\/en\/product\/red-white-international-fine\/","title":{"rendered":"Red &amp; White International Fine"},"content":{"rendered":"<p data-pm-slice=\"1 1 []\">Apra\u0161ymas: \u0160is \u201eRed &amp; White International Fine\u201c cigare\u010di\u0173 pakelis pasi\u017eymi minimalistiniu, eleganti\u0161ku dizainu su sidabro ir raudonos spalv\u0173 deriniu. Logotipas su \u201eRed &amp; White\u201c prek\u0117s \u017eenklu yra matomas vir\u0161uje, pabr\u0117\u017eiant gamintojo siek\u012f pritraukti d\u0117mes\u012f \u012f auk\u0161tos kokyb\u0117s amerikieti\u0161k\u0105 mi\u0161in\u012f. Ant pakuot\u0117s esantis \u012fsp\u0117jimas apie r\u016bkymo \u017eal\u0105 yra standartinis ES, nurodantis sveikatos pavojus.<\/p>\n<p>Kolekcin\u0117 vert\u0117: Vidutin\u0117, nes Red &amp; White serijos cigare\u010di\u0173 pakeliai yra kolekcionuojami d\u0117l savo dizaino ir gamybos laikotarpio ypatybi\u0173.<br \/>\nB\u016bkl\u0117: Naujas ir neatidarytas, kas padidina jo kolekcin\u0119 vert\u0119.<br \/>\nIstoriniai duomenys: Atspindi tam tikr\u0105 period\u0105 ES tabako gamini\u0173 rinkoje, kai sveikatos \u012fsp\u0117jimai tapo privalomi ant pakuo\u010di\u0173.<br \/>\nRinkos tendencijos: Red &amp; White cigaret\u0117s i\u0161lieka populiarios tarp kolekcinink\u0173, vertinan\u010di\u0173 prek\u0117s \u017eenklo istorij\u0105 ir dizain\u0105.<\/p>","protected":false},"excerpt":{"rendered":"<p data-pm-slice=\"1 1 []\">Cigaret\u0117s prek\u0117s \u017eenklas ir pavadinimas: Red &amp; White International Fine<br \/>\nPack size: 20 cigarettes<br \/>\nCountry of manufacture: EU, UAB Philip Morris Baltic (Lithuania)<br \/>\nProduction period or year: Around 2010, judging by the price in litas<br \/>\nPackage type: Hard package<\/p>","protected":false},"featured_media":5598,"template":"","meta":{"_surecart_dashboard_logo_width":"180px","_surecart_dashboard_show_logo":true,"_surecart_dashboard_navigation_orders":true,"_surecart_dashboard_navigation_invoices":true,"_surecart_dashboard_navigation_subscriptions":true,"_surecart_dashboard_navigation_downloads":true,"_surecart_dashboard_navigation_billing":true,"_surecart_dashboard_navigation_account":true,"site-sidebar-layout":"default","site-content-layout":"","ast-site-content-layout":"default","site-content-style":"default","site-sidebar-style":"default","ast-global-header-display":"","ast-banner-title-visibility":"","ast-main-header-display":"","ast-hfb-above-header-display":"","ast-hfb-below-header-display":"","ast-hfb-mobile-header-display":"","site-post-title":"","ast-breadcrumbs-content":"","ast-featured-img":"","footer-sml-layout":"","theme-transparent-header-meta":"default","adv-header-id-meta":"","stick-header-meta":"","header-above-stick-meta":"","header-main-stick-meta":"","header-below-stick-meta":"","astra-migrate-meta-layouts":"set","ast-page-background-enabled":"default","ast-page-background-meta":{"desktop":{"background-color":"","background-image":"","background-repeat":"repeat","background-position":"center center","background-size":"auto","background-attachment":"scroll","background-type":"","background-media":"","overlay-type":"","overlay-color":"","overlay-opacity":"","overlay-gradient":""},"tablet":{"background-color":"","background-image":"","background-repeat":"repeat","background-position":"center center","background-size":"auto","background-attachment":"scroll","background-type":"","background-media":"","overlay-type":"","overlay-color":"","overlay-opacity":"","overlay-gradient":""},"mobile":{"background-color":"","background-image":"","background-repeat":"repeat","background-position":"center center","background-size":"auto","background-attachment":"scroll","background-type":"","background-media":"","overlay-type":"","overlay-color":"","overlay-opacity":"","overlay-gradient":""}},"ast-content-background-meta":{"desktop":{"background-color":"var(--ast-global-color-5)","background-image":"","background-repeat":"repeat","background-position":"center center","background-size":"auto","background-attachment":"scroll","background-type":"","background-media":"","overlay-type":"","overlay-color":"","overlay-opacity":"","overlay-gradient":""},"tablet":{"background-color":"var(--ast-global-color-5)","background-image":"","background-repeat":"repeat","background-position":"center center","background-size":"auto","background-attachment":"scroll","background-type":"","background-media":"","overlay-type":"","overlay-color":"","overlay-opacity":"","overlay-gradient":""},"mobile":{"background-color":"var(--ast-global-color-5)","background-image":"","background-repeat":"repeat","background-position":"center center","background-size":"auto","background-attachment":"scroll","background-type":"","background-media":"","overlay-type":"","overlay-color":"","overlay-opacity":"","overlay-gradient":""}}},"product_brand":[],"product_cat":[85],"product_tag":[],"class_list":{"0":"post-5675","1":"product","2":"type-product","3":"status-publish","4":"has-post-thumbnail","6":"product_cat-lithuania","7":"desktop-align-left","8":"tablet-align-left","9":"mobile-align-left","11":"first","12":"instock","13":"sale","14":"shipping-taxable","15":"purchasable","16":"product-type-simple","17":"add-to-wishlist-before_image"},"_links":{"self":[{"href":"https:\/\/colligatum.com\/en\/wp-json\/wp\/v2\/product\/5675","targetHints":{"allow":["GET"]}}],"collection":[{"href":"https:\/\/colligatum.com\/en\/wp-json\/wp\/v2\/product"}],"about":[{"href":"https:\/\/colligatum.com\/en\/wp-json\/wp\/v2\/types\/product"}],"version-history":[{"count":1,"href":"https:\/\/colligatum.com\/en\/wp-json\/wp\/v2\/product\/5675\/revisions"}],"predecessor-version":[{"id":5676,"href":"https:\/\/colligatum.com\/en\/wp-json\/wp\/v2\/product\/5675\/revisions\/5676"}],"wp:featuredmedia":[{"embeddable":true,"href":"https:\/\/colligatum.com\/en\/wp-json\/wp\/v2\/media\/5598"}],"wp:attachment":[{"href":"https:\/\/colligatum.com\/en\/wp-json\/wp\/v2\/media?parent=5675"}],"wp:term":[{"taxonomy":"product_brand","embeddable":true,"href":"https:\/\/colligatum.com\/en\/wp-json\/wp\/v2\/product_brand?post=5675"},{"taxonomy":"product_cat","embeddable":true,"href":"https:\/\/colligatum.com\/en\/wp-json\/wp\/v2\/product_cat?post=5675"},{"taxonomy":"product_tag","embeddable":true,"href":"https:\/\/colligatum.com\/en\/wp-json\/wp\/v2\/product_tag?post=5675"}],"curies":[{"name":"wp","href":"https:\/\/api.w.org\/{rel}","templated":true}]}}