{"id":5681,"date":"2024-11-11T17:31:12","date_gmt":"2024-11-11T17:31:12","guid":{"rendered":"https:\/\/shop.colligatum.com\/?post_type=product&#038;p=5681"},"modified":"2024-11-12T17:58:09","modified_gmt":"2024-11-12T17:58:09","slug":"red-white-lights","status":"publish","type":"product","link":"https:\/\/colligatum.com\/en\/product\/red-white-lights\/","title":{"rendered":"Red &amp; White Lights"},"content":{"rendered":"<p data-pm-slice=\"1 1 []\"><strong>Description:<\/strong> \u0160is \u201eRed &amp; White Lights American Blend\u201c cigare\u010di\u0173 pakelis pasi\u017eymi minimalistiniu baltos ir raudonos spalvos dizainu, pabr\u0117\u017eian\u010diu prek\u0117s \u017eenkl\u0105. Ant pakuot\u0117s yra sveikatos \u012fsp\u0117jimas apie tabako poveik\u012f, kuris buvo privalomas ES \u0161iuo laikotarpiu. Pakelio dizainas rodo auk\u0161tos kokyb\u0117s amerikieti\u0161k\u0105 tabako mi\u0161in\u012f, orientuot\u0105 \u012f vartotojus, m\u0117gstan\u010dius lengvesnes cigaretes.<\/p>\n<p><strong>Collectible value:<\/strong> Vidutin\u0117, nes \u201eRed &amp; White\u201c serijos pakeliai kolekcionuojami da\u017eniausiai d\u0117l prek\u0117s \u017eenklo ir dizaino variacij\u0173.<br \/>\n<strong>Condition:<\/strong> New and unopened, which increases its value.<br \/>\n<strong>Historical data:<\/strong> Atspindi ES tabako pakuo\u010di\u0173 istorijos laikotarp\u012f, kai buvo prad\u0117ti naudoti standartizuoti sveikatos \u012fsp\u0117jimai ir akcentuojamos lengvesni\u0173 cigare\u010di\u0173 serijos.<br \/>\n<strong>Market trends:<\/strong> \u201eRed &amp; White\u201c serija yra populiari tarp kolekcinink\u0173, ta\u010diau vert\u0117 labiau priklauso nuo dizaino variacij\u0173 ir b\u016bkl\u0117s.<\/p>","protected":false},"excerpt":{"rendered":"<p data-pm-slice=\"1 1 []\"><strong>Cigarette brand and name:<\/strong> Red &amp; White Lights American Blend<br \/>\n<strong>Package size:<\/strong> 20 cigarettes<br \/>\n<strong>Country of manufacture:<\/strong> EU, UAB Philip Morris Baltic (Lithuania)<br \/>\n<strong>Production period or year:<\/strong> Apie 2000-uosius, sprend\u017eiant pagal kain\u0105 litais<br \/>\n<strong>Package type:<\/strong> Hard pack<\/p>","protected":false},"featured_media":5604,"template":"","meta":{"_surecart_dashboard_logo_width":"180px","_surecart_dashboard_show_logo":true,"_surecart_dashboard_navigation_orders":true,"_surecart_dashboard_navigation_invoices":true,"_surecart_dashboard_navigation_subscriptions":true,"_surecart_dashboard_navigation_downloads":true,"_surecart_dashboard_navigation_billing":true,"_surecart_dashboard_navigation_account":true,"site-sidebar-layout":"default","site-content-layout":"","ast-site-content-layout":"default","site-content-style":"default","site-sidebar-style":"default","ast-global-header-display":"","ast-banner-title-visibility":"","ast-main-header-display":"","ast-hfb-above-header-display":"","ast-hfb-below-header-display":"","ast-hfb-mobile-header-display":"","site-post-title":"","ast-breadcrumbs-content":"","ast-featured-img":"","footer-sml-layout":"","theme-transparent-header-meta":"default","adv-header-id-meta":"","stick-header-meta":"","header-above-stick-meta":"","header-main-stick-meta":"","header-below-stick-meta":"","astra-migrate-meta-layouts":"set","ast-page-background-enabled":"default","ast-page-background-meta":{"desktop":{"background-color":"","background-image":"","background-repeat":"repeat","background-position":"center center","background-size":"auto","background-attachment":"scroll","background-type":"","background-media":"","overlay-type":"","overlay-color":"","overlay-opacity":"","overlay-gradient":""},"tablet":{"background-color":"","background-image":"","background-repeat":"repeat","background-position":"center center","background-size":"auto","background-attachment":"scroll","background-type":"","background-media":"","overlay-type":"","overlay-color":"","overlay-opacity":"","overlay-gradient":""},"mobile":{"background-color":"","background-image":"","background-repeat":"repeat","background-position":"center center","background-size":"auto","background-attachment":"scroll","background-type":"","background-media":"","overlay-type":"","overlay-color":"","overlay-opacity":"","overlay-gradient":""}},"ast-content-background-meta":{"desktop":{"background-color":"var(--ast-global-color-5)","background-image":"","background-repeat":"repeat","background-position":"center center","background-size":"auto","background-attachment":"scroll","background-type":"","background-media":"","overlay-type":"","overlay-color":"","overlay-opacity":"","overlay-gradient":""},"tablet":{"background-color":"var(--ast-global-color-5)","background-image":"","background-repeat":"repeat","background-position":"center center","background-size":"auto","background-attachment":"scroll","background-type":"","background-media":"","overlay-type":"","overlay-color":"","overlay-opacity":"","overlay-gradient":""},"mobile":{"background-color":"var(--ast-global-color-5)","background-image":"","background-repeat":"repeat","background-position":"center center","background-size":"auto","background-attachment":"scroll","background-type":"","background-media":"","overlay-type":"","overlay-color":"","overlay-opacity":"","overlay-gradient":""}}},"product_brand":[],"product_cat":[85],"product_tag":[],"class_list":{"0":"post-5681","1":"product","2":"type-product","3":"status-publish","4":"has-post-thumbnail","6":"product_cat-lithuania","7":"desktop-align-left","8":"tablet-align-left","9":"mobile-align-left","11":"first","12":"instock","13":"sale","14":"shipping-taxable","15":"purchasable","16":"product-type-simple","17":"add-to-wishlist-before_image"},"_links":{"self":[{"href":"https:\/\/colligatum.com\/en\/wp-json\/wp\/v2\/product\/5681","targetHints":{"allow":["GET"]}}],"collection":[{"href":"https:\/\/colligatum.com\/en\/wp-json\/wp\/v2\/product"}],"about":[{"href":"https:\/\/colligatum.com\/en\/wp-json\/wp\/v2\/types\/product"}],"version-history":[{"count":1,"href":"https:\/\/colligatum.com\/en\/wp-json\/wp\/v2\/product\/5681\/revisions"}],"predecessor-version":[{"id":5682,"href":"https:\/\/colligatum.com\/en\/wp-json\/wp\/v2\/product\/5681\/revisions\/5682"}],"wp:featuredmedia":[{"embeddable":true,"href":"https:\/\/colligatum.com\/en\/wp-json\/wp\/v2\/media\/5604"}],"wp:attachment":[{"href":"https:\/\/colligatum.com\/en\/wp-json\/wp\/v2\/media?parent=5681"}],"wp:term":[{"taxonomy":"product_brand","embeddable":true,"href":"https:\/\/colligatum.com\/en\/wp-json\/wp\/v2\/product_brand?post=5681"},{"taxonomy":"product_cat","embeddable":true,"href":"https:\/\/colligatum.com\/en\/wp-json\/wp\/v2\/product_cat?post=5681"},{"taxonomy":"product_tag","embeddable":true,"href":"https:\/\/colligatum.com\/en\/wp-json\/wp\/v2\/product_tag?post=5681"}],"curies":[{"name":"wp","href":"https:\/\/api.w.org\/{rel}","templated":true}]}}