{"id":5685,"date":"2024-11-11T17:32:56","date_gmt":"2024-11-11T17:32:56","guid":{"rendered":"https:\/\/shop.colligatum.com\/?post_type=product&#038;p=5685"},"modified":"2024-11-12T17:58:26","modified_gmt":"2024-11-12T17:58:26","slug":"red-white-international","status":"publish","type":"product","link":"https:\/\/colligatum.com\/en\/product\/red-white-international\/","title":{"rendered":"Red &amp; White International"},"content":{"rendered":"<p data-pm-slice=\"1 3 []\"><strong>Description:<\/strong> \u0160is Red &amp; White International American Blend cigare\u010di\u0173 pakelis pasi\u017eymi klasikinio dizaino elementais \u2013 raudona ir balta spalv\u0173 schema bei subtiliai i\u0161ry\u0161kintu logotipu. Ant pakuot\u0117s yra ai\u0161kiai matomas sveikatos \u012fsp\u0117jimas, atspindintis ES standartus tuo metu. Prek\u0117s \u017eenklas yra \u017einomas d\u0117l savo klasikini\u0173 ir prieinam\u0173 cigare\u010di\u0173 mi\u0161ini\u0173.<\/p>\n<p><strong>Value assessment:<\/strong><\/p>\n<ul>\n<li><strong>Collectible value:<\/strong> \u017dema \u2013 \u0161is prek\u0117s \u017eenklas ir laikotarpis n\u0117ra ypatingai vertinami tarp kolekcinink\u0173.<\/li>\n<li><strong>Condition:<\/strong> Naujas ir neatidarytas, kas \u0161iek tiek padidina vert\u0119.<\/li>\n<li><strong>Historical data:<\/strong> Atspindi period\u0105, kai ES prad\u0117jo grie\u017etinti tabako pakuo\u010di\u0173 \u017eenklinimo reikalavimus.<\/li>\n<li><strong>Market trends:<\/strong> Tarp kolekcinink\u0173 Red &amp; White cigaret\u0117s n\u0117ra labai populiarios, ta\u010diau kai kurie vertina klasikinius ir retai matomus pakeli\u0173 dizainus.<\/li>\n<\/ul>","protected":false},"excerpt":{"rendered":"<p data-pm-slice=\"1 1 []\"><strong>Cigarette brand and name:<\/strong> Red &amp; White International American Blend<br \/>\n<strong>Package size:<\/strong> 20 cigarettes<br \/>\n<strong>Country of manufacture:<\/strong> EU, UAB Philip Morris Baltic (Lithuania)<br \/>\n<strong>Production period or year:<\/strong> Apie 2000-uosius, remiantis kaina litais<br \/>\n<strong>Package type:<\/strong> Hard pack<\/p>","protected":false},"featured_media":5608,"template":"","meta":{"_surecart_dashboard_logo_width":"180px","_surecart_dashboard_show_logo":true,"_surecart_dashboard_navigation_orders":true,"_surecart_dashboard_navigation_invoices":true,"_surecart_dashboard_navigation_subscriptions":true,"_surecart_dashboard_navigation_downloads":true,"_surecart_dashboard_navigation_billing":true,"_surecart_dashboard_navigation_account":true,"site-sidebar-layout":"default","site-content-layout":"","ast-site-content-layout":"default","site-content-style":"default","site-sidebar-style":"default","ast-global-header-display":"","ast-banner-title-visibility":"","ast-main-header-display":"","ast-hfb-above-header-display":"","ast-hfb-below-header-display":"","ast-hfb-mobile-header-display":"","site-post-title":"","ast-breadcrumbs-content":"","ast-featured-img":"","footer-sml-layout":"","theme-transparent-header-meta":"default","adv-header-id-meta":"","stick-header-meta":"","header-above-stick-meta":"","header-main-stick-meta":"","header-below-stick-meta":"","astra-migrate-meta-layouts":"set","ast-page-background-enabled":"default","ast-page-background-meta":{"desktop":{"background-color":"","background-image":"","background-repeat":"repeat","background-position":"center center","background-size":"auto","background-attachment":"scroll","background-type":"","background-media":"","overlay-type":"","overlay-color":"","overlay-opacity":"","overlay-gradient":""},"tablet":{"background-color":"","background-image":"","background-repeat":"repeat","background-position":"center center","background-size":"auto","background-attachment":"scroll","background-type":"","background-media":"","overlay-type":"","overlay-color":"","overlay-opacity":"","overlay-gradient":""},"mobile":{"background-color":"","background-image":"","background-repeat":"repeat","background-position":"center center","background-size":"auto","background-attachment":"scroll","background-type":"","background-media":"","overlay-type":"","overlay-color":"","overlay-opacity":"","overlay-gradient":""}},"ast-content-background-meta":{"desktop":{"background-color":"var(--ast-global-color-5)","background-image":"","background-repeat":"repeat","background-position":"center center","background-size":"auto","background-attachment":"scroll","background-type":"","background-media":"","overlay-type":"","overlay-color":"","overlay-opacity":"","overlay-gradient":""},"tablet":{"background-color":"var(--ast-global-color-5)","background-image":"","background-repeat":"repeat","background-position":"center center","background-size":"auto","background-attachment":"scroll","background-type":"","background-media":"","overlay-type":"","overlay-color":"","overlay-opacity":"","overlay-gradient":""},"mobile":{"background-color":"var(--ast-global-color-5)","background-image":"","background-repeat":"repeat","background-position":"center center","background-size":"auto","background-attachment":"scroll","background-type":"","background-media":"","overlay-type":"","overlay-color":"","overlay-opacity":"","overlay-gradient":""}}},"product_brand":[],"product_cat":[85],"product_tag":[],"class_list":{"0":"post-5685","1":"product","2":"type-product","3":"status-publish","4":"has-post-thumbnail","6":"product_cat-lithuania","7":"desktop-align-left","8":"tablet-align-left","9":"mobile-align-left","11":"first","12":"instock","13":"sale","14":"shipping-taxable","15":"purchasable","16":"product-type-simple","17":"add-to-wishlist-before_image"},"_links":{"self":[{"href":"https:\/\/colligatum.com\/en\/wp-json\/wp\/v2\/product\/5685","targetHints":{"allow":["GET"]}}],"collection":[{"href":"https:\/\/colligatum.com\/en\/wp-json\/wp\/v2\/product"}],"about":[{"href":"https:\/\/colligatum.com\/en\/wp-json\/wp\/v2\/types\/product"}],"version-history":[{"count":1,"href":"https:\/\/colligatum.com\/en\/wp-json\/wp\/v2\/product\/5685\/revisions"}],"predecessor-version":[{"id":5686,"href":"https:\/\/colligatum.com\/en\/wp-json\/wp\/v2\/product\/5685\/revisions\/5686"}],"wp:featuredmedia":[{"embeddable":true,"href":"https:\/\/colligatum.com\/en\/wp-json\/wp\/v2\/media\/5608"}],"wp:attachment":[{"href":"https:\/\/colligatum.com\/en\/wp-json\/wp\/v2\/media?parent=5685"}],"wp:term":[{"taxonomy":"product_brand","embeddable":true,"href":"https:\/\/colligatum.com\/en\/wp-json\/wp\/v2\/product_brand?post=5685"},{"taxonomy":"product_cat","embeddable":true,"href":"https:\/\/colligatum.com\/en\/wp-json\/wp\/v2\/product_cat?post=5685"},{"taxonomy":"product_tag","embeddable":true,"href":"https:\/\/colligatum.com\/en\/wp-json\/wp\/v2\/product_tag?post=5685"}],"curies":[{"name":"wp","href":"https:\/\/api.w.org\/{rel}","templated":true}]}}