{"id":5691,"date":"2024-11-11T17:35:20","date_gmt":"2024-11-11T17:35:20","guid":{"rendered":"https:\/\/shop.colligatum.com\/?post_type=product&#038;p=5691"},"modified":"2024-11-12T17:59:05","modified_gmt":"2024-11-12T17:59:05","slug":"red-white-fine-3","status":"publish","type":"product","link":"https:\/\/colligatum.com\/en\/product\/red-white-fine-3\/","title":{"rendered":"Red &amp; White Fine"},"content":{"rendered":"<p data-pm-slice=\"1 1 []\">Description: <strong>Red &amp; White Fine<\/strong> cigare\u010di\u0173 pakelis yra eleganti\u0161kos sidabrin\u0117s spalvos, su auksiniais ir raudonais dizaino elementais. Pakuot\u0117je pateikiama sveikatos \u012fsp\u0117jimo \u017einut\u0117, pabr\u0117\u017eianti r\u016bkymo pavojus, kas atitinka Europos S\u0105jungos reikalavimus. \u0160is pakelis yra ne tik funkcionalus, bet ir turintis kolekcin\u0119 vert\u0119 d\u0117l savo laikotarpio dizaino.<\/p>\n<p>Collectible value: <strong>Vidutin\u0117, d\u0117l dizaino ir riboto laikotarpio ypatum\u0173<\/strong><\/p>\n<p>Condition: <strong>Naujas ir neatidarytas, kas padidina vert\u0119 tarp kolekcinink\u0173<\/strong><\/p>\n<p>Historical data: <strong>Atspindi laikotarp\u012f, kai prad\u0117jo b\u016bti privalomi standartizuoti sveikatos \u012fsp\u0117jimai ant tabako gamini\u0173 pakuo\u010di\u0173 ES<\/strong><\/p>\n<p>Market trends: <strong>Red &amp; White cigaret\u0117s yra vidutini\u0161kai populiarios tarp kolekcinink\u0173 d\u0117l \u0161io laikotarpio pakuot\u0117s dizaino<\/strong><\/p>","protected":false},"excerpt":{"rendered":"<p data-pm-slice=\"1 1 []\">Cigarette brand and name: <strong>Red &amp; White Fine<\/strong><\/p>\n<p>Package size: <strong>20 cigarettes<\/strong><\/p>\n<p>Country of manufacture: <strong>EU, UAB Philip Morris Baltic (Lithuania)<\/strong><\/p>\n<p>Production period or year: <strong>Apie 2000\u20132010 m., remiantis kaina litais<\/strong><\/p>\n<p>Package type: <strong>Hard pack<\/strong><\/p>","protected":false},"featured_media":5614,"template":"","meta":{"_surecart_dashboard_logo_width":"180px","_surecart_dashboard_show_logo":true,"_surecart_dashboard_navigation_orders":true,"_surecart_dashboard_navigation_invoices":true,"_surecart_dashboard_navigation_subscriptions":true,"_surecart_dashboard_navigation_downloads":true,"_surecart_dashboard_navigation_billing":true,"_surecart_dashboard_navigation_account":true,"site-sidebar-layout":"default","site-content-layout":"","ast-site-content-layout":"default","site-content-style":"default","site-sidebar-style":"default","ast-global-header-display":"","ast-banner-title-visibility":"","ast-main-header-display":"","ast-hfb-above-header-display":"","ast-hfb-below-header-display":"","ast-hfb-mobile-header-display":"","site-post-title":"","ast-breadcrumbs-content":"","ast-featured-img":"","footer-sml-layout":"","theme-transparent-header-meta":"default","adv-header-id-meta":"","stick-header-meta":"","header-above-stick-meta":"","header-main-stick-meta":"","header-below-stick-meta":"","astra-migrate-meta-layouts":"set","ast-page-background-enabled":"default","ast-page-background-meta":{"desktop":{"background-color":"","background-image":"","background-repeat":"repeat","background-position":"center center","background-size":"auto","background-attachment":"scroll","background-type":"","background-media":"","overlay-type":"","overlay-color":"","overlay-opacity":"","overlay-gradient":""},"tablet":{"background-color":"","background-image":"","background-repeat":"repeat","background-position":"center center","background-size":"auto","background-attachment":"scroll","background-type":"","background-media":"","overlay-type":"","overlay-color":"","overlay-opacity":"","overlay-gradient":""},"mobile":{"background-color":"","background-image":"","background-repeat":"repeat","background-position":"center center","background-size":"auto","background-attachment":"scroll","background-type":"","background-media":"","overlay-type":"","overlay-color":"","overlay-opacity":"","overlay-gradient":""}},"ast-content-background-meta":{"desktop":{"background-color":"var(--ast-global-color-5)","background-image":"","background-repeat":"repeat","background-position":"center center","background-size":"auto","background-attachment":"scroll","background-type":"","background-media":"","overlay-type":"","overlay-color":"","overlay-opacity":"","overlay-gradient":""},"tablet":{"background-color":"var(--ast-global-color-5)","background-image":"","background-repeat":"repeat","background-position":"center center","background-size":"auto","background-attachment":"scroll","background-type":"","background-media":"","overlay-type":"","overlay-color":"","overlay-opacity":"","overlay-gradient":""},"mobile":{"background-color":"var(--ast-global-color-5)","background-image":"","background-repeat":"repeat","background-position":"center center","background-size":"auto","background-attachment":"scroll","background-type":"","background-media":"","overlay-type":"","overlay-color":"","overlay-opacity":"","overlay-gradient":""}}},"product_brand":[],"product_cat":[85],"product_tag":[],"class_list":{"0":"post-5691","1":"product","2":"type-product","3":"status-publish","4":"has-post-thumbnail","6":"product_cat-lithuania","7":"desktop-align-left","8":"tablet-align-left","9":"mobile-align-left","11":"first","12":"instock","13":"sale","14":"shipping-taxable","15":"purchasable","16":"product-type-simple","17":"add-to-wishlist-before_image"},"_links":{"self":[{"href":"https:\/\/colligatum.com\/en\/wp-json\/wp\/v2\/product\/5691","targetHints":{"allow":["GET"]}}],"collection":[{"href":"https:\/\/colligatum.com\/en\/wp-json\/wp\/v2\/product"}],"about":[{"href":"https:\/\/colligatum.com\/en\/wp-json\/wp\/v2\/types\/product"}],"version-history":[{"count":1,"href":"https:\/\/colligatum.com\/en\/wp-json\/wp\/v2\/product\/5691\/revisions"}],"predecessor-version":[{"id":5692,"href":"https:\/\/colligatum.com\/en\/wp-json\/wp\/v2\/product\/5691\/revisions\/5692"}],"wp:featuredmedia":[{"embeddable":true,"href":"https:\/\/colligatum.com\/en\/wp-json\/wp\/v2\/media\/5614"}],"wp:attachment":[{"href":"https:\/\/colligatum.com\/en\/wp-json\/wp\/v2\/media?parent=5691"}],"wp:term":[{"taxonomy":"product_brand","embeddable":true,"href":"https:\/\/colligatum.com\/en\/wp-json\/wp\/v2\/product_brand?post=5691"},{"taxonomy":"product_cat","embeddable":true,"href":"https:\/\/colligatum.com\/en\/wp-json\/wp\/v2\/product_cat?post=5691"},{"taxonomy":"product_tag","embeddable":true,"href":"https:\/\/colligatum.com\/en\/wp-json\/wp\/v2\/product_tag?post=5691"}],"curies":[{"name":"wp","href":"https:\/\/api.w.org\/{rel}","templated":true}]}}