{"id":5873,"date":"2024-11-12T04:35:09","date_gmt":"2024-11-12T04:35:09","guid":{"rendered":"https:\/\/shop.colligatum.com\/?post_type=product&#038;p=5873"},"modified":"2026-04-11T14:44:01","modified_gmt":"2026-04-11T12:44:01","slug":"lm-tune-slims","status":"publish","type":"product","link":"https:\/\/colligatum.com\/en\/product\/lm-tune-slims\/","title":{"rendered":"L&amp;M Tune Slims"},"content":{"rendered":"<p data-pm-slice=\"1 1 []\">Apra\u0161ymas: \u0160is L&amp;M Tune Slims cigare\u010di\u0173 pakelis pasi\u017eymi moderniu, oran\u017einiu ir sidabriniu dizainu, sukurian\u010diu eleganti\u0161k\u0105 ir \u0161iuolaiki\u0161k\u0105 \u012fsp\u016bd\u012f. Pakelio priekyje ir gale yra sveikatos \u012fsp\u0117jimai, \u012fpareigoti ES teis\u0117s akt\u0173, kurie tapo privalomi \u0161iuo laikotarpiu. Pakelis i\u0161siskiria \u201eTriple Filter System\u201c u\u017era\u0161u, kuris nurodo ypating\u0105 filtr\u0173 sistem\u0105, suteikian\u010di\u0105 i\u0161skirtin\u0119 r\u016bkymo patirt\u012f.<br \/>\nKolekcin\u0117 vert\u0117: Vidutin\u0117, atsi\u017evelgiant \u012f unikali\u0105 dizaino kombinacij\u0105 ir specifinius L&amp;M modelius, kurie traukia kolekcininkus.<br \/>\nCondition: New and unopened, which increases its value.<br \/>\nIstoriniai duomenys: \u0160is pakelis atspindi 2010-\u0173j\u0173 laikotarp\u012f, kai ES buvo privalomi sveikatos \u012fsp\u0117jimai ant tabako gamini\u0173 pakuo\u010di\u0173.<br \/>\nRinkos tendencijos: L&amp;M prek\u0117s \u017eenklo produktai yra vidutini\u0161kai populiar\u016bs tarp kolekcinink\u0173 d\u0117l savo dizaino ir prek\u0117s \u017eenklo istorijos.<\/p>","protected":false},"excerpt":{"rendered":"<p data-pm-slice=\"1 1 []\">Cigaret\u0117s prek\u0117s \u017eenklas ir pavadinimas: L&amp;M Tune Slims<br \/>\nPack size: 20 cigarettes<br \/>\nCountry of manufacture: EU, UAB Philip Morris Baltic (Lithuania)<br \/>\nProduction period or year: Around 2010, judging by the price in litas<br \/>\nPackage type: Hard package<\/p>","protected":false},"featured_media":5694,"template":"","meta":{"_surecart_dashboard_logo_width":"180px","_surecart_dashboard_show_logo":true,"_surecart_dashboard_navigation_orders":true,"_surecart_dashboard_navigation_invoices":true,"_surecart_dashboard_navigation_subscriptions":true,"_surecart_dashboard_navigation_downloads":true,"_surecart_dashboard_navigation_billing":true,"_surecart_dashboard_navigation_account":true,"site-sidebar-layout":"default","site-content-layout":"","ast-site-content-layout":"default","site-content-style":"default","site-sidebar-style":"default","ast-global-header-display":"","ast-banner-title-visibility":"","ast-main-header-display":"","ast-hfb-above-header-display":"","ast-hfb-below-header-display":"","ast-hfb-mobile-header-display":"","site-post-title":"","ast-breadcrumbs-content":"","ast-featured-img":"","footer-sml-layout":"","theme-transparent-header-meta":"default","adv-header-id-meta":"","stick-header-meta":"","header-above-stick-meta":"","header-main-stick-meta":"","header-below-stick-meta":"","astra-migrate-meta-layouts":"set","ast-page-background-enabled":"default","ast-page-background-meta":{"desktop":{"background-color":"","background-image":"","background-repeat":"repeat","background-position":"center center","background-size":"auto","background-attachment":"scroll","background-type":"","background-media":"","overlay-type":"","overlay-color":"","overlay-opacity":"","overlay-gradient":""},"tablet":{"background-color":"","background-image":"","background-repeat":"repeat","background-position":"center center","background-size":"auto","background-attachment":"scroll","background-type":"","background-media":"","overlay-type":"","overlay-color":"","overlay-opacity":"","overlay-gradient":""},"mobile":{"background-color":"","background-image":"","background-repeat":"repeat","background-position":"center center","background-size":"auto","background-attachment":"scroll","background-type":"","background-media":"","overlay-type":"","overlay-color":"","overlay-opacity":"","overlay-gradient":""}},"ast-content-background-meta":{"desktop":{"background-color":"var(--ast-global-color-5)","background-image":"","background-repeat":"repeat","background-position":"center center","background-size":"auto","background-attachment":"scroll","background-type":"","background-media":"","overlay-type":"","overlay-color":"","overlay-opacity":"","overlay-gradient":""},"tablet":{"background-color":"var(--ast-global-color-5)","background-image":"","background-repeat":"repeat","background-position":"center center","background-size":"auto","background-attachment":"scroll","background-type":"","background-media":"","overlay-type":"","overlay-color":"","overlay-opacity":"","overlay-gradient":""},"mobile":{"background-color":"var(--ast-global-color-5)","background-image":"","background-repeat":"repeat","background-position":"center center","background-size":"auto","background-attachment":"scroll","background-type":"","background-media":"","overlay-type":"","overlay-color":"","overlay-opacity":"","overlay-gradient":""}}},"product_brand":[],"product_cat":[85],"product_tag":[],"class_list":{"0":"post-5873","1":"product","2":"type-product","3":"status-publish","4":"has-post-thumbnail","6":"product_cat-lithuania","7":"desktop-align-left","8":"tablet-align-left","9":"mobile-align-left","11":"first","12":"instock","13":"sale","14":"shipping-taxable","15":"purchasable","16":"product-type-simple","17":"add-to-wishlist-before_image"},"_links":{"self":[{"href":"https:\/\/colligatum.com\/en\/wp-json\/wp\/v2\/product\/5873","targetHints":{"allow":["GET"]}}],"collection":[{"href":"https:\/\/colligatum.com\/en\/wp-json\/wp\/v2\/product"}],"about":[{"href":"https:\/\/colligatum.com\/en\/wp-json\/wp\/v2\/types\/product"}],"version-history":[{"count":1,"href":"https:\/\/colligatum.com\/en\/wp-json\/wp\/v2\/product\/5873\/revisions"}],"predecessor-version":[{"id":5874,"href":"https:\/\/colligatum.com\/en\/wp-json\/wp\/v2\/product\/5873\/revisions\/5874"}],"wp:featuredmedia":[{"embeddable":true,"href":"https:\/\/colligatum.com\/en\/wp-json\/wp\/v2\/media\/5694"}],"wp:attachment":[{"href":"https:\/\/colligatum.com\/en\/wp-json\/wp\/v2\/media?parent=5873"}],"wp:term":[{"taxonomy":"product_brand","embeddable":true,"href":"https:\/\/colligatum.com\/en\/wp-json\/wp\/v2\/product_brand?post=5873"},{"taxonomy":"product_cat","embeddable":true,"href":"https:\/\/colligatum.com\/en\/wp-json\/wp\/v2\/product_cat?post=5873"},{"taxonomy":"product_tag","embeddable":true,"href":"https:\/\/colligatum.com\/en\/wp-json\/wp\/v2\/product_tag?post=5873"}],"curies":[{"name":"wp","href":"https:\/\/api.w.org\/{rel}","templated":true}]}}