{"id":5879,"date":"2024-11-12T04:38:27","date_gmt":"2024-11-12T04:38:27","guid":{"rendered":"https:\/\/shop.colligatum.com\/?post_type=product&#038;p=5879"},"modified":"2026-04-11T14:43:48","modified_gmt":"2026-04-11T12:43:48","slug":"lm-fresh-slims-2","status":"publish","type":"product","link":"https:\/\/colligatum.com\/en\/product\/lm-fresh-slims-2\/","title":{"rendered":"L&amp;M Fresh Slims"},"content":{"rendered":"<ul data-pm-slice=\"3 3 []\">\n<li><strong>Description:<\/strong> \u0160is L&amp;M Fresh Slims cigare\u010di\u0173 pakelis pasi\u017eymi moderniu, sidabriniu dizainu su \u017ealiais akcentais, i\u0161ry\u0161kinan\u010diais \u201eFresh Slims\u201c prek\u0117s linij\u0105. Pakuot\u0117je yra privalomas sveikatos \u012fsp\u0117jimas, b\u016bdingas \u0161iam laikotarpiui, kuomet \u012fsigaliojo standartizuoti \u012fsp\u0117jimai ES \u0161alyse. Prek\u0117s \u017eenklas yra ai\u0161kiai matomas, patraukiantis d\u0117mes\u012f minimalistiniu, ta\u010diau i\u0161skirtiniu stiliumi.<\/li>\n<li><strong>Collectible value:<\/strong> Vidutin\u0117, kadangi tokio tipo L&amp;M pakeliai renkami daugiausia d\u0117l dizaino ir linij\u0173 variacij\u0173.<\/li>\n<li><strong>Condition:<\/strong> Naujas ir neatidarytas, kas padidina jo vert\u0119 kolekcinink\u0173 tarpe.<\/li>\n<li><strong>Historical data:<\/strong> Atspindi specifin\u012f laikotarp\u012f ES tabako pakuo\u010di\u0173 istorijoje, kai sveikatos \u012fsp\u0117jimai tapo privalomi ir buvo standartizuoti.<\/li>\n<li><strong>Market trends:<\/strong> Gerai \u017einom\u0173 prek\u0117s \u017eenkl\u0173, toki\u0173 kaip L&amp;M, pakeliai yra vidutini\u0161kai populiar\u016bs tarp kolekcinink\u0173.<\/li>\n<\/ul>","protected":false},"excerpt":{"rendered":"<h3 data-pm-slice=\"1 3 []\">Cigarette brand and name: L&amp;M Fresh Slims<\/h3>\n<ul>\n<li><strong>Package size:<\/strong> 20 cigarettes<\/li>\n<li><strong>Country of manufacture:<\/strong> EU, UAB Philip Morris Baltic (Lithuania)<\/li>\n<li><strong>Production period or year:<\/strong> Around 2010, judging by the price in litas<\/li>\n<li><strong>Package type:<\/strong> Hard pack<\/li>\n<\/ul>","protected":false},"featured_media":5700,"template":"","meta":{"_surecart_dashboard_logo_width":"180px","_surecart_dashboard_show_logo":true,"_surecart_dashboard_navigation_orders":true,"_surecart_dashboard_navigation_invoices":true,"_surecart_dashboard_navigation_subscriptions":true,"_surecart_dashboard_navigation_downloads":true,"_surecart_dashboard_navigation_billing":true,"_surecart_dashboard_navigation_account":true,"site-sidebar-layout":"default","site-content-layout":"","ast-site-content-layout":"default","site-content-style":"default","site-sidebar-style":"default","ast-global-header-display":"","ast-banner-title-visibility":"","ast-main-header-display":"","ast-hfb-above-header-display":"","ast-hfb-below-header-display":"","ast-hfb-mobile-header-display":"","site-post-title":"","ast-breadcrumbs-content":"","ast-featured-img":"","footer-sml-layout":"","theme-transparent-header-meta":"default","adv-header-id-meta":"","stick-header-meta":"","header-above-stick-meta":"","header-main-stick-meta":"","header-below-stick-meta":"","astra-migrate-meta-layouts":"set","ast-page-background-enabled":"default","ast-page-background-meta":{"desktop":{"background-color":"","background-image":"","background-repeat":"repeat","background-position":"center center","background-size":"auto","background-attachment":"scroll","background-type":"","background-media":"","overlay-type":"","overlay-color":"","overlay-opacity":"","overlay-gradient":""},"tablet":{"background-color":"","background-image":"","background-repeat":"repeat","background-position":"center center","background-size":"auto","background-attachment":"scroll","background-type":"","background-media":"","overlay-type":"","overlay-color":"","overlay-opacity":"","overlay-gradient":""},"mobile":{"background-color":"","background-image":"","background-repeat":"repeat","background-position":"center center","background-size":"auto","background-attachment":"scroll","background-type":"","background-media":"","overlay-type":"","overlay-color":"","overlay-opacity":"","overlay-gradient":""}},"ast-content-background-meta":{"desktop":{"background-color":"var(--ast-global-color-5)","background-image":"","background-repeat":"repeat","background-position":"center center","background-size":"auto","background-attachment":"scroll","background-type":"","background-media":"","overlay-type":"","overlay-color":"","overlay-opacity":"","overlay-gradient":""},"tablet":{"background-color":"var(--ast-global-color-5)","background-image":"","background-repeat":"repeat","background-position":"center center","background-size":"auto","background-attachment":"scroll","background-type":"","background-media":"","overlay-type":"","overlay-color":"","overlay-opacity":"","overlay-gradient":""},"mobile":{"background-color":"var(--ast-global-color-5)","background-image":"","background-repeat":"repeat","background-position":"center center","background-size":"auto","background-attachment":"scroll","background-type":"","background-media":"","overlay-type":"","overlay-color":"","overlay-opacity":"","overlay-gradient":""}}},"product_brand":[],"product_cat":[85],"product_tag":[],"class_list":{"0":"post-5879","1":"product","2":"type-product","3":"status-publish","4":"has-post-thumbnail","6":"product_cat-lithuania","7":"desktop-align-left","8":"tablet-align-left","9":"mobile-align-left","11":"first","12":"instock","13":"sale","14":"shipping-taxable","15":"purchasable","16":"product-type-simple","17":"add-to-wishlist-before_image"},"_links":{"self":[{"href":"https:\/\/colligatum.com\/en\/wp-json\/wp\/v2\/product\/5879","targetHints":{"allow":["GET"]}}],"collection":[{"href":"https:\/\/colligatum.com\/en\/wp-json\/wp\/v2\/product"}],"about":[{"href":"https:\/\/colligatum.com\/en\/wp-json\/wp\/v2\/types\/product"}],"version-history":[{"count":2,"href":"https:\/\/colligatum.com\/en\/wp-json\/wp\/v2\/product\/5879\/revisions"}],"predecessor-version":[{"id":26634,"href":"https:\/\/colligatum.com\/en\/wp-json\/wp\/v2\/product\/5879\/revisions\/26634"}],"wp:featuredmedia":[{"embeddable":true,"href":"https:\/\/colligatum.com\/en\/wp-json\/wp\/v2\/media\/5700"}],"wp:attachment":[{"href":"https:\/\/colligatum.com\/en\/wp-json\/wp\/v2\/media?parent=5879"}],"wp:term":[{"taxonomy":"product_brand","embeddable":true,"href":"https:\/\/colligatum.com\/en\/wp-json\/wp\/v2\/product_brand?post=5879"},{"taxonomy":"product_cat","embeddable":true,"href":"https:\/\/colligatum.com\/en\/wp-json\/wp\/v2\/product_cat?post=5879"},{"taxonomy":"product_tag","embeddable":true,"href":"https:\/\/colligatum.com\/en\/wp-json\/wp\/v2\/product_tag?post=5879"}],"curies":[{"name":"wp","href":"https:\/\/api.w.org\/{rel}","templated":true}]}}