{"id":5881,"date":"2024-11-12T04:39:37","date_gmt":"2024-11-12T04:39:37","guid":{"rendered":"https:\/\/shop.colligatum.com\/?post_type=product&#038;p=5881"},"modified":"2026-04-11T14:45:56","modified_gmt":"2026-04-11T12:45:56","slug":"lm-menthol","status":"publish","type":"product","link":"https:\/\/colligatum.com\/en\/product\/lm-menthol\/","title":{"rendered":"L&amp;M Menthol"},"content":{"rendered":"<p data-pm-slice=\"1 1 []\">Apra\u0161ymas: \u0160is L&amp;M Menthol Silver Label cigare\u010di\u0173 pakelis pasi\u017eymi \u0161viesiai \u017ealiu ir sidabriniu dizainu, kuris simbolizuoja gaiv\u0173, mentolio skon\u012f. Ant pakuot\u0117s yra sveikatos \u012fsp\u0117jimas, kuris tapo privalomas ES \u0161iuo laikotarpiu, siekiant informuoti vartotojus apie r\u016bkymo pavojus. \u0160is pakelis yra dalis L&amp;M linijos, kuri orientuota \u012f lengvesnes, gaivias skonio variacijas.<br \/>\nKolekcin\u0117 vert\u0117: Vidutin\u0117, nes \u0161io laikotarpio L&amp;M mentolio cigaret\u0117s yra vertinamos d\u0117l dizaino ir skonio pasirinkimo.<br \/>\nCondition: New and unopened, which increases its value.<br \/>\nIstoriniai duomenys: Atspindi konkret\u0173 laikotarp\u012f, kai ES cigare\u010di\u0173 pakeliai prad\u0117jo rodyti sveikatos \u012fsp\u0117jimus kaip standart\u0105.<br \/>\nRinkos tendencijos: Mentolio cigaret\u0117s tarp kolekcinink\u0173 yra vidutini\u0161kai paklausios, ypa\u010d d\u0117l j\u0173 u\u017edraudimo kai kuriose \u0161alyse.<\/p>","protected":false},"excerpt":{"rendered":"<p data-pm-slice=\"1 1 []\">Cigaret\u0117s prek\u0117s \u017eenklas ir pavadinimas: L&amp;M Menthol Silver Label<br \/>\nPack size: 20 cigarettes<br \/>\nCountry of manufacture: EU, UAB Philip Morris Baltic (Lithuania)<br \/>\nProduction period or year: Around 2010, judging by the price in litas<br \/>\nPackage type: Hard package<\/p>","protected":false},"featured_media":5702,"template":"","meta":{"_surecart_dashboard_logo_width":"180px","_surecart_dashboard_show_logo":true,"_surecart_dashboard_navigation_orders":true,"_surecart_dashboard_navigation_invoices":true,"_surecart_dashboard_navigation_subscriptions":true,"_surecart_dashboard_navigation_downloads":true,"_surecart_dashboard_navigation_billing":true,"_surecart_dashboard_navigation_account":true,"site-sidebar-layout":"default","site-content-layout":"","ast-site-content-layout":"default","site-content-style":"default","site-sidebar-style":"default","ast-global-header-display":"","ast-banner-title-visibility":"","ast-main-header-display":"","ast-hfb-above-header-display":"","ast-hfb-below-header-display":"","ast-hfb-mobile-header-display":"","site-post-title":"","ast-breadcrumbs-content":"","ast-featured-img":"","footer-sml-layout":"","theme-transparent-header-meta":"default","adv-header-id-meta":"","stick-header-meta":"","header-above-stick-meta":"","header-main-stick-meta":"","header-below-stick-meta":"","astra-migrate-meta-layouts":"set","ast-page-background-enabled":"default","ast-page-background-meta":{"desktop":{"background-color":"","background-image":"","background-repeat":"repeat","background-position":"center center","background-size":"auto","background-attachment":"scroll","background-type":"","background-media":"","overlay-type":"","overlay-color":"","overlay-opacity":"","overlay-gradient":""},"tablet":{"background-color":"","background-image":"","background-repeat":"repeat","background-position":"center center","background-size":"auto","background-attachment":"scroll","background-type":"","background-media":"","overlay-type":"","overlay-color":"","overlay-opacity":"","overlay-gradient":""},"mobile":{"background-color":"","background-image":"","background-repeat":"repeat","background-position":"center center","background-size":"auto","background-attachment":"scroll","background-type":"","background-media":"","overlay-type":"","overlay-color":"","overlay-opacity":"","overlay-gradient":""}},"ast-content-background-meta":{"desktop":{"background-color":"var(--ast-global-color-5)","background-image":"","background-repeat":"repeat","background-position":"center center","background-size":"auto","background-attachment":"scroll","background-type":"","background-media":"","overlay-type":"","overlay-color":"","overlay-opacity":"","overlay-gradient":""},"tablet":{"background-color":"var(--ast-global-color-5)","background-image":"","background-repeat":"repeat","background-position":"center center","background-size":"auto","background-attachment":"scroll","background-type":"","background-media":"","overlay-type":"","overlay-color":"","overlay-opacity":"","overlay-gradient":""},"mobile":{"background-color":"var(--ast-global-color-5)","background-image":"","background-repeat":"repeat","background-position":"center center","background-size":"auto","background-attachment":"scroll","background-type":"","background-media":"","overlay-type":"","overlay-color":"","overlay-opacity":"","overlay-gradient":""}}},"product_brand":[],"product_cat":[85],"product_tag":[],"class_list":{"0":"post-5881","1":"product","2":"type-product","3":"status-publish","4":"has-post-thumbnail","6":"product_cat-lithuania","7":"desktop-align-left","8":"tablet-align-left","9":"mobile-align-left","11":"first","12":"instock","13":"sale","14":"shipping-taxable","15":"purchasable","16":"product-type-simple","17":"add-to-wishlist-before_image"},"_links":{"self":[{"href":"https:\/\/colligatum.com\/en\/wp-json\/wp\/v2\/product\/5881","targetHints":{"allow":["GET"]}}],"collection":[{"href":"https:\/\/colligatum.com\/en\/wp-json\/wp\/v2\/product"}],"about":[{"href":"https:\/\/colligatum.com\/en\/wp-json\/wp\/v2\/types\/product"}],"version-history":[{"count":1,"href":"https:\/\/colligatum.com\/en\/wp-json\/wp\/v2\/product\/5881\/revisions"}],"predecessor-version":[{"id":5882,"href":"https:\/\/colligatum.com\/en\/wp-json\/wp\/v2\/product\/5881\/revisions\/5882"}],"wp:featuredmedia":[{"embeddable":true,"href":"https:\/\/colligatum.com\/en\/wp-json\/wp\/v2\/media\/5702"}],"wp:attachment":[{"href":"https:\/\/colligatum.com\/en\/wp-json\/wp\/v2\/media?parent=5881"}],"wp:term":[{"taxonomy":"product_brand","embeddable":true,"href":"https:\/\/colligatum.com\/en\/wp-json\/wp\/v2\/product_brand?post=5881"},{"taxonomy":"product_cat","embeddable":true,"href":"https:\/\/colligatum.com\/en\/wp-json\/wp\/v2\/product_cat?post=5881"},{"taxonomy":"product_tag","embeddable":true,"href":"https:\/\/colligatum.com\/en\/wp-json\/wp\/v2\/product_tag?post=5881"}],"curies":[{"name":"wp","href":"https:\/\/api.w.org\/{rel}","templated":true}]}}