{"id":5883,"date":"2024-11-12T04:52:28","date_gmt":"2024-11-12T04:52:28","guid":{"rendered":"https:\/\/shop.colligatum.com\/?post_type=product&#038;p=5883"},"modified":"2026-04-16T04:18:36","modified_gmt":"2026-04-16T02:18:36","slug":"lm-luminous-mark-silver-blue","status":"publish","type":"product","link":"https:\/\/colligatum.com\/en\/product\/lm-luminous-mark-silver-blue\/","title":{"rendered":"L&amp;M Luminous Mark Silver Blue"},"content":{"rendered":"<p data-pm-slice=\"1 1 []\">Description:<br \/>\n\u0160is L&amp;M Luminous Mark Silver Blue Label cigare\u010di\u0173 pakelis i\u0161siskiria eleganti\u0161ku sidabriniu ir m\u0117lynu dizainu, kuris suteikia modernumo ir i\u0161skirtinumo poj\u016bt\u012f. Prek\u0117s \u017eenklas ir logotipas ai\u0161kiai matomi, pabr\u0117\u017eiant kokybi\u0161k\u0105 amerikieti\u0161ko tipo mi\u0161in\u012f. Ant pakuot\u0117s pateiktas sveikatos \u012fsp\u0117jimas rodo laikotarp\u012f, kai ES buvo \u012fvesti privalomi persp\u0117jimai apie r\u016bkymo \u017eal\u0105.<\/p>\n<p>Kolekcin\u0117 vert\u0117: Vidutin\u0117, nes toki\u0173 pakeli\u0173 kolekcionavimas paprastai grind\u017eiamas dizaino skirtumais ir prek\u0117s \u017eenklo populiarumu.<br \/>\nB\u016bkl\u0117: Naujas ir neatidarytas, kas prideda vert\u0117s kolekcininkams.<br \/>\nIstoriniai duomenys: Atspindi laikotarp\u012f, kai standartizuoti sveikatos \u012fsp\u0117jimai buvo privalomi ES rinkoje.<br \/>\nRinkos tendencijos: Pakeliai su populiariais prek\u0117s \u017eenklais, tokiais kaip L&amp;M, yra vidutini\u0161kai populiar\u016bs tarp kolekcinink\u0173.<\/p>","protected":false},"excerpt":{"rendered":"<p data-pm-slice=\"1 1 []\">Cigaret\u0117s prek\u0117s \u017eenklas ir pavadinimas: L&amp;M Luminous Mark Silver Blue Label<br \/>\nPack size: 20 cigarettes<br \/>\nCountry of manufacture: EU, UAB Philip Morris Baltic (Lithuania)<br \/>\nProduction period or year: Around 2010, judging by the price in litas<br \/>\nPackage type: Hard package<\/p>","protected":false},"featured_media":26644,"template":"","meta":{"_surecart_dashboard_logo_width":"180px","_surecart_dashboard_show_logo":true,"_surecart_dashboard_navigation_orders":true,"_surecart_dashboard_navigation_invoices":true,"_surecart_dashboard_navigation_subscriptions":true,"_surecart_dashboard_navigation_downloads":true,"_surecart_dashboard_navigation_billing":true,"_surecart_dashboard_navigation_account":true,"site-sidebar-layout":"default","site-content-layout":"","ast-site-content-layout":"default","site-content-style":"default","site-sidebar-style":"default","ast-global-header-display":"","ast-banner-title-visibility":"","ast-main-header-display":"","ast-hfb-above-header-display":"","ast-hfb-below-header-display":"","ast-hfb-mobile-header-display":"","site-post-title":"","ast-breadcrumbs-content":"","ast-featured-img":"","footer-sml-layout":"","theme-transparent-header-meta":"default","adv-header-id-meta":"","stick-header-meta":"","header-above-stick-meta":"","header-main-stick-meta":"","header-below-stick-meta":"","astra-migrate-meta-layouts":"set","ast-page-background-enabled":"default","ast-page-background-meta":{"desktop":{"background-color":"","background-image":"","background-repeat":"repeat","background-position":"center center","background-size":"auto","background-attachment":"scroll","background-type":"","background-media":"","overlay-type":"","overlay-color":"","overlay-opacity":"","overlay-gradient":""},"tablet":{"background-color":"","background-image":"","background-repeat":"repeat","background-position":"center center","background-size":"auto","background-attachment":"scroll","background-type":"","background-media":"","overlay-type":"","overlay-color":"","overlay-opacity":"","overlay-gradient":""},"mobile":{"background-color":"","background-image":"","background-repeat":"repeat","background-position":"center center","background-size":"auto","background-attachment":"scroll","background-type":"","background-media":"","overlay-type":"","overlay-color":"","overlay-opacity":"","overlay-gradient":""}},"ast-content-background-meta":{"desktop":{"background-color":"var(--ast-global-color-5)","background-image":"","background-repeat":"repeat","background-position":"center center","background-size":"auto","background-attachment":"scroll","background-type":"","background-media":"","overlay-type":"","overlay-color":"","overlay-opacity":"","overlay-gradient":""},"tablet":{"background-color":"var(--ast-global-color-5)","background-image":"","background-repeat":"repeat","background-position":"center center","background-size":"auto","background-attachment":"scroll","background-type":"","background-media":"","overlay-type":"","overlay-color":"","overlay-opacity":"","overlay-gradient":""},"mobile":{"background-color":"var(--ast-global-color-5)","background-image":"","background-repeat":"repeat","background-position":"center center","background-size":"auto","background-attachment":"scroll","background-type":"","background-media":"","overlay-type":"","overlay-color":"","overlay-opacity":"","overlay-gradient":""}}},"product_brand":[],"product_cat":[85],"product_tag":[],"class_list":{"0":"post-5883","1":"product","2":"type-product","3":"status-publish","4":"has-post-thumbnail","6":"product_cat-lithuania","7":"desktop-align-left","8":"tablet-align-left","9":"mobile-align-left","11":"first","12":"outofstock","13":"sale","14":"shipping-taxable","15":"purchasable","16":"product-type-simple","17":"add-to-wishlist-before_image"},"_links":{"self":[{"href":"https:\/\/colligatum.com\/en\/wp-json\/wp\/v2\/product\/5883","targetHints":{"allow":["GET"]}}],"collection":[{"href":"https:\/\/colligatum.com\/en\/wp-json\/wp\/v2\/product"}],"about":[{"href":"https:\/\/colligatum.com\/en\/wp-json\/wp\/v2\/types\/product"}],"version-history":[{"count":1,"href":"https:\/\/colligatum.com\/en\/wp-json\/wp\/v2\/product\/5883\/revisions"}],"predecessor-version":[{"id":5884,"href":"https:\/\/colligatum.com\/en\/wp-json\/wp\/v2\/product\/5883\/revisions\/5884"}],"wp:featuredmedia":[{"embeddable":true,"href":"https:\/\/colligatum.com\/en\/wp-json\/wp\/v2\/media\/26644"}],"wp:attachment":[{"href":"https:\/\/colligatum.com\/en\/wp-json\/wp\/v2\/media?parent=5883"}],"wp:term":[{"taxonomy":"product_brand","embeddable":true,"href":"https:\/\/colligatum.com\/en\/wp-json\/wp\/v2\/product_brand?post=5883"},{"taxonomy":"product_cat","embeddable":true,"href":"https:\/\/colligatum.com\/en\/wp-json\/wp\/v2\/product_cat?post=5883"},{"taxonomy":"product_tag","embeddable":true,"href":"https:\/\/colligatum.com\/en\/wp-json\/wp\/v2\/product_tag?post=5883"}],"curies":[{"name":"wp","href":"https:\/\/api.w.org\/{rel}","templated":true}]}}