{"id":5887,"date":"2024-11-12T04:54:48","date_gmt":"2024-11-12T04:54:48","guid":{"rendered":"https:\/\/shop.colligatum.com\/?post_type=product&#038;p=5887"},"modified":"2026-04-11T15:04:06","modified_gmt":"2026-04-11T13:04:06","slug":"lm-4","status":"publish","type":"product","link":"https:\/\/colligatum.com\/en\/product\/lm-4\/","title":{"rendered":"L&#038;M blue"},"content":{"rendered":"<p data-pm-slice=\"1 3 []\"><strong>Description:<\/strong> \u0160is L&amp;M Blue Label cigare\u010di\u0173 pakelis pasi\u017eymi ry\u0161kia m\u0117lyna ir geltona spalv\u0173 deriniu su moderniu dizainu, kur\u012f pabr\u0117\u017eia sveikatos persp\u0117jimas. M\u0117lyna spalva sukuria kokybi\u0161ko ir \u0161iuolaiki\u0161ko produkto \u012fsp\u016bd\u012f, o ant pakelio i\u0161ry\u0161kinta \u201eQuality American Blend\u201c nuoroda pabr\u0117\u017eia tabako kokyb\u0119.<\/p>\n<ul>\n<li><strong>Collectible value:<\/strong> Vidutin\u0117 \u2013 \u0161io laikotarpio L&amp;M pakeliai yra vidutini\u0161kai populiar\u016bs tarp kolekcinink\u0173 d\u0117l dizaino \u012fvairov\u0117s.<\/li>\n<li><strong>Condition:<\/strong> New and unopened, which increases the value.<\/li>\n<li><strong>Historical data:<\/strong> Atspindi ES tabako rink\u0105 su privalomais sveikatos \u012fsp\u0117jimais.<\/li>\n<li><strong>Market trends:<\/strong> \u017dinom\u0173 prek\u0117s \u017eenkl\u0173, toki\u0173 kaip L&amp;M, pakeliai yra vidutini\u0161kai populiar\u016bs kolekcinink\u0173 tarpe.<\/li>\n<\/ul>","protected":false},"excerpt":{"rendered":"<p data-pm-slice=\"1 1 []\"><strong>Brand and name:<\/strong> L&amp;M Blue Label<\/p>\n<p><strong>Size:<\/strong> 20 cigarettes<\/p>\n<p><strong>Country of manufacture:<\/strong> ES, UAB &#8222;Philip Morris Baltic&#8221; (Lietuva)<\/p>\n<p><strong>Production period:<\/strong> Ma\u017edaug 2010-ieji, remiantis lito kaina<\/p>\n<p><strong>Package type:<\/strong> Hard pack<\/p>","protected":false},"featured_media":5708,"template":"","meta":{"_surecart_dashboard_logo_width":"180px","_surecart_dashboard_show_logo":true,"_surecart_dashboard_navigation_orders":true,"_surecart_dashboard_navigation_invoices":true,"_surecart_dashboard_navigation_subscriptions":true,"_surecart_dashboard_navigation_downloads":true,"_surecart_dashboard_navigation_billing":true,"_surecart_dashboard_navigation_account":true,"site-sidebar-layout":"default","site-content-layout":"","ast-site-content-layout":"default","site-content-style":"default","site-sidebar-style":"default","ast-global-header-display":"","ast-banner-title-visibility":"","ast-main-header-display":"","ast-hfb-above-header-display":"","ast-hfb-below-header-display":"","ast-hfb-mobile-header-display":"","site-post-title":"","ast-breadcrumbs-content":"","ast-featured-img":"","footer-sml-layout":"","theme-transparent-header-meta":"default","adv-header-id-meta":"","stick-header-meta":"","header-above-stick-meta":"","header-main-stick-meta":"","header-below-stick-meta":"","astra-migrate-meta-layouts":"set","ast-page-background-enabled":"default","ast-page-background-meta":{"desktop":{"background-color":"","background-image":"","background-repeat":"repeat","background-position":"center center","background-size":"auto","background-attachment":"scroll","background-type":"","background-media":"","overlay-type":"","overlay-color":"","overlay-opacity":"","overlay-gradient":""},"tablet":{"background-color":"","background-image":"","background-repeat":"repeat","background-position":"center center","background-size":"auto","background-attachment":"scroll","background-type":"","background-media":"","overlay-type":"","overlay-color":"","overlay-opacity":"","overlay-gradient":""},"mobile":{"background-color":"","background-image":"","background-repeat":"repeat","background-position":"center center","background-size":"auto","background-attachment":"scroll","background-type":"","background-media":"","overlay-type":"","overlay-color":"","overlay-opacity":"","overlay-gradient":""}},"ast-content-background-meta":{"desktop":{"background-color":"var(--ast-global-color-5)","background-image":"","background-repeat":"repeat","background-position":"center center","background-size":"auto","background-attachment":"scroll","background-type":"","background-media":"","overlay-type":"","overlay-color":"","overlay-opacity":"","overlay-gradient":""},"tablet":{"background-color":"var(--ast-global-color-5)","background-image":"","background-repeat":"repeat","background-position":"center center","background-size":"auto","background-attachment":"scroll","background-type":"","background-media":"","overlay-type":"","overlay-color":"","overlay-opacity":"","overlay-gradient":""},"mobile":{"background-color":"var(--ast-global-color-5)","background-image":"","background-repeat":"repeat","background-position":"center center","background-size":"auto","background-attachment":"scroll","background-type":"","background-media":"","overlay-type":"","overlay-color":"","overlay-opacity":"","overlay-gradient":""}}},"product_brand":[],"product_cat":[85],"product_tag":[],"class_list":{"0":"post-5887","1":"product","2":"type-product","3":"status-publish","4":"has-post-thumbnail","6":"product_cat-lithuania","7":"desktop-align-left","8":"tablet-align-left","9":"mobile-align-left","11":"first","12":"instock","13":"sale","14":"shipping-taxable","15":"purchasable","16":"product-type-simple","17":"add-to-wishlist-before_image"},"_links":{"self":[{"href":"https:\/\/colligatum.com\/en\/wp-json\/wp\/v2\/product\/5887","targetHints":{"allow":["GET"]}}],"collection":[{"href":"https:\/\/colligatum.com\/en\/wp-json\/wp\/v2\/product"}],"about":[{"href":"https:\/\/colligatum.com\/en\/wp-json\/wp\/v2\/types\/product"}],"version-history":[{"count":3,"href":"https:\/\/colligatum.com\/en\/wp-json\/wp\/v2\/product\/5887\/revisions"}],"predecessor-version":[{"id":26639,"href":"https:\/\/colligatum.com\/en\/wp-json\/wp\/v2\/product\/5887\/revisions\/26639"}],"wp:featuredmedia":[{"embeddable":true,"href":"https:\/\/colligatum.com\/en\/wp-json\/wp\/v2\/media\/5708"}],"wp:attachment":[{"href":"https:\/\/colligatum.com\/en\/wp-json\/wp\/v2\/media?parent=5887"}],"wp:term":[{"taxonomy":"product_brand","embeddable":true,"href":"https:\/\/colligatum.com\/en\/wp-json\/wp\/v2\/product_brand?post=5887"},{"taxonomy":"product_cat","embeddable":true,"href":"https:\/\/colligatum.com\/en\/wp-json\/wp\/v2\/product_cat?post=5887"},{"taxonomy":"product_tag","embeddable":true,"href":"https:\/\/colligatum.com\/en\/wp-json\/wp\/v2\/product_tag?post=5887"}],"curies":[{"name":"wp","href":"https:\/\/api.w.org\/{rel}","templated":true}]}}