{"id":5889,"date":"2024-11-12T04:55:48","date_gmt":"2024-11-12T04:55:48","guid":{"rendered":"https:\/\/shop.colligatum.com\/?post_type=product&#038;p=5889"},"modified":"2026-04-16T04:18:36","modified_gmt":"2026-04-16T02:18:36","slug":"lm-luminous-mark","status":"publish","type":"product","link":"https:\/\/colligatum.com\/en\/product\/lm-luminous-mark\/","title":{"rendered":"L&amp;M Luminous Mark"},"content":{"rendered":"<p data-pm-slice=\"1 3 []\"><strong>Description:<\/strong> \u0160is L&amp;M Luminous Mark White Label cigare\u010di\u0173 pakelis yra eleganti\u0161ko balto ir sidabrinio dizaino su subtiliais prek\u0117s \u017eenklo elementais. Ant pakuot\u0117s yra sveikatos \u012fsp\u0117jimas, pabr\u0117\u017eiantis r\u016bkymo \u017eal\u0105, kuris tapo standartinis ES \u0161iuo laikotarpiu. L&amp;M logotipas ir prek\u0117s \u017eenklo pavadinimas matomi ry\u0161kiai, nurodant auk\u0161tos kokyb\u0117s mi\u0161in\u012f.<\/p>\n<ul>\n<li><strong>Collectible value:<\/strong> Vidutin\u0117, nes \u0161io laikotarpio L&amp;M pakeliai renkami daugiausia d\u0117l dizaino variacij\u0173.<\/li>\n<li><strong>Condition:<\/strong> New and unopened, which increases its value.<\/li>\n<li><strong>Historical data:<\/strong> Reflects a specific period in the history of EU tobacco packaging when standardised health warnings were mandatory.<\/li>\n<li><strong>Market trends:<\/strong> Gerai \u017einom\u0173 prek\u0117s \u017eenkl\u0173, toki\u0173 kaip L&amp;M, pakeliai yra vidutini\u0161kai populiar\u016bs tarp kolekcinink\u0173.<\/li>\n<\/ul>","protected":false},"excerpt":{"rendered":"<p data-pm-slice=\"1 1 []\"><strong>Cigarette brand and name:<\/strong> L&amp;M Luminous Mark White Label<br \/>\n<strong>Package size:<\/strong> 20 cigarettes<br \/>\n<strong>Country of manufacture:<\/strong> EU, UAB Philip Morris Baltic (Lithuania)<br \/>\n<strong>Production period or year:<\/strong> Around 2010, judging by the price in litas<br \/>\n<strong>Package type:<\/strong> Hard pack<\/p>","protected":false},"featured_media":26646,"template":"","meta":{"_surecart_dashboard_logo_width":"180px","_surecart_dashboard_show_logo":true,"_surecart_dashboard_navigation_orders":true,"_surecart_dashboard_navigation_invoices":true,"_surecart_dashboard_navigation_subscriptions":true,"_surecart_dashboard_navigation_downloads":true,"_surecart_dashboard_navigation_billing":true,"_surecart_dashboard_navigation_account":true,"site-sidebar-layout":"default","site-content-layout":"","ast-site-content-layout":"default","site-content-style":"default","site-sidebar-style":"default","ast-global-header-display":"","ast-banner-title-visibility":"","ast-main-header-display":"","ast-hfb-above-header-display":"","ast-hfb-below-header-display":"","ast-hfb-mobile-header-display":"","site-post-title":"","ast-breadcrumbs-content":"","ast-featured-img":"","footer-sml-layout":"","theme-transparent-header-meta":"default","adv-header-id-meta":"","stick-header-meta":"","header-above-stick-meta":"","header-main-stick-meta":"","header-below-stick-meta":"","astra-migrate-meta-layouts":"set","ast-page-background-enabled":"default","ast-page-background-meta":{"desktop":{"background-color":"","background-image":"","background-repeat":"repeat","background-position":"center center","background-size":"auto","background-attachment":"scroll","background-type":"","background-media":"","overlay-type":"","overlay-color":"","overlay-opacity":"","overlay-gradient":""},"tablet":{"background-color":"","background-image":"","background-repeat":"repeat","background-position":"center center","background-size":"auto","background-attachment":"scroll","background-type":"","background-media":"","overlay-type":"","overlay-color":"","overlay-opacity":"","overlay-gradient":""},"mobile":{"background-color":"","background-image":"","background-repeat":"repeat","background-position":"center center","background-size":"auto","background-attachment":"scroll","background-type":"","background-media":"","overlay-type":"","overlay-color":"","overlay-opacity":"","overlay-gradient":""}},"ast-content-background-meta":{"desktop":{"background-color":"var(--ast-global-color-5)","background-image":"","background-repeat":"repeat","background-position":"center center","background-size":"auto","background-attachment":"scroll","background-type":"","background-media":"","overlay-type":"","overlay-color":"","overlay-opacity":"","overlay-gradient":""},"tablet":{"background-color":"var(--ast-global-color-5)","background-image":"","background-repeat":"repeat","background-position":"center center","background-size":"auto","background-attachment":"scroll","background-type":"","background-media":"","overlay-type":"","overlay-color":"","overlay-opacity":"","overlay-gradient":""},"mobile":{"background-color":"var(--ast-global-color-5)","background-image":"","background-repeat":"repeat","background-position":"center center","background-size":"auto","background-attachment":"scroll","background-type":"","background-media":"","overlay-type":"","overlay-color":"","overlay-opacity":"","overlay-gradient":""}}},"product_brand":[],"product_cat":[85],"product_tag":[],"class_list":{"0":"post-5889","1":"product","2":"type-product","3":"status-publish","4":"has-post-thumbnail","6":"product_cat-lithuania","7":"desktop-align-left","8":"tablet-align-left","9":"mobile-align-left","11":"first","12":"outofstock","13":"sale","14":"shipping-taxable","15":"purchasable","16":"product-type-simple","17":"add-to-wishlist-before_image"},"_links":{"self":[{"href":"https:\/\/colligatum.com\/en\/wp-json\/wp\/v2\/product\/5889","targetHints":{"allow":["GET"]}}],"collection":[{"href":"https:\/\/colligatum.com\/en\/wp-json\/wp\/v2\/product"}],"about":[{"href":"https:\/\/colligatum.com\/en\/wp-json\/wp\/v2\/types\/product"}],"version-history":[{"count":1,"href":"https:\/\/colligatum.com\/en\/wp-json\/wp\/v2\/product\/5889\/revisions"}],"predecessor-version":[{"id":5890,"href":"https:\/\/colligatum.com\/en\/wp-json\/wp\/v2\/product\/5889\/revisions\/5890"}],"wp:featuredmedia":[{"embeddable":true,"href":"https:\/\/colligatum.com\/en\/wp-json\/wp\/v2\/media\/26646"}],"wp:attachment":[{"href":"https:\/\/colligatum.com\/en\/wp-json\/wp\/v2\/media?parent=5889"}],"wp:term":[{"taxonomy":"product_brand","embeddable":true,"href":"https:\/\/colligatum.com\/en\/wp-json\/wp\/v2\/product_brand?post=5889"},{"taxonomy":"product_cat","embeddable":true,"href":"https:\/\/colligatum.com\/en\/wp-json\/wp\/v2\/product_cat?post=5889"},{"taxonomy":"product_tag","embeddable":true,"href":"https:\/\/colligatum.com\/en\/wp-json\/wp\/v2\/product_tag?post=5889"}],"curies":[{"name":"wp","href":"https:\/\/api.w.org\/{rel}","templated":true}]}}