{"id":5893,"date":"2024-11-12T04:57:57","date_gmt":"2024-11-12T04:57:57","guid":{"rendered":"https:\/\/shop.colligatum.com\/?post_type=product&#038;p=5893"},"modified":"2026-04-07T03:57:57","modified_gmt":"2026-04-07T01:57:57","slug":"lm-blue-label","status":"publish","type":"product","link":"https:\/\/colligatum.com\/en\/product\/lm-blue-label\/","title":{"rendered":"L&amp;M Blue Label"},"content":{"rendered":"<ul data-pm-slice=\"3 5 []\">\n<li><strong>Description<\/strong>: Pakelis turi ry\u0161k\u0173 m\u0117lyn\u0105 akcent\u0105 su u\u017era\u0161u \u201eL&amp;M Blue Label\u201c ir \u201eQuality American Blend\u201c. Pagrindinis dizaino elementas \u2013 eleganti\u0161kas m\u0117lynos ir baltos spalvos kontrastas. Cigaret\u0117s \u017eymimos kaip auk\u0161tos kokyb\u0117s amerikieti\u0161kas mi\u0161inys.<\/li>\n<li><strong>Value assessment<\/strong>:\n<ul>\n<li><strong>Collectible value<\/strong>: Vidutin\u0117, kadangi L&amp;M Blue Label n\u0117ra ypatingai reta serija, bet vis d\u0117lto domina kai kuriuos kolekcininkus d\u0117l kokyb\u0117s ir dizaino.<\/li>\n<li><strong>Condition<\/strong>: Puiki \u2013 pakelis neu\u017epakuotas.<\/li>\n<li><strong>Historical data and popularity<\/strong>: L&amp;M cigaret\u0117s yra \u017einomos d\u0117l savo kokybi\u0161ko amerikieti\u0161ko tabako mi\u0161inio, ta\u010diau Blue Label serija n\u0117ra istori\u0161kai reik\u0161minga.<\/li>\n<li><strong>Market trends<\/strong>: Paklausa vidutin\u0117, vert\u0117 gali augti tarp kolekcinink\u0173, kurie ie\u0161ko klasikini\u0173 dizain\u0173.<\/li>\n<\/ul>\n<\/li>\n<\/ul>","protected":false},"excerpt":{"rendered":"<ul data-pm-slice=\"3 3 []\">\n<li><strong>Brand and name<\/strong>: L&amp;M Blue Label<\/li>\n<li><strong>Package size<\/strong>: 20 cigarettes<\/li>\n<li><strong>Country of manufacture<\/strong>: Lithuania<\/li>\n<li><strong>Production period<\/strong>: nenustatyta<\/li>\n<li><strong>Package type<\/strong>: mink\u0161tas pakelis<\/li>\n<\/ul>","protected":false},"featured_media":5714,"template":"","meta":{"_surecart_dashboard_logo_width":"180px","_surecart_dashboard_show_logo":true,"_surecart_dashboard_navigation_orders":true,"_surecart_dashboard_navigation_invoices":true,"_surecart_dashboard_navigation_subscriptions":true,"_surecart_dashboard_navigation_downloads":true,"_surecart_dashboard_navigation_billing":true,"_surecart_dashboard_navigation_account":true,"site-sidebar-layout":"default","site-content-layout":"","ast-site-content-layout":"default","site-content-style":"default","site-sidebar-style":"default","ast-global-header-display":"","ast-banner-title-visibility":"","ast-main-header-display":"","ast-hfb-above-header-display":"","ast-hfb-below-header-display":"","ast-hfb-mobile-header-display":"","site-post-title":"","ast-breadcrumbs-content":"","ast-featured-img":"","footer-sml-layout":"","theme-transparent-header-meta":"default","adv-header-id-meta":"","stick-header-meta":"","header-above-stick-meta":"","header-main-stick-meta":"","header-below-stick-meta":"","astra-migrate-meta-layouts":"set","ast-page-background-enabled":"default","ast-page-background-meta":{"desktop":{"background-color":"","background-image":"","background-repeat":"repeat","background-position":"center center","background-size":"auto","background-attachment":"scroll","background-type":"","background-media":"","overlay-type":"","overlay-color":"","overlay-opacity":"","overlay-gradient":""},"tablet":{"background-color":"","background-image":"","background-repeat":"repeat","background-position":"center center","background-size":"auto","background-attachment":"scroll","background-type":"","background-media":"","overlay-type":"","overlay-color":"","overlay-opacity":"","overlay-gradient":""},"mobile":{"background-color":"","background-image":"","background-repeat":"repeat","background-position":"center center","background-size":"auto","background-attachment":"scroll","background-type":"","background-media":"","overlay-type":"","overlay-color":"","overlay-opacity":"","overlay-gradient":""}},"ast-content-background-meta":{"desktop":{"background-color":"var(--ast-global-color-5)","background-image":"","background-repeat":"repeat","background-position":"center center","background-size":"auto","background-attachment":"scroll","background-type":"","background-media":"","overlay-type":"","overlay-color":"","overlay-opacity":"","overlay-gradient":""},"tablet":{"background-color":"var(--ast-global-color-5)","background-image":"","background-repeat":"repeat","background-position":"center center","background-size":"auto","background-attachment":"scroll","background-type":"","background-media":"","overlay-type":"","overlay-color":"","overlay-opacity":"","overlay-gradient":""},"mobile":{"background-color":"var(--ast-global-color-5)","background-image":"","background-repeat":"repeat","background-position":"center center","background-size":"auto","background-attachment":"scroll","background-type":"","background-media":"","overlay-type":"","overlay-color":"","overlay-opacity":"","overlay-gradient":""}}},"product_brand":[],"product_cat":[85],"product_tag":[],"class_list":{"0":"post-5893","1":"product","2":"type-product","3":"status-publish","4":"has-post-thumbnail","6":"product_cat-lithuania","7":"desktop-align-left","8":"tablet-align-left","9":"mobile-align-left","11":"first","12":"outofstock","13":"sale","14":"shipping-taxable","15":"purchasable","16":"product-type-simple","17":"add-to-wishlist-before_image"},"_links":{"self":[{"href":"https:\/\/colligatum.com\/en\/wp-json\/wp\/v2\/product\/5893","targetHints":{"allow":["GET"]}}],"collection":[{"href":"https:\/\/colligatum.com\/en\/wp-json\/wp\/v2\/product"}],"about":[{"href":"https:\/\/colligatum.com\/en\/wp-json\/wp\/v2\/types\/product"}],"version-history":[{"count":1,"href":"https:\/\/colligatum.com\/en\/wp-json\/wp\/v2\/product\/5893\/revisions"}],"predecessor-version":[{"id":5894,"href":"https:\/\/colligatum.com\/en\/wp-json\/wp\/v2\/product\/5893\/revisions\/5894"}],"wp:featuredmedia":[{"embeddable":true,"href":"https:\/\/colligatum.com\/en\/wp-json\/wp\/v2\/media\/5714"}],"wp:attachment":[{"href":"https:\/\/colligatum.com\/en\/wp-json\/wp\/v2\/media?parent=5893"}],"wp:term":[{"taxonomy":"product_brand","embeddable":true,"href":"https:\/\/colligatum.com\/en\/wp-json\/wp\/v2\/product_brand?post=5893"},{"taxonomy":"product_cat","embeddable":true,"href":"https:\/\/colligatum.com\/en\/wp-json\/wp\/v2\/product_cat?post=5893"},{"taxonomy":"product_tag","embeddable":true,"href":"https:\/\/colligatum.com\/en\/wp-json\/wp\/v2\/product_tag?post=5893"}],"curies":[{"name":"wp","href":"https:\/\/api.w.org\/{rel}","templated":true}]}}