{"id":5899,"date":"2024-11-12T05:01:14","date_gmt":"2024-11-12T05:01:14","guid":{"rendered":"https:\/\/shop.colligatum.com\/?post_type=product&#038;p=5899"},"modified":"2026-04-11T14:47:51","modified_gmt":"2026-04-11T12:47:51","slug":"lm-blue","status":"publish","type":"product","link":"https:\/\/colligatum.com\/en\/product\/lm-blue\/","title":{"rendered":"L&amp;M Blue"},"content":{"rendered":"<ol data-pm-slice=\"3 5 []\">\n<li><strong>Description<\/strong>: \u0160is \u201eL&amp;M Blue Label\u201c cigare\u010di\u0173 pakelis pasi\u017eymi ry\u0161kiu m\u0117lynos spalvos dizainu su raudonais akcentais. Dizainas yra paprastas, ta\u010diau ry\u0161kus, su akcentu \u012f \u201eBlue Label\u201c logotip\u0105 ir u\u017era\u0161ais, i\u0161ry\u0161kinan\u010diais \u0161io prek\u0117s \u017eenklo kokyb\u0119. Priekin\u0117je dalyje matomas sveikatos apsaugos \u012fsp\u0117jimas \u201eR\u016bkymas \u017eudo\u201c, o kitoje pus\u0117je pateiktas \u012fsp\u0117jimas apie ilgalaik\u012f r\u016bkymo poveik\u012f.<\/li>\n<li><strong>Value assessment<\/strong>:\n<ul>\n<li><strong>Collectible value<\/strong>: vidutin\u0117. Nors tai yra populiarus prek\u0117s \u017eenklas, ta\u010diau n\u0117ra i\u0161skirtini\u0173 ar ret\u0173 savybi\u0173.<\/li>\n<li><strong>Condition<\/strong>: Gerai i\u0161silaik\u0119s, pakelis nepa\u017eeistas ir neatsidarytas.<\/li>\n<li><strong>Historical data and popularity<\/strong>: \u201eL&amp;M\u201c cigaret\u0117s buvo populiarios ir pla\u010diai parduodamos Lietuvoje, ta\u010diau n\u0117ra retas kolekcijoje.<\/li>\n<\/ul>\n<\/li>\n<\/ol>","protected":false},"excerpt":{"rendered":"<h3 data-pm-slice=\"1 3 []\"><strong>L&amp;M Blue Label<\/strong><\/h3>\n<ol>\n<li><strong>Cigare\u010di\u0173 kiekis<\/strong>: 20 vnt.<\/li>\n<li><strong>Country of manufacture<\/strong>: Lithuania<\/li>\n<li><strong>Production period<\/strong>: Nenurodyta, bet d\u0117l Lietuvoje \u012fprasto dizaino ir \u012fsp\u0117jim\u0173 galima sp\u0117ti, kad tai yra 2000-\u0173j\u0173 prad\u017eios ar vidurio laikotarpio leidimas.<\/li>\n<li><strong>Package type<\/strong>: Hard pack<\/li>\n<\/ol>","protected":false},"featured_media":5721,"template":"","meta":{"_surecart_dashboard_logo_width":"180px","_surecart_dashboard_show_logo":true,"_surecart_dashboard_navigation_orders":true,"_surecart_dashboard_navigation_invoices":true,"_surecart_dashboard_navigation_subscriptions":true,"_surecart_dashboard_navigation_downloads":true,"_surecart_dashboard_navigation_billing":true,"_surecart_dashboard_navigation_account":true,"site-sidebar-layout":"default","site-content-layout":"","ast-site-content-layout":"default","site-content-style":"default","site-sidebar-style":"default","ast-global-header-display":"","ast-banner-title-visibility":"","ast-main-header-display":"","ast-hfb-above-header-display":"","ast-hfb-below-header-display":"","ast-hfb-mobile-header-display":"","site-post-title":"","ast-breadcrumbs-content":"","ast-featured-img":"","footer-sml-layout":"","theme-transparent-header-meta":"default","adv-header-id-meta":"","stick-header-meta":"","header-above-stick-meta":"","header-main-stick-meta":"","header-below-stick-meta":"","astra-migrate-meta-layouts":"set","ast-page-background-enabled":"default","ast-page-background-meta":{"desktop":{"background-color":"","background-image":"","background-repeat":"repeat","background-position":"center center","background-size":"auto","background-attachment":"scroll","background-type":"","background-media":"","overlay-type":"","overlay-color":"","overlay-opacity":"","overlay-gradient":""},"tablet":{"background-color":"","background-image":"","background-repeat":"repeat","background-position":"center center","background-size":"auto","background-attachment":"scroll","background-type":"","background-media":"","overlay-type":"","overlay-color":"","overlay-opacity":"","overlay-gradient":""},"mobile":{"background-color":"","background-image":"","background-repeat":"repeat","background-position":"center center","background-size":"auto","background-attachment":"scroll","background-type":"","background-media":"","overlay-type":"","overlay-color":"","overlay-opacity":"","overlay-gradient":""}},"ast-content-background-meta":{"desktop":{"background-color":"var(--ast-global-color-5)","background-image":"","background-repeat":"repeat","background-position":"center center","background-size":"auto","background-attachment":"scroll","background-type":"","background-media":"","overlay-type":"","overlay-color":"","overlay-opacity":"","overlay-gradient":""},"tablet":{"background-color":"var(--ast-global-color-5)","background-image":"","background-repeat":"repeat","background-position":"center center","background-size":"auto","background-attachment":"scroll","background-type":"","background-media":"","overlay-type":"","overlay-color":"","overlay-opacity":"","overlay-gradient":""},"mobile":{"background-color":"var(--ast-global-color-5)","background-image":"","background-repeat":"repeat","background-position":"center center","background-size":"auto","background-attachment":"scroll","background-type":"","background-media":"","overlay-type":"","overlay-color":"","overlay-opacity":"","overlay-gradient":""}}},"product_brand":[],"product_cat":[85],"product_tag":[],"class_list":{"0":"post-5899","1":"product","2":"type-product","3":"status-publish","4":"has-post-thumbnail","6":"product_cat-lithuania","7":"desktop-align-left","8":"tablet-align-left","9":"mobile-align-left","11":"first","12":"instock","13":"sale","14":"shipping-taxable","15":"purchasable","16":"product-type-simple","17":"add-to-wishlist-before_image"},"_links":{"self":[{"href":"https:\/\/colligatum.com\/en\/wp-json\/wp\/v2\/product\/5899","targetHints":{"allow":["GET"]}}],"collection":[{"href":"https:\/\/colligatum.com\/en\/wp-json\/wp\/v2\/product"}],"about":[{"href":"https:\/\/colligatum.com\/en\/wp-json\/wp\/v2\/types\/product"}],"version-history":[{"count":1,"href":"https:\/\/colligatum.com\/en\/wp-json\/wp\/v2\/product\/5899\/revisions"}],"predecessor-version":[{"id":5900,"href":"https:\/\/colligatum.com\/en\/wp-json\/wp\/v2\/product\/5899\/revisions\/5900"}],"wp:featuredmedia":[{"embeddable":true,"href":"https:\/\/colligatum.com\/en\/wp-json\/wp\/v2\/media\/5721"}],"wp:attachment":[{"href":"https:\/\/colligatum.com\/en\/wp-json\/wp\/v2\/media?parent=5899"}],"wp:term":[{"taxonomy":"product_brand","embeddable":true,"href":"https:\/\/colligatum.com\/en\/wp-json\/wp\/v2\/product_brand?post=5899"},{"taxonomy":"product_cat","embeddable":true,"href":"https:\/\/colligatum.com\/en\/wp-json\/wp\/v2\/product_cat?post=5899"},{"taxonomy":"product_tag","embeddable":true,"href":"https:\/\/colligatum.com\/en\/wp-json\/wp\/v2\/product_tag?post=5899"}],"curies":[{"name":"wp","href":"https:\/\/api.w.org\/{rel}","templated":true}]}}